{"id":157652,"date":"2025-12-18T23:37:16","date_gmt":"2025-12-18T20:37:16","guid":{"rendered":"https:\/\/baldumarket.lt\/product\/szafka-kuchenna-gorna-1-drzwiowa-narozna-g60n-p-l-linea-grey-szary-mat\/"},"modified":"2026-02-18T11:33:31","modified_gmt":"2026-02-18T08:33:31","slug":"szafka-kuchenna-gorna-1-drzwiowa-narozna-g60n-p-l-linea-grey-szary-mat","status":"publish","type":"product","link":"https:\/\/baldumarket.lt\/lt\/product\/szafka-kuchenna-gorna-1-drzwiowa-narozna-g60n-p-l-linea-grey-szary-mat\/","title":{"rendered":"Vir\u0161utin\u0117 kampin\u0117 virtuv\u0117s spintel\u0117, 1 dur\u0173, G60N, pilka, matin\u0117, \u201eLinea\u201c"},"content":{"rendered":"<p>Pristatome stiling\u0105 ir funkcionali\u0105 vien\u0173 dureli\u0173 vir\u0161utin\u0119 virtuv\u0117s spintel\u0119, idealiai tinkan\u010di\u0105 naudoti kaip kampin\u0119 spintel\u0119, suteikian\u010di\u0105 j\u016bs\u0173 virtuvei modernumo. Puikus pilkos ir baltos spalv\u0173 derinys suteikia jai elegancijos ir universalumo, tod\u0117l ji skland\u017eiai dera prie \u012fvairi\u0173 interjero dizain\u0173. Matin\u0117 spintel\u0117s korpuso apdaila padidina estetin\u012f patrauklum\u0105 ir leid\u017eia j\u0105 lengvai valyti. Blizgus pilkas priekinis pavir\u0161ius traukia ak\u012f ir suteikia virtuvei moderni\u0105, ta\u010diau jauki\u0105 atmosfer\u0105. Pagaminta i\u0161 auk\u0161tos kokyb\u0117s MDF plok\u0161t\u0117s, ji u\u017etikrina patvarum\u0105 ir tvirtum\u0105, i\u0161laikant lengvumo poj\u016bt\u012f. Ji skland\u017eiai dera su \u0161viesiomis ir tamsiomis virtuv\u0117s spintel\u0117mis, suteikdama bet kokiam interjerui harmonijos ir klas\u0117s poj\u016bt\u012f. Neapsigaukite d\u0117l paprasto dizaino; jos vidus pasi\u017eymi daugybe praktini\u0173 savybi\u0173. Savaime u\u017esidarantys vyriai u\u017etikrina kasdien\u012f funkcionalum\u0105, ne tik supaprastindami atidarym\u0105 ir u\u017edarym\u0105, bet ir suma\u017eindami triuk\u0161m\u0105. Tai puikus pasirinkimas tiems, kurie vertina komfort\u0105 ir ergonominius sprendimus. \u0160i spintel\u0117 derina estetik\u0105 ir prakti\u0161kum\u0105, tapdama nepakei\u010diamu bet kurios virtuv\u0117s elementu.<\/p>","protected":false},"excerpt":{"rendered":"<p>Plotis (cm): 60<br \/>\n\u016agis (cm): 72<br \/>\nGylis (cm): 60<\/p>","protected":false},"featured_media":157653,"comment_status":"open","ping_status":"open","template":"","meta":[],"product_brand":[],"product_cat":[9446,4106],"product_tag":[],"class_list":{"0":"post-157652","1":"product","2":"type-product","3":"status-publish","4":"has-post-thumbnail","6":"product_cat-kitchen-system-linea-white","7":"product_cat-gala-meble","9":"first","10":"instock","11":"purchasable","12":"product-type-simple"},"_links":{"self":[{"href":"https:\/\/baldumarket.lt\/lt\/wp-json\/wp\/v2\/product\/157652","targetHints":{"allow":["GET"]}}],"collection":[{"href":"https:\/\/baldumarket.lt\/lt\/wp-json\/wp\/v2\/product"}],"about":[{"href":"https:\/\/baldumarket.lt\/lt\/wp-json\/wp\/v2\/types\/product"}],"replies":[{"embeddable":true,"href":"https:\/\/baldumarket.lt\/lt\/wp-json\/wp\/v2\/comments?post=157652"}],"wp:featuredmedia":[{"embeddable":true,"href":"https:\/\/baldumarket.lt\/lt\/wp-json\/wp\/v2\/media\/157653"}],"wp:attachment":[{"href":"https:\/\/baldumarket.lt\/lt\/wp-json\/wp\/v2\/media?parent=157652"}],"wp:term":[{"taxonomy":"product_brand","embeddable":true,"href":"https:\/\/baldumarket.lt\/lt\/wp-json\/wp\/v2\/product_brand?post=157652"},{"taxonomy":"product_cat","embeddable":true,"href":"https:\/\/baldumarket.lt\/lt\/wp-json\/wp\/v2\/product_cat?post=157652"},{"taxonomy":"product_tag","embeddable":true,"href":"https:\/\/baldumarket.lt\/lt\/wp-json\/wp\/v2\/product_tag?post=157652"}],"curies":[{"name":"wp","href":"https:\/\/api.w.org\/{rel}","templated":true}]}}