{"id":157646,"date":"2025-12-18T23:37:04","date_gmt":"2025-12-18T20:37:04","guid":{"rendered":"https:\/\/baldumarket.lt\/product\/szafka-kuchenna-gorna-1-drzwiowa-narozna-g60n-prowansja-sosna-andersen-bialy-mat\/"},"modified":"2026-02-06T14:45:58","modified_gmt":"2026-02-06T11:45:58","slug":"szafka-kuchenna-gorna-1-drzwiowa-narozna-g60n-prowansja-sosna-andersen-bialy-mat","status":"publish","type":"product","link":"https:\/\/baldumarket.lt\/lt\/product\/szafka-kuchenna-gorna-1-drzwiowa-narozna-g60n-prowansja-sosna-andersen-bialy-mat\/","title":{"rendered":"Vir\u0161utin\u0117 kampin\u0117 virtuv\u0117s spintel\u0117, 1 durys, G60N, provanso pu\u0161is, Andersen balta matin\u0117"},"content":{"rendered":"<p>\u012ene\u0161kite Provanso virtuv\u0117s atmosfer\u0105 \u012f savo namus su \u0161ia eleganti\u0161ka vir\u0161utine virtuv\u0117s spintele, sukurta garsaus prek\u0117s \u017eenklo \u201eGa\u0142a Meble\u201c. Kampin\u0117 spintel\u0117 G60N yra puikus pasirinkimas tiems, kurie vertina subtil\u0173 stili\u0173 ir funkcionalius sprendimus. Jos dizainas i\u0161 Andersen pu\u0161ies ir matin\u0117s baltos spalv\u0173 lengvai integruojasi tiek \u012f modern\u0173, tiek \u012f tradici\u0161kesn\u012f interjer\u0105, suteikdamas \u017eavesio ir elegancijos. Sukurta atsi\u017evelgiant \u012f prakti\u0161kum\u0105, \u0161i spintel\u0117 yra ne tik esteti\u0161kai patraukli, bet ir itin funkcionali, leid\u017eianti optimaliai i\u0161naudoti virtuv\u0117s erdv\u0119. Kampinis dizainas yra investicija \u012f geresn\u012f erdv\u0117s valdym\u0105, idealiai tinka tiems, kurie nori maksimaliai i\u0161naudoti daikt\u0173 saugojimo galimybes virtuv\u0117se su ribota erdve. D\u0117l savaime u\u017esidaran\u010di\u0173 vyri\u0173 durel\u0117s u\u017esidaro skland\u017eiai ir tyliai, u\u017etikrindamos kasdien\u012f komfort\u0105. Matin\u0117s baltos spalvos korpuso ir Andersen pu\u0161ies fasado derinys suteikia spintelei rafinuot\u0105 charakter\u012f, kuris patiks tiek minimalizmo, tiek jaukios atmosferos m\u0117g\u0117jams. Klasikin\u0117s juodos spalvos metano rankena yra subtilus akcentas, pabr\u0117\u017eiantis \u0161io dizaino paprastum\u0105 ir i\u0161rai\u0161kingum\u0105, suteikiantis visam baldui modernumo.<\/p>","protected":false},"excerpt":{"rendered":"<p>Plotis (cm): 60<br \/>\n\u016agis (cm): 72<br \/>\nGylis (cm): 60<\/p>","protected":false},"featured_media":157647,"comment_status":"open","ping_status":"open","template":"","meta":[],"product_brand":[],"product_cat":[9444,4106,9118],"product_tag":[],"class_list":{"0":"post-157646","1":"product","2":"type-product","3":"status-publish","4":"has-post-thumbnail","6":"product_cat-kitchen-system-prowansja-sosna-andersen","7":"product_cat-gala-meble","8":"product_cat-kitchen-cabinets","10":"first","11":"instock","12":"purchasable","13":"product-type-simple"},"_links":{"self":[{"href":"https:\/\/baldumarket.lt\/lt\/wp-json\/wp\/v2\/product\/157646","targetHints":{"allow":["GET"]}}],"collection":[{"href":"https:\/\/baldumarket.lt\/lt\/wp-json\/wp\/v2\/product"}],"about":[{"href":"https:\/\/baldumarket.lt\/lt\/wp-json\/wp\/v2\/types\/product"}],"replies":[{"embeddable":true,"href":"https:\/\/baldumarket.lt\/lt\/wp-json\/wp\/v2\/comments?post=157646"}],"wp:featuredmedia":[{"embeddable":true,"href":"https:\/\/baldumarket.lt\/lt\/wp-json\/wp\/v2\/media\/157647"}],"wp:attachment":[{"href":"https:\/\/baldumarket.lt\/lt\/wp-json\/wp\/v2\/media?parent=157646"}],"wp:term":[{"taxonomy":"product_brand","embeddable":true,"href":"https:\/\/baldumarket.lt\/lt\/wp-json\/wp\/v2\/product_brand?post=157646"},{"taxonomy":"product_cat","embeddable":true,"href":"https:\/\/baldumarket.lt\/lt\/wp-json\/wp\/v2\/product_cat?post=157646"},{"taxonomy":"product_tag","embeddable":true,"href":"https:\/\/baldumarket.lt\/lt\/wp-json\/wp\/v2\/product_tag?post=157646"}],"curies":[{"name":"wp","href":"https:\/\/api.w.org\/{rel}","templated":true}]}}