{"id":157641,"date":"2025-12-18T23:36:54","date_gmt":"2025-12-18T20:36:54","guid":{"rendered":"https:\/\/baldumarket.lt\/product\/szafka-kuchenna-gorna-1-drzwiowa-narozna-g60n-sycylia-andersen\/"},"modified":"2026-02-06T12:47:12","modified_gmt":"2026-02-06T09:47:12","slug":"szafka-kuchenna-gorna-1-drzwiowa-narozna-g60n-sycylia-andersen","status":"publish","type":"product","link":"https:\/\/baldumarket.lt\/lt\/product\/szafka-kuchenna-gorna-1-drzwiowa-narozna-g60n-sycylia-andersen\/","title":{"rendered":"Vir\u0161utin\u0117 1 dur\u0173 kampin\u0117 virtuv\u0117s spintel\u0117 G60N Sicily Andersen"},"content":{"rendered":"<p>Atraskite unikal\u0173 virtuv\u0117s sprendim\u0105 su G60N vir\u0161utine kampine virtuv\u0117s spintele i\u0161 \u201eAndersen Sycylia\u201c kolekcijos, kuri\u0105 suk\u016br\u0117 \u201eGa\u0142a Meble\u201c. \u0160i kruop\u0161\u010diai sukurta spintel\u0117 \u012fkv\u0117ps jus sukurti erdv\u0119, kurioje dera elegancija ir funkcionalumas. Unikali i\u0161vaizda \u012fne\u0161a gaivos \u012f bet kok\u012f interjer\u0105, sukurdama harmoning\u0105 kontrast\u0105 tarp modernaus ir klasikinio stili\u0173. Nepriekai\u0161tinga \u201eAndersen Pine\u201c fasado spalva kartu su matin\u0117s baltos spalvos korpusu sukuria unikal\u0173 derin\u012f, kuris virtuvei suteikia lengvumo ir erdv\u0117s poj\u016bt\u012f. Subtilus, ta\u010diau ak\u012f traukiantis dizainas leid\u017eia \u0161iai spintelei puikiai dera prie \u012fvairi\u0173 interjer\u0173 \u2013 nuo skandinavi\u0161ko minimalizmo iki kaimi\u0161ko stiliaus. Ji pad\u0117s jums sukurti virtuv\u0119, kuri b\u016bt\u0173 ne tik maisto ruo\u0161imo vieta, bet ir nam\u0173 \u0161irdis. \u0160ios spintel\u0117s funkcionalumo negalima pervertinti. Apgalvoti sprendimai leid\u017eia efektyviai i\u0161naudoti kampin\u0119 erdv\u0119, \u017eymiai padidinant b\u016btiniausi\u0173 virtuv\u0117s reikmen\u0173 laikymo talp\u0105. \u0160i spintel\u0117 tampa ne\u012fkainojama pagalbininku kasdien ruo\u0161iant maist\u0105. Tuo pa\u010diu metu, d\u0117ka savaranki\u0161ko surinkimo, galite j\u0105 pritaikyti savo poreikiams, m\u0117gaudamiesi maloniu k\u016brimo procesu.<\/p>","protected":false},"excerpt":{"rendered":"<p>Plotis (cm): 60<br \/>\n\u016agis (cm): 72<br \/>\nGylis (cm): 60<\/p>","protected":false},"featured_media":157642,"comment_status":"open","ping_status":"open","template":"","meta":[],"product_brand":[],"product_cat":[9440,9441,4106,9118],"product_tag":[],"class_list":{"0":"post-157641","1":"product","2":"type-product","3":"status-publish","4":"has-post-thumbnail","6":"product_cat-kitchen-system-sycylia-sosna-andersen","7":"product_cat-white","8":"product_cat-gala-meble","9":"product_cat-kitchen-cabinets","11":"first","12":"instock","13":"purchasable","14":"product-type-simple"},"_links":{"self":[{"href":"https:\/\/baldumarket.lt\/lt\/wp-json\/wp\/v2\/product\/157641","targetHints":{"allow":["GET"]}}],"collection":[{"href":"https:\/\/baldumarket.lt\/lt\/wp-json\/wp\/v2\/product"}],"about":[{"href":"https:\/\/baldumarket.lt\/lt\/wp-json\/wp\/v2\/types\/product"}],"replies":[{"embeddable":true,"href":"https:\/\/baldumarket.lt\/lt\/wp-json\/wp\/v2\/comments?post=157641"}],"wp:featuredmedia":[{"embeddable":true,"href":"https:\/\/baldumarket.lt\/lt\/wp-json\/wp\/v2\/media\/157642"}],"wp:attachment":[{"href":"https:\/\/baldumarket.lt\/lt\/wp-json\/wp\/v2\/media?parent=157641"}],"wp:term":[{"taxonomy":"product_brand","embeddable":true,"href":"https:\/\/baldumarket.lt\/lt\/wp-json\/wp\/v2\/product_brand?post=157641"},{"taxonomy":"product_cat","embeddable":true,"href":"https:\/\/baldumarket.lt\/lt\/wp-json\/wp\/v2\/product_cat?post=157641"},{"taxonomy":"product_tag","embeddable":true,"href":"https:\/\/baldumarket.lt\/lt\/wp-json\/wp\/v2\/product_tag?post=157641"}],"curies":[{"name":"wp","href":"https:\/\/api.w.org\/{rel}","templated":true}]}}