{"id":157636,"date":"2025-12-18T23:36:44","date_gmt":"2025-12-18T20:36:44","guid":{"rendered":"https:\/\/baldumarket.lt\/product\/szafka-kuchenna-gorna-1-drzwiowa-narozna-g60n-sycylia-orzech\/"},"modified":"2026-02-06T14:32:53","modified_gmt":"2026-02-06T11:32:53","slug":"szafka-kuchenna-gorna-1-drzwiowa-narozna-g60n-sycylia-orzech","status":"publish","type":"product","link":"https:\/\/baldumarket.lt\/lt\/product\/szafka-kuchenna-gorna-1-drzwiowa-narozna-g60n-sycylia-orzech\/","title":{"rendered":"Vir\u0161utin\u0117 kampin\u0117 virtuv\u0117s spintel\u0117, 1 durys, G60N, Sicily Walnut"},"content":{"rendered":"<p>Vir\u0161utin\u0117 kampin\u0117 virtuv\u0117s spintel\u0117 \u201eG60N Sicily Walnut\u201c yra unikalus bet kurios virtuv\u0117s \u012frangos elementas, ne tik gra\u017eiai papildantis interjer\u0105, bet ir maksimaliai i\u0161naudojantis erdv\u0119 kambaryje. Eleganti\u0161kas \u201eMilano Walnut\u201c dizainas suteikia virtuvei \u0161ilt\u0105 ir klasikin\u012f charakter\u012f, tod\u0117l tinka tiek moderniam, tiek tradiciniam interjerui. D\u0117l savo funkcionalumo kampin\u0117 spintel\u0117 \u201eG60N\u201c yra puikus sprendimas tiems, kurie ie\u0161ko papildomos vietos daiktams laikyti. Ji padeda sutvarkyti virtuv\u0119, o prieskoni\u0173 ir virtuv\u0117s reikmen\u0173 prieiga yra ne\u012ftik\u0117tinai lengva. Ji prakti\u0161kai i\u0161naudoja turim\u0105 kampin\u0119 erdv\u0119, leisdama pilnai i\u0161naudoti virtuv\u0117s erdv\u0119. Stilingos sidabrin\u0117s plastikin\u0117s ranken\u0117l\u0117s suteikia elegancijos, o moderni apdaila harmoningai dera su sodriu oran\u017einiu atspalviu. Patvarios med\u017eiagos, tokios kaip MDF ir laminuota plok\u0161t\u0117, u\u017etikrina ilgalaik\u012f patvarum\u0105, tod\u0117l \u0161i spintel\u0117 yra investicija, kuri atlaikys laiko i\u0161bandym\u0105.<\/p>","protected":false},"excerpt":{"rendered":"<p>Plotis (cm): 60<br \/>\n\u016agis (cm): 72<br \/>\nGylis (cm): 60<\/p>","protected":false},"featured_media":157637,"comment_status":"open","ping_status":"open","template":"","meta":[],"product_brand":[],"product_cat":[9450,4106,9118],"product_tag":[],"class_list":{"0":"post-157636","1":"product","2":"type-product","3":"status-publish","4":"has-post-thumbnail","6":"product_cat-kitchen-system-sycylia-orzech-milano","7":"product_cat-gala-meble","8":"product_cat-kitchen-cabinets","10":"first","11":"instock","12":"purchasable","13":"product-type-simple"},"_links":{"self":[{"href":"https:\/\/baldumarket.lt\/lt\/wp-json\/wp\/v2\/product\/157636","targetHints":{"allow":["GET"]}}],"collection":[{"href":"https:\/\/baldumarket.lt\/lt\/wp-json\/wp\/v2\/product"}],"about":[{"href":"https:\/\/baldumarket.lt\/lt\/wp-json\/wp\/v2\/types\/product"}],"replies":[{"embeddable":true,"href":"https:\/\/baldumarket.lt\/lt\/wp-json\/wp\/v2\/comments?post=157636"}],"wp:featuredmedia":[{"embeddable":true,"href":"https:\/\/baldumarket.lt\/lt\/wp-json\/wp\/v2\/media\/157637"}],"wp:attachment":[{"href":"https:\/\/baldumarket.lt\/lt\/wp-json\/wp\/v2\/media?parent=157636"}],"wp:term":[{"taxonomy":"product_brand","embeddable":true,"href":"https:\/\/baldumarket.lt\/lt\/wp-json\/wp\/v2\/product_brand?post=157636"},{"taxonomy":"product_cat","embeddable":true,"href":"https:\/\/baldumarket.lt\/lt\/wp-json\/wp\/v2\/product_cat?post=157636"},{"taxonomy":"product_tag","embeddable":true,"href":"https:\/\/baldumarket.lt\/lt\/wp-json\/wp\/v2\/product_tag?post=157636"}],"curies":[{"name":"wp","href":"https:\/\/api.w.org\/{rel}","templated":true}]}}