{"id":157631,"date":"2025-12-18T23:36:34","date_gmt":"2025-12-18T20:36:34","guid":{"rendered":"https:\/\/baldumarket.lt\/product\/szafka-kuchenna-gorna-1-drzwiowa-prawa-g30-p-aspen-grey-szary-polysk\/"},"modified":"2026-02-06T19:54:48","modified_gmt":"2026-02-06T16:54:48","slug":"szafka-kuchenna-gorna-1-drzwiowa-prawa-g30-p-aspen-grey-szary-polysk","status":"publish","type":"product","link":"https:\/\/baldumarket.lt\/lt\/product\/szafka-kuchenna-gorna-1-drzwiowa-prawa-g30-p-aspen-grey-szary-polysk\/","title":{"rendered":"Vir\u0161utin\u0117 virtuv\u0117s spintel\u0117, 1 dur\u0173, de\u0161inin\u0117, G30-P, drebul\u0117s pilka, blizgi, 1 vnt"},"content":{"rendered":"<p>Atraskite elegancij\u0105 ir modern\u0173 stili\u0173, kur\u012f j\u016bs\u0173 virtuvei suteiks \u201eAspen Grey\u201c vir\u0161utin\u0117 spintel\u0117. Jos pilkai blizgi apdaila sukuria subtil\u0173 blizges\u012f, kuris puikiai papildys bet kok\u012f interjero dizain\u0105. \u0160is baldas ne tik pagerins j\u016bs\u0173 virtuv\u0117s estetik\u0105, bet ir taps unikaliu, ak\u012f traukian\u010diu akcentu. Spintel\u0117 buvo sukurta atsi\u017evelgiant \u012f funkcionalum\u0105 ir kasdien\u012f patogum\u0105. D\u0117l kompakti\u0161k\u0173 matmen\u0173 ji lengvai randa savo viet\u0105 net ir ma\u017eesn\u0117se erdv\u0117se. D\u0117l apgalvoto dizaino ji suteikia daug vietos kasdieniams virtuv\u0117s reikmenims esteti\u0161kai ir tvarkingai laikyti. \u201eGa\u0142a Meble\u201c u\u017etikrino, kad kiekviena \u0161ios spintel\u0117s detal\u0117 b\u016bt\u0173 kruop\u0161\u010diai sukurta. Pilkai blizgios MDF plok\u0161t\u0117s fasadai dera su matin\u0117s baltos spalvos korpusu, sukurdami darni\u0105 ir rafinuot\u0105 kompozicij\u0105. Papildomas privalumas \u2013 savaime u\u017esidarantys vyriai, u\u017etikrinantys skland\u0173 ir tyl\u0173 dureli\u0173 u\u017edarym\u0105, taip prisidedant prie komforto ir ilgaam\u017ei\u0161kumo.<\/p>","protected":false},"excerpt":{"rendered":"<p>Plotis (cm): 30<br \/>\n\u016agis (cm): 72<br \/>\nGylis (cm): 32<\/p>","protected":false},"featured_media":157632,"comment_status":"open","ping_status":"open","template":"","meta":[],"product_brand":[],"product_cat":[9451,4106,9118],"product_tag":[],"class_list":{"0":"post-157631","1":"product","2":"type-product","3":"status-publish","4":"has-post-thumbnail","6":"product_cat-kitchen-system-aspen-grey","7":"product_cat-gala-meble","8":"product_cat-kitchen-cabinets","10":"first","11":"instock","12":"purchasable","13":"product-type-simple"},"_links":{"self":[{"href":"https:\/\/baldumarket.lt\/lt\/wp-json\/wp\/v2\/product\/157631","targetHints":{"allow":["GET"]}}],"collection":[{"href":"https:\/\/baldumarket.lt\/lt\/wp-json\/wp\/v2\/product"}],"about":[{"href":"https:\/\/baldumarket.lt\/lt\/wp-json\/wp\/v2\/types\/product"}],"replies":[{"embeddable":true,"href":"https:\/\/baldumarket.lt\/lt\/wp-json\/wp\/v2\/comments?post=157631"}],"wp:featuredmedia":[{"embeddable":true,"href":"https:\/\/baldumarket.lt\/lt\/wp-json\/wp\/v2\/media\/157632"}],"wp:attachment":[{"href":"https:\/\/baldumarket.lt\/lt\/wp-json\/wp\/v2\/media?parent=157631"}],"wp:term":[{"taxonomy":"product_brand","embeddable":true,"href":"https:\/\/baldumarket.lt\/lt\/wp-json\/wp\/v2\/product_brand?post=157631"},{"taxonomy":"product_cat","embeddable":true,"href":"https:\/\/baldumarket.lt\/lt\/wp-json\/wp\/v2\/product_cat?post=157631"},{"taxonomy":"product_tag","embeddable":true,"href":"https:\/\/baldumarket.lt\/lt\/wp-json\/wp\/v2\/product_tag?post=157631"}],"curies":[{"name":"wp","href":"https:\/\/api.w.org\/{rel}","templated":true}]}}