{"id":157627,"date":"2025-12-18T23:36:26","date_gmt":"2025-12-18T20:36:26","guid":{"rendered":"https:\/\/baldumarket.lt\/product\/szafka-kuchenna-gorna-1-drzwiowa-prawa-g30-p-aspen-white-bialy-polysk\/"},"modified":"2026-02-06T13:20:29","modified_gmt":"2026-02-06T10:20:29","slug":"szafka-kuchenna-gorna-1-drzwiowa-prawa-g30-p-aspen-white-bialy-polysk","status":"publish","type":"product","link":"https:\/\/baldumarket.lt\/lt\/product\/szafka-kuchenna-gorna-1-drzwiowa-prawa-g30-p-aspen-white-bialy-polysk\/","title":{"rendered":"Vir\u0161utin\u0117 virtuv\u0117s spintel\u0117, vienv\u0117r\u0117, de\u0161inin\u0117, G30-P, drebul\u0117s balta, blizgi balta"},"content":{"rendered":"<p>Pakelkite savo virtuv\u0119 \u012f auk\u0161tesn\u012f elegancijos lyg\u012f su vir\u0161utine de\u0161ini\u0105ja virtuv\u0117s spintele G30-P i\u0161 \u201eAspen\u201c serijos, kuri\u0105 gamina garsus prek\u0117s \u017eenklas \u201eGa\u0142a Meble\u201c. Pagaminta i\u0161 auk\u0161\u010diausios kokyb\u0117s MDF su blizgiais baltais fasadais, \u0161i spintel\u0117 yra ne tik prakti\u0161kas sprendimas j\u016bs\u0173 virtuvei, bet ir tikras akcentas. Balta spalva simbolizuoja grynum\u0105 ir modernum\u0105 \u2013 ji puikiai der\u0117s tiek prie modernaus, tiek prie klasikinio interjero.<\/p>\n<p>G30-P spintel\u0117 pasi\u017eymi ne tik elegancija, bet ir funkcionalumu, kurio jums reikia j\u016bs\u0173 virtuv\u0117s erdv\u0117je. D\u0117l kompakti\u0161ko 30 cm plo\u010dio ji idealiai tinka net ma\u017eesn\u0117ms erdv\u0117ms, maksimaliai i\u0161naudojant turim\u0105 erdv\u0119. Savaime u\u017esidarantys vyriai u\u017etikrina skland\u0173 ir \u0161veln\u0173 u\u017edarym\u0105, kuris yra b\u016btinas kasdieniam naudojimui.<\/p>\n<p>Minimalistinis dizainas kartu su balta korpuso spalva su matiniu pavir\u0161iumi pabr\u0117\u017eia \u0161io gaminio universalum\u0105 ir elegancij\u0105. Spintel\u0117 skland\u017eiai dera prie \u012fvairi\u0173 interjero stili\u0173, suteikdama lengvumo ir gaivumo. Subtili forma, pary\u0161kinta blizgan\u010diu priekiu, traukia ak\u012f ir sukuria erdv\u0117s poj\u016bt\u012f.<\/p>\n<p>\u0160i spintel\u0117, kuri\u0105 galima surinkti savaranki\u0161kai, yra idealus sprendimas tiems, kurie vertina nepriklausomyb\u0119 ir lankstum\u0105 interjero dizaine. Lengvas svoris supaprastina surinkim\u0105, o tvirta konstrukcija u\u017etikrina ilgaam\u017ei\u0161kum\u0105. Pasirinkdami \u201eG30-P Aspen\u201c virtuv\u0117s spintel\u0119, investuojate ne tik \u012f prakti\u0161k\u0105 bald\u0105, bet ir \u012f stili\u0173, kuris kasdien d\u017eiugins ak\u012f.<\/p>","protected":false},"excerpt":{"rendered":"<p>Plotis (cm): 30<br \/>\n\u016agis (cm): 72<br \/>\nGylis (cm): 32<\/p>","protected":false},"featured_media":157628,"comment_status":"open","ping_status":"open","template":"","meta":[],"product_brand":[],"product_cat":[9445,4106,9118],"product_tag":[],"class_list":{"0":"post-157627","1":"product","2":"type-product","3":"status-publish","4":"has-post-thumbnail","6":"product_cat-kitchen-system-aspen-white","7":"product_cat-gala-meble","8":"product_cat-kitchen-cabinets","10":"first","11":"instock","12":"purchasable","13":"product-type-simple"},"_links":{"self":[{"href":"https:\/\/baldumarket.lt\/lt\/wp-json\/wp\/v2\/product\/157627","targetHints":{"allow":["GET"]}}],"collection":[{"href":"https:\/\/baldumarket.lt\/lt\/wp-json\/wp\/v2\/product"}],"about":[{"href":"https:\/\/baldumarket.lt\/lt\/wp-json\/wp\/v2\/types\/product"}],"replies":[{"embeddable":true,"href":"https:\/\/baldumarket.lt\/lt\/wp-json\/wp\/v2\/comments?post=157627"}],"wp:featuredmedia":[{"embeddable":true,"href":"https:\/\/baldumarket.lt\/lt\/wp-json\/wp\/v2\/media\/157628"}],"wp:attachment":[{"href":"https:\/\/baldumarket.lt\/lt\/wp-json\/wp\/v2\/media?parent=157627"}],"wp:term":[{"taxonomy":"product_brand","embeddable":true,"href":"https:\/\/baldumarket.lt\/lt\/wp-json\/wp\/v2\/product_brand?post=157627"},{"taxonomy":"product_cat","embeddable":true,"href":"https:\/\/baldumarket.lt\/lt\/wp-json\/wp\/v2\/product_cat?post=157627"},{"taxonomy":"product_tag","embeddable":true,"href":"https:\/\/baldumarket.lt\/lt\/wp-json\/wp\/v2\/product_tag?post=157627"}],"curies":[{"name":"wp","href":"https:\/\/api.w.org\/{rel}","templated":true}]}}