{"id":157621,"date":"2025-12-18T23:36:14","date_gmt":"2025-12-18T20:36:14","guid":{"rendered":"https:\/\/baldumarket.lt\/product\/szafka-kuchenna-gorna-1-drzwiowa-prawa-g30-p-prowansja-sosna-andersen-bialy-mat\/"},"modified":"2026-02-06T13:08:53","modified_gmt":"2026-02-06T10:08:53","slug":"szafka-kuchenna-gorna-1-drzwiowa-prawa-g30-p-prowansja-sosna-andersen-bialy-mat","status":"publish","type":"product","link":"https:\/\/baldumarket.lt\/lt\/product\/szafka-kuchenna-gorna-1-drzwiowa-prawa-g30-p-prowansja-sosna-andersen-bialy-mat\/","title":{"rendered":"Vir\u0161utin\u0117 virtuv\u0117s spintel\u0117, 1 dur\u0173, de\u0161inin\u0117, G30-P, provanso pu\u0161is, Anderseno balta matin\u0117"},"content":{"rendered":"<p>Suteikite savo virtuvei Provanso \u017eavesio su de\u0161ini\u0105ja vir\u0161utine virtuv\u0117s spintele i\u0161 garsaus prek\u0117s \u017eenklo \u201eGa\u0142a Meble\u201c. \u0160i \u017eavinga \u201eAndersen Pine\u201c spintel\u0117 harmoningai papildo matin\u0117s baltos spalvos korpus\u0105, sukurdama elegancijos ir subtili\u0173 detali\u0173 kupin\u0105 erdv\u0119, kuri sustiprina bet kurios modernios virtuv\u0117s charakter\u012f. Provanso stilius derina gamtos \u0161ilum\u0105 su minimalistine estetika, tod\u0117l \u0161i spintel\u0117 yra idealus pasirinkimas tiems, kurie vertina komfort\u0105 ir gro\u017e\u012f. MDF plok\u0161t\u0117s panaudojimas priekin\u0117je dalyje ir laminuotos plok\u0161t\u0117s korpuse garantuoja ne tik patvarum\u0105, bet ir lengv\u0105 valym\u0105 \u2013 tai labai svarbu kasdieniame virtuv\u0117s naudojime. Antracito spalvos metalin\u0117 rankena puikiai kontrastuoja su \u0161viesia spintel\u0117s spalv\u0173 gama, suteikdama modernumo. Savaime u\u017esidarantys vyriai u\u017etikrina \u0161veln\u0173 u\u017edarym\u0105, padidindami komfort\u0105. G30-P spintel\u0117 yra ne tik estetinis malonumas, bet ir funkcionalus baldas, kuris lengvai susidoros su kasdienio gyvenimo i\u0161\u0161\u016bkiais.<\/p>","protected":false},"excerpt":{"rendered":"<p>Plotis (cm): 30<br \/>\n\u016agis (cm): 72<br \/>\nGylis (cm): 32<\/p>","protected":false},"featured_media":157622,"comment_status":"open","ping_status":"open","template":"","meta":[],"product_brand":[],"product_cat":[9444,9441,4106,9118],"product_tag":[],"class_list":{"0":"post-157621","1":"product","2":"type-product","3":"status-publish","4":"has-post-thumbnail","6":"product_cat-kitchen-system-prowansja-sosna-andersen","7":"product_cat-white","8":"product_cat-gala-meble","9":"product_cat-kitchen-cabinets","11":"first","12":"instock","13":"purchasable","14":"product-type-simple"},"_links":{"self":[{"href":"https:\/\/baldumarket.lt\/lt\/wp-json\/wp\/v2\/product\/157621","targetHints":{"allow":["GET"]}}],"collection":[{"href":"https:\/\/baldumarket.lt\/lt\/wp-json\/wp\/v2\/product"}],"about":[{"href":"https:\/\/baldumarket.lt\/lt\/wp-json\/wp\/v2\/types\/product"}],"replies":[{"embeddable":true,"href":"https:\/\/baldumarket.lt\/lt\/wp-json\/wp\/v2\/comments?post=157621"}],"wp:featuredmedia":[{"embeddable":true,"href":"https:\/\/baldumarket.lt\/lt\/wp-json\/wp\/v2\/media\/157622"}],"wp:attachment":[{"href":"https:\/\/baldumarket.lt\/lt\/wp-json\/wp\/v2\/media?parent=157621"}],"wp:term":[{"taxonomy":"product_brand","embeddable":true,"href":"https:\/\/baldumarket.lt\/lt\/wp-json\/wp\/v2\/product_brand?post=157621"},{"taxonomy":"product_cat","embeddable":true,"href":"https:\/\/baldumarket.lt\/lt\/wp-json\/wp\/v2\/product_cat?post=157621"},{"taxonomy":"product_tag","embeddable":true,"href":"https:\/\/baldumarket.lt\/lt\/wp-json\/wp\/v2\/product_tag?post=157621"}],"curies":[{"name":"wp","href":"https:\/\/api.w.org\/{rel}","templated":true}]}}