{"id":157616,"date":"2025-12-18T23:36:04","date_gmt":"2025-12-18T20:36:04","guid":{"rendered":"https:\/\/baldumarket.lt\/product\/szafka-kuchenna-gorna-1-drzwiowa-prawa-g30-p-sycylia-andersen\/"},"modified":"2026-02-06T12:47:12","modified_gmt":"2026-02-06T09:47:12","slug":"szafka-kuchenna-gorna-1-drzwiowa-prawa-g30-p-sycylia-andersen","status":"publish","type":"product","link":"https:\/\/baldumarket.lt\/lt\/product\/szafka-kuchenna-gorna-1-drzwiowa-prawa-g30-p-sycylia-andersen\/","title":{"rendered":"Vir\u0161utin\u0117 virtuv\u0117s spintel\u0117, 1 dur\u0173, de\u0161inin\u0117, G30-P, Sicily Andersen"},"content":{"rendered":"<p>Atraskite elegancij\u0105 ir funkcionalum\u0105, kur\u012f si\u016blo \u201eAndersen Sicylia\u201c kolekcijos virtuv\u0117s vir\u0161utin\u0117 spintel\u0117. \u0160i vien\u0173 dureli\u0173 spintel\u0117 akimirksniu pakeis j\u016bs\u0173 virtuv\u0119, suteikdama jai klas\u0117s ir modernaus stiliaus. \u201eAndersen\u201c pu\u0161ies apdaila, subtiliai kontrastuojanti su matin\u0117s baltos spalvos korpusu, prad\u017eiugins visus, kurie vertina universali\u0105 estetik\u0105, papildan\u010di\u0105 bet kok\u012f interjer\u0105. D\u0117l tvirtos auk\u0161tos kokyb\u0117s MDF ir laminato konstrukcijos \u0161i spintel\u0117 u\u017etikrina ilgaam\u017ei\u0161kum\u0105. Prakti\u0161kos sidabrin\u0117s plastikin\u0117s ranken\u0117l\u0117s ne tik palengvina atidarym\u0105, bet ir suteikia eleganti\u0161kumo bendrai i\u0161vaizdai. Sukurta taip, kad patenkint\u0173 net ir reikliausius poreikius, tai puikus pasirinkimas tiems, kurie teikia pirmenyb\u0119 dizaino nuoseklumui ir paprastam naudojimui. Naudokite \u0161i\u0105 spintel\u0119, kad pilnai i\u0161naudotum\u0117te erdv\u0119 savo virtuv\u0117je. Ji idealiai tinka laikyti \u012fvairius smulkius daiktus, kuriuos visada norite tur\u0117ti po ranka gamindami maist\u0105. \u0160ios spintel\u0117s funkcionalumas neapsiriboja jos talpa \u2013 j\u0105 taip pat lengva valyti, o tai yra neabejotinas privalumas bet kuriuose u\u017eimtuose nam\u0173 \u016bkiuose.<\/p>","protected":false},"excerpt":{"rendered":"<p>Plotis (cm): 30<br \/>\n\u016agis (cm): 72<br \/>\nGylis (cm): 32<\/p>","protected":false},"featured_media":157617,"comment_status":"open","ping_status":"open","template":"","meta":[],"product_brand":[],"product_cat":[9440,9441,4106,9118],"product_tag":[],"class_list":{"0":"post-157616","1":"product","2":"type-product","3":"status-publish","4":"has-post-thumbnail","6":"product_cat-kitchen-system-sycylia-sosna-andersen","7":"product_cat-white","8":"product_cat-gala-meble","9":"product_cat-kitchen-cabinets","11":"first","12":"instock","13":"purchasable","14":"product-type-simple"},"_links":{"self":[{"href":"https:\/\/baldumarket.lt\/lt\/wp-json\/wp\/v2\/product\/157616","targetHints":{"allow":["GET"]}}],"collection":[{"href":"https:\/\/baldumarket.lt\/lt\/wp-json\/wp\/v2\/product"}],"about":[{"href":"https:\/\/baldumarket.lt\/lt\/wp-json\/wp\/v2\/types\/product"}],"replies":[{"embeddable":true,"href":"https:\/\/baldumarket.lt\/lt\/wp-json\/wp\/v2\/comments?post=157616"}],"wp:featuredmedia":[{"embeddable":true,"href":"https:\/\/baldumarket.lt\/lt\/wp-json\/wp\/v2\/media\/157617"}],"wp:attachment":[{"href":"https:\/\/baldumarket.lt\/lt\/wp-json\/wp\/v2\/media?parent=157616"}],"wp:term":[{"taxonomy":"product_brand","embeddable":true,"href":"https:\/\/baldumarket.lt\/lt\/wp-json\/wp\/v2\/product_brand?post=157616"},{"taxonomy":"product_cat","embeddable":true,"href":"https:\/\/baldumarket.lt\/lt\/wp-json\/wp\/v2\/product_cat?post=157616"},{"taxonomy":"product_tag","embeddable":true,"href":"https:\/\/baldumarket.lt\/lt\/wp-json\/wp\/v2\/product_tag?post=157616"}],"curies":[{"name":"wp","href":"https:\/\/api.w.org\/{rel}","templated":true}]}}