{"id":157611,"date":"2025-12-18T23:35:54","date_gmt":"2025-12-18T20:35:54","guid":{"rendered":"https:\/\/baldumarket.lt\/product\/szafka-kuchenna-gorna-1-drzwiowa-prawa-g30-p-sycylia-orzech\/"},"modified":"2026-02-06T14:32:53","modified_gmt":"2026-02-06T11:32:53","slug":"szafka-kuchenna-gorna-1-drzwiowa-prawa-g30-p-sycylia-orzech","status":"publish","type":"product","link":"https:\/\/baldumarket.lt\/lt\/product\/szafka-kuchenna-gorna-1-drzwiowa-prawa-g30-p-sycylia-orzech\/","title":{"rendered":"Vir\u0161utin\u0117 virtuv\u0117s spintel\u0117, 1 dur\u0173, de\u0161inin\u0117, G30-P, Sicily Walnut"},"content":{"rendered":"<p>Atraskite unikal\u0173 G30-P vir\u0161utin\u0117s virtuv\u0117s spintel\u0117s i\u0161 \u201eSicily\u201c kolekcijos \u017eaves\u012f, kurioje puikiai dera modernus elegancija ir tradicinis stilius. Sodrios Milano rie\u0161uto spalv\u0173 gama, \u0161i spintel\u0117 bet kuriai virtuvei suteikia subtilaus prabangos prisilietimo. Nesenstantis dizainas suteiks \u0161ilumos ir elegancijos bet kokiam interjerui, paversdamas j\u016bs\u0173 virtuv\u0119 vieta, kurioje malonu leisti laik\u0105. U\u017e esteti\u0161kai patrauklaus fasado, pagaminto i\u0161 auk\u0161tos kokyb\u0117s MDF, slypi erdv\u0117, sukurta atsi\u017evelgiant \u012f j\u016bs\u0173 kasdienius poreikius. \u0160is sprendimas ne tik atrodo gra\u017eiai, bet ir si\u016blo prakti\u0161k\u0105 virtuv\u0117s reikmen\u0173 laikym\u0105. Galite lengvai sutalpinti visus savo b\u016btiniausius daiktus, m\u0117gaudamiesi organizuota ir funkcionalia erdve. Pasirink\u0119 \u0161i\u0105 spintel\u0119, taip pat renkat\u0117s patikimum\u0105 ir ilgaam\u017ei\u0161kum\u0105. Patvarus laminuotos plok\u0161t\u0117s korpusas garantuoja, kad gaminys tarnaus ilgus metus, i\u0161laikydamas nepakitusi\u0105 i\u0161vaizd\u0105. Lengvos ir eleganti\u0161kos sidabrin\u0117s ranken\u0117l\u0117s suteikia subtilaus blizgesio visam baldui, tuo pa\u010diu i\u0161likdamos patogios ir ergonomi\u0161kos kasdieniam naudojimui.<\/p>","protected":false},"excerpt":{"rendered":"<p>Plotis (cm): 30<br \/>\n\u016agis (cm): 72<br \/>\nGylis (cm): 32<\/p>","protected":false},"featured_media":157612,"comment_status":"open","ping_status":"open","template":"","meta":[],"product_brand":[],"product_cat":[9450,4106,9118],"product_tag":[],"class_list":{"0":"post-157611","1":"product","2":"type-product","3":"status-publish","4":"has-post-thumbnail","6":"product_cat-kitchen-system-sycylia-orzech-milano","7":"product_cat-gala-meble","8":"product_cat-kitchen-cabinets","10":"first","11":"instock","12":"purchasable","13":"product-type-simple"},"_links":{"self":[{"href":"https:\/\/baldumarket.lt\/lt\/wp-json\/wp\/v2\/product\/157611","targetHints":{"allow":["GET"]}}],"collection":[{"href":"https:\/\/baldumarket.lt\/lt\/wp-json\/wp\/v2\/product"}],"about":[{"href":"https:\/\/baldumarket.lt\/lt\/wp-json\/wp\/v2\/types\/product"}],"replies":[{"embeddable":true,"href":"https:\/\/baldumarket.lt\/lt\/wp-json\/wp\/v2\/comments?post=157611"}],"wp:featuredmedia":[{"embeddable":true,"href":"https:\/\/baldumarket.lt\/lt\/wp-json\/wp\/v2\/media\/157612"}],"wp:attachment":[{"href":"https:\/\/baldumarket.lt\/lt\/wp-json\/wp\/v2\/media?parent=157611"}],"wp:term":[{"taxonomy":"product_brand","embeddable":true,"href":"https:\/\/baldumarket.lt\/lt\/wp-json\/wp\/v2\/product_brand?post=157611"},{"taxonomy":"product_cat","embeddable":true,"href":"https:\/\/baldumarket.lt\/lt\/wp-json\/wp\/v2\/product_cat?post=157611"},{"taxonomy":"product_tag","embeddable":true,"href":"https:\/\/baldumarket.lt\/lt\/wp-json\/wp\/v2\/product_tag?post=157611"}],"curies":[{"name":"wp","href":"https:\/\/api.w.org\/{rel}","templated":true}]}}