{"id":157606,"date":"2025-12-18T23:35:44","date_gmt":"2025-12-18T20:35:44","guid":{"rendered":"https:\/\/baldumarket.lt\/product\/szafka-kuchenna-gorna-1-drzwiowa-prawa-g40-p-aspen-grey-szary-polysk\/"},"modified":"2026-02-06T19:54:48","modified_gmt":"2026-02-06T16:54:48","slug":"szafka-kuchenna-gorna-1-drzwiowa-prawa-g40-p-aspen-grey-szary-polysk","status":"publish","type":"product","link":"https:\/\/baldumarket.lt\/lt\/product\/szafka-kuchenna-gorna-1-drzwiowa-prawa-g40-p-aspen-grey-szary-polysk\/","title":{"rendered":"Vir\u0161utin\u0117 virtuv\u0117s spintel\u0117, 1 dur\u0173, de\u0161inin\u0117, G40-P, drebul\u0117s pilka, blizgi,"},"content":{"rendered":"<p>Pripildykite savo virtuv\u0119 \u0161iuolaiki\u0161ku \u017eavesiu su \u201eGa\u0142a Meble\u201c vienv\u0117re de\u0161inine vir\u0161utine virtuv\u0117s spintele \u201eG40-P Aspen Grey\u201c. \u0160is eleganti\u0161kas, minimalistinis dizainas puikiai der\u0117s prie modernaus interjero, suteikdamas gaivumo ir stiliaus. Blizg\u016bs pilki fasadai harmoningai dera su matin\u0117s baltos spalvos korpusu, sukurdami ry\u0161k\u0173 kontrast\u0105, kuris traukia ak\u012f ir suteikia erdvei i\u0161rai\u0161kingumo. Minimalistinis \u201eAspen Grey\u201c spintel\u0117s dizainas puikiai tinka tiek didel\u0117ms virtuv\u0117ms, tiek ma\u017eesn\u0117ms erdv\u0117ms, kur svarbus kiekvienas centimetras. Ji sukurs unikali\u0105 atmosfer\u0105, pabr\u0117\u0161 individual\u0173 j\u016bs\u0173 interjero charakter\u012f. Papuo\u0161kite savo virtuv\u0119 prakti\u0161kais ir esteti\u0161kais sprendimais, kurie \u012fprast\u0105 maisto gaminim\u0105 pavers malonumu. Spintel\u0117s funkcionalumas neatsiejamas nuo estetikos. Tvirtas MDF fasadas u\u017etikrina patvarum\u0105, o savaime u\u017esidarantys vyriai yra prakti\u0161kas patogumas, palengvinantis kasdien\u012f naudojim\u0105. D\u0117l to spintel\u0117 yra ne tik stilinga, bet ir prakti\u0161ka, efektyviai sutvarkanti viet\u0105 j\u016bs\u0173 kulinariniams \u012frankiams.<\/p>","protected":false},"excerpt":{"rendered":"<p>Plotis (cm): 40<br \/>\n\u016agis (cm): 72<br \/>\nGylis (cm): 32<\/p>","protected":false},"featured_media":157607,"comment_status":"open","ping_status":"open","template":"","meta":[],"product_brand":[],"product_cat":[9451,4106,9118],"product_tag":[],"class_list":{"0":"post-157606","1":"product","2":"type-product","3":"status-publish","4":"has-post-thumbnail","6":"product_cat-kitchen-system-aspen-grey","7":"product_cat-gala-meble","8":"product_cat-kitchen-cabinets","10":"first","11":"instock","12":"purchasable","13":"product-type-simple"},"_links":{"self":[{"href":"https:\/\/baldumarket.lt\/lt\/wp-json\/wp\/v2\/product\/157606","targetHints":{"allow":["GET"]}}],"collection":[{"href":"https:\/\/baldumarket.lt\/lt\/wp-json\/wp\/v2\/product"}],"about":[{"href":"https:\/\/baldumarket.lt\/lt\/wp-json\/wp\/v2\/types\/product"}],"replies":[{"embeddable":true,"href":"https:\/\/baldumarket.lt\/lt\/wp-json\/wp\/v2\/comments?post=157606"}],"wp:featuredmedia":[{"embeddable":true,"href":"https:\/\/baldumarket.lt\/lt\/wp-json\/wp\/v2\/media\/157607"}],"wp:attachment":[{"href":"https:\/\/baldumarket.lt\/lt\/wp-json\/wp\/v2\/media?parent=157606"}],"wp:term":[{"taxonomy":"product_brand","embeddable":true,"href":"https:\/\/baldumarket.lt\/lt\/wp-json\/wp\/v2\/product_brand?post=157606"},{"taxonomy":"product_cat","embeddable":true,"href":"https:\/\/baldumarket.lt\/lt\/wp-json\/wp\/v2\/product_cat?post=157606"},{"taxonomy":"product_tag","embeddable":true,"href":"https:\/\/baldumarket.lt\/lt\/wp-json\/wp\/v2\/product_tag?post=157606"}],"curies":[{"name":"wp","href":"https:\/\/api.w.org\/{rel}","templated":true}]}}