{"id":157602,"date":"2025-12-18T23:35:36","date_gmt":"2025-12-18T20:35:36","guid":{"rendered":"https:\/\/baldumarket.lt\/product\/szafka-kuchenna-gorna-1-drzwiowa-prawa-g40-p-aspen-white-bialy-polysk\/"},"modified":"2026-02-06T13:20:38","modified_gmt":"2026-02-06T10:20:38","slug":"szafka-kuchenna-gorna-1-drzwiowa-prawa-g40-p-aspen-white-bialy-polysk","status":"publish","type":"product","link":"https:\/\/baldumarket.lt\/lt\/product\/szafka-kuchenna-gorna-1-drzwiowa-prawa-g40-p-aspen-white-bialy-polysk\/","title":{"rendered":"Vir\u0161utin\u0117 virtuv\u0117s spintel\u0117, vienv\u0117r\u0117, de\u0161inin\u0117, G40-P, drebul\u0117s balta, blizgi balta"},"content":{"rendered":"<p>Suteikite savo virtuvei modernaus elegancijos su vien\u0173 dureli\u0173 vir\u0161utine virtuv\u0117s spintele i\u0161 \u201eGa\u0142a Meble\u201c \u201eAspen White\u201c serijos. \u0160i ne\u012ftik\u0117tinai stilinga spintel\u0117, pasi\u017eyminti subtiliu baltu blizgesiu, i\u0161 karto patraukia d\u0117mes\u012f ir suteikia virtuv\u0117s interjerui gaiv\u0173 spindes\u012f. Minimalistinis dizainas puikiai dera tiek prie modernaus, tiek prie klasikinio interjero, tod\u0117l tai ne\u012ftik\u0117tinai universalus pasirinkimas.<\/p>\n<p>Pagaminta i\u0161 patvari\u0173 med\u017eiag\u0173, toki\u0173 kaip MDF priekin\u0117 dalis ir laminuota korpusas, garantuoja ilgaam\u017ei\u0161kum\u0105 daugel\u012f met\u0173. Spalv\u0173 gama, kurioje derinamas blizgus baltas fasadas ir subtili matin\u0117 balta korpusas, sukuria harmoning\u0105 visum\u0105, suteikian\u010di\u0105 erdvei vizualinio lengvumo. D\u0117l \u0161i\u0173 detali\u0173 virtuv\u0117 gali tapti stilinga ir modernaus stiliaus susitikim\u0173 vieta.<\/p>\n<p>Spintel\u0117s funkcionalumas yra toks pat esteti\u0161kas, kaip ir jos estetika. Sukurta atsi\u017evelgiant \u012f kasdienius poreikius, ji suteikia erdv\u0117s viskam, ko reikia virtuv\u0117je. Pad\u0117kite j\u0105 bet kuriame lygyje, kad b\u016bt\u0173 lengva pasiekti svarbiausius virtuv\u0117s reikmenis. Special\u016bs savaime u\u017esidarantys vyriai u\u017etikrina tyl\u0173 ir skland\u0173 dureli\u0173 u\u017edarym\u0105, u\u017etikrinant patog\u0173 naudojim\u0105.<\/p>\n<p>\u0160ios \u201epasidaryk pats\u201c spintel\u0117s surinkimas yra paprastas ir intuityvus, tod\u0117l ji greitai papildys j\u016bs\u0173 moderni\u0105 virtuv\u0119. Tai puikus sprendimas tiems, kurie vertina ne tik funkcionalum\u0105, bet ir auk\u0161\u010diausios klas\u0117s estetik\u0105. Pasirinkdami \u0161i\u0105 virtuv\u0117s spintel\u0119, investuojate \u012f kokyb\u0119 ir dizain\u0105, kuris neabejotinai pateisins j\u016bs\u0173 auk\u0161\u010diausius l\u016bkes\u010dius.<\/p>","protected":false},"excerpt":{"rendered":"<p>Plotis (cm): 40<br \/>\n\u016agis (cm): 72<br \/>\nGylis (cm): 32<\/p>","protected":false},"featured_media":157603,"comment_status":"open","ping_status":"open","template":"","meta":[],"product_brand":[],"product_cat":[9445,4106,9118],"product_tag":[],"class_list":{"0":"post-157602","1":"product","2":"type-product","3":"status-publish","4":"has-post-thumbnail","6":"product_cat-kitchen-system-aspen-white","7":"product_cat-gala-meble","8":"product_cat-kitchen-cabinets","10":"first","11":"instock","12":"purchasable","13":"product-type-simple"},"_links":{"self":[{"href":"https:\/\/baldumarket.lt\/lt\/wp-json\/wp\/v2\/product\/157602","targetHints":{"allow":["GET"]}}],"collection":[{"href":"https:\/\/baldumarket.lt\/lt\/wp-json\/wp\/v2\/product"}],"about":[{"href":"https:\/\/baldumarket.lt\/lt\/wp-json\/wp\/v2\/types\/product"}],"replies":[{"embeddable":true,"href":"https:\/\/baldumarket.lt\/lt\/wp-json\/wp\/v2\/comments?post=157602"}],"wp:featuredmedia":[{"embeddable":true,"href":"https:\/\/baldumarket.lt\/lt\/wp-json\/wp\/v2\/media\/157603"}],"wp:attachment":[{"href":"https:\/\/baldumarket.lt\/lt\/wp-json\/wp\/v2\/media?parent=157602"}],"wp:term":[{"taxonomy":"product_brand","embeddable":true,"href":"https:\/\/baldumarket.lt\/lt\/wp-json\/wp\/v2\/product_brand?post=157602"},{"taxonomy":"product_cat","embeddable":true,"href":"https:\/\/baldumarket.lt\/lt\/wp-json\/wp\/v2\/product_cat?post=157602"},{"taxonomy":"product_tag","embeddable":true,"href":"https:\/\/baldumarket.lt\/lt\/wp-json\/wp\/v2\/product_tag?post=157602"}],"curies":[{"name":"wp","href":"https:\/\/api.w.org\/{rel}","templated":true}]}}