{"id":157596,"date":"2025-12-18T23:35:25","date_gmt":"2025-12-18T20:35:25","guid":{"rendered":"https:\/\/baldumarket.lt\/product\/szafka-kuchenna-gorna-1-drzwiowa-prawa-g40-p-prowansja-sosna-andersen-bialy-mat\/"},"modified":"2026-02-06T13:08:53","modified_gmt":"2026-02-06T10:08:53","slug":"szafka-kuchenna-gorna-1-drzwiowa-prawa-g40-p-prowansja-sosna-andersen-bialy-mat","status":"publish","type":"product","link":"https:\/\/baldumarket.lt\/lt\/product\/szafka-kuchenna-gorna-1-drzwiowa-prawa-g40-p-prowansja-sosna-andersen-bialy-mat\/","title":{"rendered":"Vir\u0161utin\u0117 virtuv\u0117s spintel\u0117, 1 dur\u0173, de\u0161inin\u0117, G40-P, provanso pu\u0161is, Anderseno balta matin\u0117"},"content":{"rendered":"<p>Atraskite Provanso stiliaus magij\u0105 savo virtuv\u0117je su vien\u0173 dureli\u0173 vir\u0161utine virtuv\u0117s spintele i\u0161 ikoni\u0161kos \u201eProwansja\u201c kolekcijos. \u0160is unikalus \u201eGa\u0142a Meble\u201c sukurtas baldas derina elegancij\u0105 ir funkcionalum\u0105, neabejotinai pakeisdamas j\u016bs\u0173 interjer\u0105. Anderseno pu\u0161ies fasadas, kuris gra\u017eiai kontrastuoja su matin\u0117s baltos spalvos korpusu, suteikia bet kuriai virtuvei subtilaus gaivumo ir harmonijos. Sta\u010diakamp\u0117s formos ir nesenstanti balta \u0161ios spintel\u0117s spalva daro j\u0105 puikiu pasirinkimu tiek moderniam, tiek tradiciniam interjerui. Subtilus med\u017eio atspalvis fasadui suteikia jaukumo ir \u0161ilumos, sukurdamas tobul\u0105 erdv\u0119 kasdieniams kulinariniams nuotykiams. Juoda metalin\u0117 rankena suteikia modernumo ir yra ne tik prakti\u0161ka, bet ir esteti\u0161kai patraukli bendram dizainui. \u0160io baldo funkcionalum\u0105 sustiprina savaime u\u017esidarantys vyriai, u\u017etikrinantys skland\u0173 ir tyl\u0173 dureli\u0173 u\u017edarym\u0105. Patikimas mechanizmas garantuoja ilgalaik\u012f naudojim\u0105 ir komfort\u0105 kasdien naudojant. D\u0117l 40 cm plo\u010dio spintel\u0117 puikiai tiks net ir ma\u017eesniuose kambariuose, kur erdvus interjeras leis optimaliai i\u0161naudoti virtuv\u0117s erdv\u0119.<\/p>","protected":false},"excerpt":{"rendered":"<p>Plotis (cm): 40<br \/>\n\u016agis (cm): 72<br \/>\nGylis (cm): 32<\/p>","protected":false},"featured_media":157597,"comment_status":"open","ping_status":"open","template":"","meta":[],"product_brand":[],"product_cat":[9444,9441,4106,9118],"product_tag":[],"class_list":{"0":"post-157596","1":"product","2":"type-product","3":"status-publish","4":"has-post-thumbnail","6":"product_cat-kitchen-system-prowansja-sosna-andersen","7":"product_cat-white","8":"product_cat-gala-meble","9":"product_cat-kitchen-cabinets","11":"first","12":"instock","13":"purchasable","14":"product-type-simple"},"_links":{"self":[{"href":"https:\/\/baldumarket.lt\/lt\/wp-json\/wp\/v2\/product\/157596","targetHints":{"allow":["GET"]}}],"collection":[{"href":"https:\/\/baldumarket.lt\/lt\/wp-json\/wp\/v2\/product"}],"about":[{"href":"https:\/\/baldumarket.lt\/lt\/wp-json\/wp\/v2\/types\/product"}],"replies":[{"embeddable":true,"href":"https:\/\/baldumarket.lt\/lt\/wp-json\/wp\/v2\/comments?post=157596"}],"wp:featuredmedia":[{"embeddable":true,"href":"https:\/\/baldumarket.lt\/lt\/wp-json\/wp\/v2\/media\/157597"}],"wp:attachment":[{"href":"https:\/\/baldumarket.lt\/lt\/wp-json\/wp\/v2\/media?parent=157596"}],"wp:term":[{"taxonomy":"product_brand","embeddable":true,"href":"https:\/\/baldumarket.lt\/lt\/wp-json\/wp\/v2\/product_brand?post=157596"},{"taxonomy":"product_cat","embeddable":true,"href":"https:\/\/baldumarket.lt\/lt\/wp-json\/wp\/v2\/product_cat?post=157596"},{"taxonomy":"product_tag","embeddable":true,"href":"https:\/\/baldumarket.lt\/lt\/wp-json\/wp\/v2\/product_tag?post=157596"}],"curies":[{"name":"wp","href":"https:\/\/api.w.org\/{rel}","templated":true}]}}