{"id":157591,"date":"2025-12-18T23:35:15","date_gmt":"2025-12-18T20:35:15","guid":{"rendered":"https:\/\/baldumarket.lt\/product\/szafka-kuchenna-gorna-1-drzwiowa-prawa-g40-p-sycylia-andersen\/"},"modified":"2026-02-06T12:47:12","modified_gmt":"2026-02-06T09:47:12","slug":"szafka-kuchenna-gorna-1-drzwiowa-prawa-g40-p-sycylia-andersen","status":"publish","type":"product","link":"https:\/\/baldumarket.lt\/lt\/product\/szafka-kuchenna-gorna-1-drzwiowa-prawa-g40-p-sycylia-andersen\/","title":{"rendered":"Vir\u0161utin\u0117 virtuv\u0117s spintel\u0117, 1 dur\u0173, de\u0161inin\u0117, G40-P, Sicily Andersen"},"content":{"rendered":"<p>M\u016bs\u0173 vir\u0161utin\u0117 virtuv\u0117s spintel\u0117 i\u0161 garsaus \u201eGa\u0142a Meble\u201c prek\u0117s \u017eenklo \u201eSycylia Andersen\u201c kolekcijos \u2013 tai tobulas stiliaus ir funkcionalumo derinys, kuris papuo\u0161 bet kuri\u0105 moderni\u0105 virtuv\u0119. Eleganti\u0161ka \u201eAndersen\u201c pu\u0161ies apdaila priekin\u0117je dalyje suteikia \u0161ilumos ir jaukumo, harmoningai papildydama matin\u0117s baltos spalvos korpus\u0105 ir sukurdama subtil\u0173, ak\u012f traukiant\u012f kontrast\u0105. \u0160ios vien\u0173 dureli\u0173 spintel\u0117s, atsidaran\u010dios \u012f de\u0161in\u0119, funkcionalumas idealiai tinka tiems, kurie vertina komfort\u0105 ir tvark\u0105. D\u0117l i\u0161manaus dizaino kasdienius daiktus lengviau laikyti, o prie j\u0173 prieiti \u2013 dar patogiau. Tai ne tik baldas, bet ir tikras nam\u0173 ruo\u0161os pagalbininkas, padedantis valdyti chaos\u0105 efektyviai organizuojant erdv\u0119. Subtilios sidabrin\u0117s plastikin\u0117s ranken\u0117l\u0117s suteikia subtilios elegancijos, kartu i\u0161laikant paprast\u0105 form\u0105, kuri puikiai dera su minimalizmo tendencija. \u0160iuolaikinio dizaino ir klasikini\u0173 element\u0173, toki\u0173 kaip subtili korpuso apdaila, derinys paver\u010dia \u0161i\u0105 spintel\u0119 b\u016btinu bet kurios virtuv\u0117s, siekian\u010dios derinti stili\u0173 su prakti\u0161kumu, elementu.<\/p>","protected":false},"excerpt":{"rendered":"<p>Plotis (cm): 40<br \/>\n\u016agis (cm): 72<br \/>\nGylis (cm): 32<\/p>","protected":false},"featured_media":157592,"comment_status":"open","ping_status":"open","template":"","meta":[],"product_brand":[],"product_cat":[9440,9441,4106,9118],"product_tag":[],"class_list":{"0":"post-157591","1":"product","2":"type-product","3":"status-publish","4":"has-post-thumbnail","6":"product_cat-kitchen-system-sycylia-sosna-andersen","7":"product_cat-white","8":"product_cat-gala-meble","9":"product_cat-kitchen-cabinets","11":"first","12":"instock","13":"purchasable","14":"product-type-simple"},"_links":{"self":[{"href":"https:\/\/baldumarket.lt\/lt\/wp-json\/wp\/v2\/product\/157591","targetHints":{"allow":["GET"]}}],"collection":[{"href":"https:\/\/baldumarket.lt\/lt\/wp-json\/wp\/v2\/product"}],"about":[{"href":"https:\/\/baldumarket.lt\/lt\/wp-json\/wp\/v2\/types\/product"}],"replies":[{"embeddable":true,"href":"https:\/\/baldumarket.lt\/lt\/wp-json\/wp\/v2\/comments?post=157591"}],"wp:featuredmedia":[{"embeddable":true,"href":"https:\/\/baldumarket.lt\/lt\/wp-json\/wp\/v2\/media\/157592"}],"wp:attachment":[{"href":"https:\/\/baldumarket.lt\/lt\/wp-json\/wp\/v2\/media?parent=157591"}],"wp:term":[{"taxonomy":"product_brand","embeddable":true,"href":"https:\/\/baldumarket.lt\/lt\/wp-json\/wp\/v2\/product_brand?post=157591"},{"taxonomy":"product_cat","embeddable":true,"href":"https:\/\/baldumarket.lt\/lt\/wp-json\/wp\/v2\/product_cat?post=157591"},{"taxonomy":"product_tag","embeddable":true,"href":"https:\/\/baldumarket.lt\/lt\/wp-json\/wp\/v2\/product_tag?post=157591"}],"curies":[{"name":"wp","href":"https:\/\/api.w.org\/{rel}","templated":true}]}}