{"id":157586,"date":"2025-12-18T23:35:05","date_gmt":"2025-12-18T20:35:05","guid":{"rendered":"https:\/\/baldumarket.lt\/product\/szafka-kuchenna-gorna-1-drzwiowa-prawa-g40-p-sycylia-orzech\/"},"modified":"2026-02-06T14:32:53","modified_gmt":"2026-02-06T11:32:53","slug":"szafka-kuchenna-gorna-1-drzwiowa-prawa-g40-p-sycylia-orzech","status":"publish","type":"product","link":"https:\/\/baldumarket.lt\/lt\/product\/szafka-kuchenna-gorna-1-drzwiowa-prawa-g40-p-sycylia-orzech\/","title":{"rendered":"Vir\u0161utin\u0117 virtuv\u0117s spintel\u0117, 1 dur\u0173, de\u0161inin\u0117, G40-P, Sicily Walnut"},"content":{"rendered":"<p>Pakelkite savo virtuv\u0119 \u012f nauj\u0105 elegancijos lyg\u012f su \u201eSicylia\u201c serijos vien\u0173 dur\u0173 vir\u0161utine virtuv\u0117s spintele i\u0161 \u201eGa\u0142a Meble\u201c. \u0160i nuostabi Milano rie\u0161utmed\u017eio spintel\u0117 buvo sukurta siekiant sukurti harmoning\u0105 ir eleganti\u0161k\u0105 erdv\u0119, kuri patraukt\u0173 ak\u012f savo rafinuotumu ir subtilia apdaila. Jos klasikinis dizainas suteikia \u0161ilumos ir jaukumo, puikiai papildydamas bet kurios modernios virtuv\u0117s atmosfer\u0105. Jei ie\u0161kote bald\u0173, kurie derint\u0173 estetik\u0105 ir funkcionalum\u0105, \u0161i spintel\u0117 yra puikus pasirinkimas. Auk\u0161tos kokyb\u0117s MDF ir laminato konstrukcija u\u017etikrina patvarum\u0105 ir atsparum\u0105 kasdieniam naudojimui. Spintel\u0117s viduje yra gerai apgalvota daikt\u0173 laikymo vieta, kuri supaprastina virtuv\u0117s organizavim\u0105, padeda palaikyti tvark\u0105 ir minimalizm\u0105. Sidabrin\u0117s ranken\u0117l\u0117s suteikia modernaus stiliaus prisilietim\u0105, tapdamos subtiliu, ta\u010diau reik\u0161mingu dekoratyviniu akcentu. J\u0173 rafinuota apdaila u\u017etikrina komfort\u0105, kartu suteikdama blizgesio ir modernumo. Surinkimas yra paprastas ir intuityvus, leid\u017eiantis greitai pertvarkyti kambar\u012f be profesionalios pagalbos.<\/p>","protected":false},"excerpt":{"rendered":"<p>Plotis (cm): 40<br \/>\n\u016agis (cm): 72<br \/>\nGylis (cm): 32<\/p>","protected":false},"featured_media":157587,"comment_status":"open","ping_status":"open","template":"","meta":[],"product_brand":[],"product_cat":[9450,4106,9118],"product_tag":[],"class_list":{"0":"post-157586","1":"product","2":"type-product","3":"status-publish","4":"has-post-thumbnail","6":"product_cat-kitchen-system-sycylia-orzech-milano","7":"product_cat-gala-meble","8":"product_cat-kitchen-cabinets","10":"first","11":"instock","12":"purchasable","13":"product-type-simple"},"_links":{"self":[{"href":"https:\/\/baldumarket.lt\/lt\/wp-json\/wp\/v2\/product\/157586","targetHints":{"allow":["GET"]}}],"collection":[{"href":"https:\/\/baldumarket.lt\/lt\/wp-json\/wp\/v2\/product"}],"about":[{"href":"https:\/\/baldumarket.lt\/lt\/wp-json\/wp\/v2\/types\/product"}],"replies":[{"embeddable":true,"href":"https:\/\/baldumarket.lt\/lt\/wp-json\/wp\/v2\/comments?post=157586"}],"wp:featuredmedia":[{"embeddable":true,"href":"https:\/\/baldumarket.lt\/lt\/wp-json\/wp\/v2\/media\/157587"}],"wp:attachment":[{"href":"https:\/\/baldumarket.lt\/lt\/wp-json\/wp\/v2\/media?parent=157586"}],"wp:term":[{"taxonomy":"product_brand","embeddable":true,"href":"https:\/\/baldumarket.lt\/lt\/wp-json\/wp\/v2\/product_brand?post=157586"},{"taxonomy":"product_cat","embeddable":true,"href":"https:\/\/baldumarket.lt\/lt\/wp-json\/wp\/v2\/product_cat?post=157586"},{"taxonomy":"product_tag","embeddable":true,"href":"https:\/\/baldumarket.lt\/lt\/wp-json\/wp\/v2\/product_tag?post=157586"}],"curies":[{"name":"wp","href":"https:\/\/api.w.org\/{rel}","templated":true}]}}