{"id":157581,"date":"2025-12-18T23:34:55","date_gmt":"2025-12-18T20:34:55","guid":{"rendered":"https:\/\/baldumarket.lt\/product\/szafka-kuchenna-gorna-1-drzwiowa-prawa-g50k-aspen-grey-szary-polysk\/"},"modified":"2026-02-06T19:54:48","modified_gmt":"2026-02-06T16:54:48","slug":"szafka-kuchenna-gorna-1-drzwiowa-prawa-g50k-aspen-grey-szary-polysk","status":"publish","type":"product","link":"https:\/\/baldumarket.lt\/lt\/product\/szafka-kuchenna-gorna-1-drzwiowa-prawa-g50k-aspen-grey-szary-polysk\/","title":{"rendered":"Vir\u0161utin\u0117 virtuv\u0117s spintel\u0117, 1 dur\u0173, de\u0161inin\u0117, G50K, drebul\u0117s pilka, blizgi,"},"content":{"rendered":"<p>Paverskite savo virtuv\u0119 elegancijos ir modernaus \u017eavesio erdve su \u0161ia \u201eGa\u0142a Meble\u201c vir\u0161utine virtuv\u0117s spintele. Stilingas pilkas blizgesys \u201eAspen Grey\u201c modelyje suteikiamas unikalus blizgesys ir subtilumas j\u016bs\u0173 interjerui, kur\u012f \u012fvertins kiekvienas, m\u0117gstantis gra\u017e\u0173 interjer\u0105. Unikali apdaila ne tik traukia ak\u012f, bet ir leid\u017eia lengvai valyti, tod\u0117l tai puikus pasirinkimas bet kuriai virtuvei. Funkcionalumas ir estetika dera su \u0161iuo gaminiu. Lygi matin\u0117 balta korpuso spalva dera su blizgia priekine dalimi, sukurdama darni\u0105 spalv\u0173 gam\u0105. D\u0117l kompakti\u0161k\u0173 matmen\u0173 spintel\u0117 puikiai tinka vir\u0161utinio virtuv\u0117s segmento erdvei organizuoti, suteikia papildomos vietos daiktams susid\u0117ti, o lengva konstrukcija palengvina savaranki\u0161k\u0105 surinkim\u0105, patenkindama net ir reikliausi\u0173 \u201epasidaryk pats\u201c entuziast\u0173 poreikius. I\u0161skirtinai gerai apgalvotas dizainas yra turtas, kurio negalima pervertinti. Savaime u\u017esidarantys vyriai u\u017etikrina \u0161veln\u0173 ir tyl\u0173 u\u017edarym\u0105, kuris yra ne\u012fkainojamas kasdien naudojant. Nesvarbu, ar norite laikyti stalo \u012frankius, stiklines, ar unikalius stalo \u012frankius, \u201eAspen Grey\u201c spintel\u0117 atitinka kiekvien\u0173 nam\u0173 \u016bkio poreikius, derindama prakti\u0161kum\u0105 su dizainerio tikslumu.<\/p>","protected":false},"excerpt":{"rendered":"<p>Plotis (cm): 50<br \/>\n\u016agis (cm): 40<br \/>\nGylis (cm): 32<\/p>","protected":false},"featured_media":157582,"comment_status":"open","ping_status":"open","template":"","meta":[],"product_brand":[],"product_cat":[9451,4106,9118],"product_tag":[],"class_list":{"0":"post-157581","1":"product","2":"type-product","3":"status-publish","4":"has-post-thumbnail","6":"product_cat-kitchen-system-aspen-grey","7":"product_cat-gala-meble","8":"product_cat-kitchen-cabinets","10":"first","11":"instock","12":"purchasable","13":"product-type-simple"},"_links":{"self":[{"href":"https:\/\/baldumarket.lt\/lt\/wp-json\/wp\/v2\/product\/157581","targetHints":{"allow":["GET"]}}],"collection":[{"href":"https:\/\/baldumarket.lt\/lt\/wp-json\/wp\/v2\/product"}],"about":[{"href":"https:\/\/baldumarket.lt\/lt\/wp-json\/wp\/v2\/types\/product"}],"replies":[{"embeddable":true,"href":"https:\/\/baldumarket.lt\/lt\/wp-json\/wp\/v2\/comments?post=157581"}],"wp:featuredmedia":[{"embeddable":true,"href":"https:\/\/baldumarket.lt\/lt\/wp-json\/wp\/v2\/media\/157582"}],"wp:attachment":[{"href":"https:\/\/baldumarket.lt\/lt\/wp-json\/wp\/v2\/media?parent=157581"}],"wp:term":[{"taxonomy":"product_brand","embeddable":true,"href":"https:\/\/baldumarket.lt\/lt\/wp-json\/wp\/v2\/product_brand?post=157581"},{"taxonomy":"product_cat","embeddable":true,"href":"https:\/\/baldumarket.lt\/lt\/wp-json\/wp\/v2\/product_cat?post=157581"},{"taxonomy":"product_tag","embeddable":true,"href":"https:\/\/baldumarket.lt\/lt\/wp-json\/wp\/v2\/product_tag?post=157581"}],"curies":[{"name":"wp","href":"https:\/\/api.w.org\/{rel}","templated":true}]}}