{"id":157577,"date":"2025-12-18T23:34:48","date_gmt":"2025-12-18T20:34:48","guid":{"rendered":"https:\/\/baldumarket.lt\/product\/szafka-kuchenna-gorna-1-drzwiowa-prawa-g60-p-aspen-grey-szary-polysk\/"},"modified":"2026-02-06T19:54:48","modified_gmt":"2026-02-06T16:54:48","slug":"szafka-kuchenna-gorna-1-drzwiowa-prawa-g60-p-aspen-grey-szary-polysk","status":"publish","type":"product","link":"https:\/\/baldumarket.lt\/lt\/product\/szafka-kuchenna-gorna-1-drzwiowa-prawa-g60-p-aspen-grey-szary-polysk\/","title":{"rendered":"Vir\u0161utin\u0117 virtuv\u0117s spintel\u0117, 1 dur\u0173, de\u0161inin\u0117, G60-P, drebul\u0117s pilka, blizgi,"},"content":{"rendered":"<p>G60-P drebul\u0117s pilkos spalvos vien\u0173 dureli\u0173 de\u0161inin\u0117 vir\u0161utin\u0117 virtuv\u0117s spintel\u0117 yra modernaus elegancijos esencija, suteikianti j\u016bs\u0173 virtuvei gaivumo ir stiliaus dvelksm\u0105. Stilingas blizgus pilkas priekis ne tik traukia ak\u012f, bet ir puikiai dera su \u012fvairiomis virtuv\u0117s bald\u0173 spalv\u0173 palet\u0117mis. \u0160i spintel\u0117 yra tarsi j\u016bs\u0173 virtuv\u0117s papuo\u0161alas, subtiliai pabr\u0117\u017eiantis jos charakter\u012f. \u0160i erdvi vir\u0161utin\u0117 spintel\u0117, kurios plotis yra 60 cm, auk\u0161tis 72 cm, o gylis \u2013 32 cm, u\u017etikrina optimali\u0105 daikt\u0173 laikymo viet\u0105, atlaisvindama stalvir\u0161io viet\u0105. Tai suteikia papildomos darbo vietos ir padeda palaikyti tvark\u0105, tod\u0117l maisto gaminimas ir kasdieniai darbai tampa daug malonesni. Jos konstrukcijoje naudojamos med\u017eiagos, \u012fskaitant MDF priekin\u0119 dal\u012f ir laminuot\u0105 plok\u0161t\u0119 korpuse, garantuoja ne tik patvarum\u0105, bet ir estetin\u012f patrauklum\u0105 ilgus metus. Subtilus pilkos blizgios ir baltos matin\u0117s spalv\u0173 kontrastas leid\u017eia spintelei puikiai dera prie bet kokio i\u0161d\u0117stymo, suteikia lengvumo ir modernumo.<\/p>","protected":false},"excerpt":{"rendered":"<p>Plotis (cm): 60<br \/>\n\u016agis (cm): 72<br \/>\nGylis (cm): 32<\/p>","protected":false},"featured_media":156822,"comment_status":"open","ping_status":"open","template":"","meta":[],"product_brand":[],"product_cat":[9451,4106,9118],"product_tag":[],"class_list":{"0":"post-157577","1":"product","2":"type-product","3":"status-publish","4":"has-post-thumbnail","6":"product_cat-kitchen-system-aspen-grey","7":"product_cat-gala-meble","8":"product_cat-kitchen-cabinets","10":"first","11":"instock","12":"purchasable","13":"product-type-simple"},"_links":{"self":[{"href":"https:\/\/baldumarket.lt\/lt\/wp-json\/wp\/v2\/product\/157577","targetHints":{"allow":["GET"]}}],"collection":[{"href":"https:\/\/baldumarket.lt\/lt\/wp-json\/wp\/v2\/product"}],"about":[{"href":"https:\/\/baldumarket.lt\/lt\/wp-json\/wp\/v2\/types\/product"}],"replies":[{"embeddable":true,"href":"https:\/\/baldumarket.lt\/lt\/wp-json\/wp\/v2\/comments?post=157577"}],"wp:featuredmedia":[{"embeddable":true,"href":"https:\/\/baldumarket.lt\/lt\/wp-json\/wp\/v2\/media\/156822"}],"wp:attachment":[{"href":"https:\/\/baldumarket.lt\/lt\/wp-json\/wp\/v2\/media?parent=157577"}],"wp:term":[{"taxonomy":"product_brand","embeddable":true,"href":"https:\/\/baldumarket.lt\/lt\/wp-json\/wp\/v2\/product_brand?post=157577"},{"taxonomy":"product_cat","embeddable":true,"href":"https:\/\/baldumarket.lt\/lt\/wp-json\/wp\/v2\/product_cat?post=157577"},{"taxonomy":"product_tag","embeddable":true,"href":"https:\/\/baldumarket.lt\/lt\/wp-json\/wp\/v2\/product_tag?post=157577"}],"curies":[{"name":"wp","href":"https:\/\/api.w.org\/{rel}","templated":true}]}}