{"id":157574,"date":"2025-12-18T23:34:42","date_gmt":"2025-12-18T20:34:42","guid":{"rendered":"https:\/\/baldumarket.lt\/product\/szafka-kuchenna-gorna-1-drzwiowa-prawa-g60-p-aspen-white-bialy-polysk\/"},"modified":"2026-02-06T13:20:38","modified_gmt":"2026-02-06T10:20:38","slug":"szafka-kuchenna-gorna-1-drzwiowa-prawa-g60-p-aspen-white-bialy-polysk","status":"publish","type":"product","link":"https:\/\/baldumarket.lt\/lt\/product\/szafka-kuchenna-gorna-1-drzwiowa-prawa-g60-p-aspen-white-bialy-polysk\/","title":{"rendered":"Vir\u0161utin\u0117 virtuv\u0117s spintel\u0117, vienv\u0117r\u0117, de\u0161inin\u0117, G60-P, drebul\u0117s balta, blizgi balta"},"content":{"rendered":"<p>Atraskite unikali\u0105 elegancij\u0105, kuri\u0105 j\u016bs\u0173 virtuvei suteiks \u201eAspen White\u201c vir\u0161utin\u0117 virtuv\u0117s spintel\u0117. Jos blizg\u016bs balti fasadai, subtiliai derinami su matiniu korpuso pavir\u0161iumi, sukuria minimalistin\u012f, ta\u010diau prabang\u0173 \u0161iuolaikin\u012f dizain\u0105. \u0160i spintel\u0117 puikiai papildys bet kok\u012f modern\u0173 interjero dizain\u0105, suteikdama erdvei lengvumo ir gaivumo.<\/p>\n<p>Kasdien naudodami \u012fvertinsite ne tik estetin\u012f \u0161ios spintel\u0117s patrauklum\u0105, bet ir funkcionalum\u0105. I\u0161man\u016bs savaime u\u017esidarantys vyriai u\u017etikrina skland\u0173 dureli\u0173 atidarym\u0105 ir i\u0161skirtin\u012f komfort\u0105. \u0160is sprendimas ne tik palengvina prieig\u0105 prie spintel\u0117s vidaus, bet ir u\u017etikrina, kad viskas b\u016bt\u0173 tvarkingai sutvarkyta ir savo vietose.<\/p>\n<p>\u201eAspen White\u201c spintel\u0117 idealiai tinka laikyti \u012fvairius virtuv\u0117s reikmenis \u2013 nuo eleganti\u0161k\u0173 stalo \u012franki\u0173 iki kasdieni\u0173 virtuv\u0117s reikmen\u0173. Jos proporcijos ir apgalvotas dizainas maksimaliai i\u0161naudoja turim\u0105 erdv\u0119, tod\u0117l tai prakti\u0161kas pasirinkimas tiek ma\u017eoms, tiek didel\u0117ms virtuv\u0117ms. Ji ne tik puikiai atrodo, bet ir suteikia funkcionalumo, kurio reikia visiems.<\/p>\n<p>\u201eGa\u0142a Meble\u201c, \u0161io projekto prek\u0117s \u017eenklas, u\u017etikrina ne tik auk\u0161\u010diausios klas\u0117s dizain\u0105, bet ir kokyb\u0119 bei ilgaam\u017ei\u0161kum\u0105. MDF plok\u0161t\u0117s, naudojamos fasadams, ir laminuotas korpusas garantuoja ilgaam\u017ei\u0161kum\u0105 ir atsparum\u0105 kasdieniams virtuv\u0117s i\u0161\u0161\u016bkiams. Tai puikus pasirinkimas tiems, kurie vertina stili\u0173 ir ilgaam\u017ei\u0161kum\u0105 viename.<\/p>\n<p>Paruo\u0161ta surinkti \u201eAspen White\u201c spintel\u0117 leid\u017eia sukurti suasmenint\u0105 interjer\u0105, kuris bus ne tik maisto ruo\u0161imo vieta, bet ir tikra nam\u0173 gyvenimo \u0161irdis. Pa\u017ei\u016br\u0117kite, kaip paprasta suderinti funkcionalum\u0105 ir elegancij\u0105 viename tobulame balde.<\/p>","protected":false},"excerpt":{"rendered":"<p>Plotis (cm): 60<br \/>\n\u016agis (cm): 72<br \/>\nGylis (cm): 32<\/p>","protected":false},"featured_media":156800,"comment_status":"open","ping_status":"open","template":"","meta":[],"product_brand":[],"product_cat":[9445,4106,9118],"product_tag":[],"class_list":{"0":"post-157574","1":"product","2":"type-product","3":"status-publish","4":"has-post-thumbnail","6":"product_cat-kitchen-system-aspen-white","7":"product_cat-gala-meble","8":"product_cat-kitchen-cabinets","10":"first","11":"instock","12":"purchasable","13":"product-type-simple"},"_links":{"self":[{"href":"https:\/\/baldumarket.lt\/lt\/wp-json\/wp\/v2\/product\/157574","targetHints":{"allow":["GET"]}}],"collection":[{"href":"https:\/\/baldumarket.lt\/lt\/wp-json\/wp\/v2\/product"}],"about":[{"href":"https:\/\/baldumarket.lt\/lt\/wp-json\/wp\/v2\/types\/product"}],"replies":[{"embeddable":true,"href":"https:\/\/baldumarket.lt\/lt\/wp-json\/wp\/v2\/comments?post=157574"}],"wp:featuredmedia":[{"embeddable":true,"href":"https:\/\/baldumarket.lt\/lt\/wp-json\/wp\/v2\/media\/156800"}],"wp:attachment":[{"href":"https:\/\/baldumarket.lt\/lt\/wp-json\/wp\/v2\/media?parent=157574"}],"wp:term":[{"taxonomy":"product_brand","embeddable":true,"href":"https:\/\/baldumarket.lt\/lt\/wp-json\/wp\/v2\/product_brand?post=157574"},{"taxonomy":"product_cat","embeddable":true,"href":"https:\/\/baldumarket.lt\/lt\/wp-json\/wp\/v2\/product_cat?post=157574"},{"taxonomy":"product_tag","embeddable":true,"href":"https:\/\/baldumarket.lt\/lt\/wp-json\/wp\/v2\/product_tag?post=157574"}],"curies":[{"name":"wp","href":"https:\/\/api.w.org\/{rel}","templated":true}]}}