{"id":157568,"date":"2025-12-18T23:34:29","date_gmt":"2025-12-18T20:34:29","guid":{"rendered":"https:\/\/baldumarket.lt\/product\/szafka-kuchenna-gorna-1-drzwiowa-prawa-g601d-p-prowansja-sosna-andersen-bialy-mat\/"},"modified":"2026-02-06T13:09:04","modified_gmt":"2026-02-06T10:09:04","slug":"szafka-kuchenna-gorna-1-drzwiowa-prawa-g601d-p-prowansja-sosna-andersen-bialy-mat","status":"publish","type":"product","link":"https:\/\/baldumarket.lt\/lt\/product\/szafka-kuchenna-gorna-1-drzwiowa-prawa-g601d-p-prowansja-sosna-andersen-bialy-mat\/","title":{"rendered":"Vir\u0161utin\u0117 virtuv\u0117s spintel\u0117, 1 dur\u0173, de\u0161inin\u0117, G601D-P, provanso pu\u0161is, Anderseno balta matin\u0117"},"content":{"rendered":"<p>Pasinerkite \u012f Provanso elegancijos pasaul\u012f su \u0161ia vir\u0161utine virtuv\u0117s spintele, kurios dizainas derina estetik\u0105 ir funkcionalum\u0105, tod\u0117l ji yra puikus pasirinkimas modernioms virtuv\u0117ms su siela. Andersen pu\u0161ies MDF fasadai primena jaukius kaimo namus, \u012fne\u0161dami \u0161ilumos ir harmonijos \u012f j\u016bs\u0173 interjer\u0105, o subtili apdaila pabr\u0117\u017eia nat\u016bralaus Danijos interjero gro\u017e\u012f. Matin\u0117s baltos spalvos spintel\u0117s korpusas sukuria kontrasting\u0105, ta\u010diau harmoning\u0105 duet\u0105 su fasadais, suteikdamas dizainui modernumo. \u0160i spalv\u0173 gama ne tik vizualiai padidina erdv\u0119, bet ir suteikia lengvumo bei gaivumo. Ji puikiai dera tiek su \u0161viesiu, tiek su tamsiu interjeru, suteikdama nepaprast\u0105 universalum\u0105 kuriant svajoni\u0173 virtuv\u0119. I\u0161skirtinis spintel\u0117s funkcionalumas atsiranda d\u0117l apgalvoto dizaino, kuris pabr\u0117\u017eia kasdienio naudojimo patogum\u0105. Savaime u\u017esidarantys vyriai leid\u017eia atidaryti ir u\u017edaryti duris itin skland\u017eiai ir tyliai, padidindami komfort\u0105 ir sukurdami prabangos poj\u016bt\u012f. Be to, juodos metalin\u0117s rankenos suteikia modernumo, pabr\u0117\u017eiant visos konstrukcijos stili\u0173 ir elegancij\u0105.<\/p>","protected":false},"excerpt":{"rendered":"<p>Plotis (cm): 60<br \/>\n\u016agis (cm): 72<br \/>\nGylis (cm): 32<\/p>","protected":false},"featured_media":157569,"comment_status":"open","ping_status":"open","template":"","meta":[],"product_brand":[],"product_cat":[9444,9441,4106,9118],"product_tag":[],"class_list":{"0":"post-157568","1":"product","2":"type-product","3":"status-publish","4":"has-post-thumbnail","6":"product_cat-kitchen-system-prowansja-sosna-andersen","7":"product_cat-white","8":"product_cat-gala-meble","9":"product_cat-kitchen-cabinets","11":"first","12":"instock","13":"purchasable","14":"product-type-simple"},"_links":{"self":[{"href":"https:\/\/baldumarket.lt\/lt\/wp-json\/wp\/v2\/product\/157568","targetHints":{"allow":["GET"]}}],"collection":[{"href":"https:\/\/baldumarket.lt\/lt\/wp-json\/wp\/v2\/product"}],"about":[{"href":"https:\/\/baldumarket.lt\/lt\/wp-json\/wp\/v2\/types\/product"}],"replies":[{"embeddable":true,"href":"https:\/\/baldumarket.lt\/lt\/wp-json\/wp\/v2\/comments?post=157568"}],"wp:featuredmedia":[{"embeddable":true,"href":"https:\/\/baldumarket.lt\/lt\/wp-json\/wp\/v2\/media\/157569"}],"wp:attachment":[{"href":"https:\/\/baldumarket.lt\/lt\/wp-json\/wp\/v2\/media?parent=157568"}],"wp:term":[{"taxonomy":"product_brand","embeddable":true,"href":"https:\/\/baldumarket.lt\/lt\/wp-json\/wp\/v2\/product_brand?post=157568"},{"taxonomy":"product_cat","embeddable":true,"href":"https:\/\/baldumarket.lt\/lt\/wp-json\/wp\/v2\/product_cat?post=157568"},{"taxonomy":"product_tag","embeddable":true,"href":"https:\/\/baldumarket.lt\/lt\/wp-json\/wp\/v2\/product_tag?post=157568"}],"curies":[{"name":"wp","href":"https:\/\/api.w.org\/{rel}","templated":true}]}}