{"id":157564,"date":"2025-12-18T23:34:21","date_gmt":"2025-12-18T20:34:21","guid":{"rendered":"https:\/\/baldumarket.lt\/product\/szafka-kuchenna-gorna-1d-sorento-g30-p-l-baltic-storm\/"},"modified":"2026-02-18T11:10:19","modified_gmt":"2026-02-18T08:10:19","slug":"szafka-kuchenna-gorna-1d-sorento-g30-p-l-baltic-storm","status":"publish","type":"product","link":"https:\/\/baldumarket.lt\/lt\/product\/szafka-kuchenna-gorna-1d-sorento-g30-p-l-baltic-storm\/","title":{"rendered":"Vir\u0161utin\u0117 virtuv\u0117s spintel\u0117 1D Sorento G30 P\/L Baltic Storm"},"content":{"rendered":"<p>Vien\u0173 dur\u0173 vir\u0161utin\u0117 virtuv\u0117s spintel\u0117 \u201eSorento G30\u201c \u201eBaltic Storm\u201c spalvos \u2013 puikus pasirinkimas tiems, kurie savo interjere nori suderinti modern\u0173 dizain\u0105 su funkcionalumu. Eleganti\u0161ka, tamsi spalva suteikia virtuvei elegancijos ir puikiai dera prie \u012fvairi\u0173 interjero stili\u0173. 100 cm auk\u0161tis ir 30 cm plotis leid\u017eia jai puikiai tinka bet kokioje erdv\u0117je, neu\u017eimant per daug vietos.<\/p>\n<p>Pagaminta i\u0161 laminuotos plok\u0161t\u0117s, \u0161i spintel\u0117 yra ne tik esteti\u0161kai patraukli, bet ir itin patvari bei lengvai pri\u017ei\u016brima. Jos pavir\u0161ius atsparus pa\u017eeidimams ir \u012fbr\u0117\u017eimams, u\u017etikrinant ilgalaik\u012f naudojim\u0105 be kasdienio nusid\u0117v\u0117jimo. D\u0117l naudojamos med\u017eiagos \u0161i virtuv\u0117s spintel\u0117 puikiai atrodo tiek moderniame, tiek klasikiniame virtuv\u0117s dizaine.<\/p>\n<p>Spintel\u0117 pasi\u017eymi praktin\u0117mis funkcijomis, tokiomis kaip u\u017espaud\u017eiami vyriai su \u0161velnaus u\u017edarymo mechanizmu, tod\u0117l j\u0105 naudoti dar patogiau. D\u0117l universali\u0173 fasad\u0173 j\u0105 galima montuoti tiek de\u0161in\u0117je, tiek kair\u0117je pus\u0117je, tod\u0117l galima lanks\u010diai i\u0161d\u0117styti daiktus. Dvi erdvios vidin\u0117s lentynos suteikia daug vietos indams, prieskoniams ir kitiems virtuv\u0117s priedams laikyti, taip padedant palaikyti tvark\u0105.<\/p>\n<p>Komplekte taip pat yra reguliuojamas pakabos laikiklis ir tvirtinimo juostel\u0117, tod\u0117l spintel\u0119 lengva surinkti ir pritaikyti pagal j\u016bs\u0173 poreikius. Vir\u0161utin\u0117 spintel\u0117 \u201eSorento G30\u201c sujungia moderni\u0105 estetik\u0105 su prakti\u0161komis savyb\u0117mis, u\u017etikrinan\u010diomis kasdien\u012f patogum\u0105. Pasirink\u0119 \u0161i\u0105 unikali\u0105 spintel\u0119, atraskite, kiek daug naudos gali suteikti j\u016bs\u0173 virtuv\u0117!<\/p>","protected":false},"excerpt":{"rendered":"<p>Plotis (cm): 30<br \/>\n\u016agis (cm): 100<br \/>\nGylis (cm): 32<\/p>","protected":false},"featured_media":157565,"comment_status":"open","ping_status":"open","template":"","meta":[],"product_brand":[],"product_cat":[9436,4106],"product_tag":[],"class_list":{"0":"post-157564","1":"product","2":"type-product","3":"status-publish","4":"has-post-thumbnail","6":"product_cat-kitchen-system-sorento","7":"product_cat-gala-meble","9":"first","10":"instock","11":"purchasable","12":"product-type-simple"},"_links":{"self":[{"href":"https:\/\/baldumarket.lt\/lt\/wp-json\/wp\/v2\/product\/157564","targetHints":{"allow":["GET"]}}],"collection":[{"href":"https:\/\/baldumarket.lt\/lt\/wp-json\/wp\/v2\/product"}],"about":[{"href":"https:\/\/baldumarket.lt\/lt\/wp-json\/wp\/v2\/types\/product"}],"replies":[{"embeddable":true,"href":"https:\/\/baldumarket.lt\/lt\/wp-json\/wp\/v2\/comments?post=157564"}],"wp:featuredmedia":[{"embeddable":true,"href":"https:\/\/baldumarket.lt\/lt\/wp-json\/wp\/v2\/media\/157565"}],"wp:attachment":[{"href":"https:\/\/baldumarket.lt\/lt\/wp-json\/wp\/v2\/media?parent=157564"}],"wp:term":[{"taxonomy":"product_brand","embeddable":true,"href":"https:\/\/baldumarket.lt\/lt\/wp-json\/wp\/v2\/product_brand?post=157564"},{"taxonomy":"product_cat","embeddable":true,"href":"https:\/\/baldumarket.lt\/lt\/wp-json\/wp\/v2\/product_cat?post=157564"},{"taxonomy":"product_tag","embeddable":true,"href":"https:\/\/baldumarket.lt\/lt\/wp-json\/wp\/v2\/product_tag?post=157564"}],"curies":[{"name":"wp","href":"https:\/\/api.w.org\/{rel}","templated":true}]}}