{"id":157560,"date":"2025-12-18T23:34:14","date_gmt":"2025-12-18T20:34:14","guid":{"rendered":"https:\/\/baldumarket.lt\/product\/szafka-kuchenna-gorna-1d-sorento-g30-p-l-baltic-storm-bezowy-mat\/"},"modified":"2026-02-18T11:10:03","modified_gmt":"2026-02-18T08:10:03","slug":"szafka-kuchenna-gorna-1d-sorento-g30-p-l-baltic-storm-bezowy-mat","status":"publish","type":"product","link":"https:\/\/baldumarket.lt\/lt\/product\/szafka-kuchenna-gorna-1d-sorento-g30-p-l-baltic-storm-bezowy-mat\/","title":{"rendered":"Vir\u0161utin\u0117 virtuv\u0117s spintel\u0117 1D Sorento G30 P\/L Baltic Storm Beige Matte"},"content":{"rendered":"<p>Atraskite elegancij\u0105 savo virtuv\u0117je su \u201eSorento G30 1-D\u201c pakabinama virtuv\u0117s spintele, pasi\u017eymin\u010dia subtiliu matin\u0117s sm\u0117lio spalvos atspalviu. Puikus \u201eBaltic Storm\u201c korpuso spalvos ir matin\u0117s sm\u0117lio spalvos fasad\u0173 derinys sukuria harmoning\u0105 kompozicij\u0105, kuri pagerins bet kurios virtuv\u0117s stili\u0173. \u0160is baldas ne tik papildys interjer\u0105, bet ir taps j\u016bs\u0173 virtuv\u0117s dizaino traukos centru.<\/p>\n<p>Nepriklausomai nuo j\u016bs\u0173 virtuv\u0117s stiliaus, \u201eSorento\u201c vir\u0161utin\u0117 virtuv\u0117s spintel\u0117 pasi\u017eymi auk\u0161\u010diausio lygio funkcionalumu ir estetika. D\u0117l apgalvoto dizaino dureles patogu atidaryti d\u0117l u\u017espaud\u017eiam\u0173 vyri\u0173 su \u0161velnaus u\u017edarymo funkcija, tod\u0117l kasdienis naudojimas tampa dar malonesnis. Rytojaus dundesys nebebus siejamas su netik\u0117tumais triuk\u0161ming\u0173 u\u017esidaran\u010di\u0173 dur\u0173 pavidalu.<\/p>\n<p>Spintel\u0117s viduje yra dvi prakti\u0161kos lentynos, kuriose galima laikyti svarbiausius virtuv\u0117s reikmenis. D\u0117l reguliuojamo pakabos ir tvirtinimo juostel\u0117s galite visi\u0161kai lanks\u010diai reguliuoti dureli\u0173 tvirtinimo krypt\u012f, kad ji idealiai atitikt\u0173 j\u016bs\u0173 erdv\u0119. Su \u0161ia unikalia spintele j\u016bs\u0173 laukia moderni\u0173 sprendim\u0173 pasaulis.<\/p>\n<p>Sukurkite unikali\u0105 i\u0161vaizd\u0105 ir funkcionalum\u0105 \u2013 tai intuityvus ir patogus \u201epasidaryk pats\u201c surinkimas. Viskas, ko jums reikia, yra komplekte: nuo pakab\u0173 iki pilnos tvirtinimo juostel\u0117s. I\u0161skirtinai patvari laminuota plok\u0161t\u0117, i\u0161 kurios pagaminta spintel\u0117, yra atspari pa\u017eeidimams ir u\u017etikrina ilgalaik\u012f, nepa\u017eeist\u0105 naudojim\u0105.<\/p>","protected":false},"excerpt":{"rendered":"<p>Plotis (cm): 30<br \/>\n\u016agis (cm): 100<br \/>\nGylis (cm): 32<\/p>","protected":false},"featured_media":157561,"comment_status":"open","ping_status":"open","template":"","meta":[],"product_brand":[],"product_cat":[9436,4106],"product_tag":[],"class_list":{"0":"post-157560","1":"product","2":"type-product","3":"status-publish","4":"has-post-thumbnail","6":"product_cat-kitchen-system-sorento","7":"product_cat-gala-meble","9":"first","10":"instock","11":"purchasable","12":"product-type-simple"},"_links":{"self":[{"href":"https:\/\/baldumarket.lt\/lt\/wp-json\/wp\/v2\/product\/157560","targetHints":{"allow":["GET"]}}],"collection":[{"href":"https:\/\/baldumarket.lt\/lt\/wp-json\/wp\/v2\/product"}],"about":[{"href":"https:\/\/baldumarket.lt\/lt\/wp-json\/wp\/v2\/types\/product"}],"replies":[{"embeddable":true,"href":"https:\/\/baldumarket.lt\/lt\/wp-json\/wp\/v2\/comments?post=157560"}],"wp:featuredmedia":[{"embeddable":true,"href":"https:\/\/baldumarket.lt\/lt\/wp-json\/wp\/v2\/media\/157561"}],"wp:attachment":[{"href":"https:\/\/baldumarket.lt\/lt\/wp-json\/wp\/v2\/media?parent=157560"}],"wp:term":[{"taxonomy":"product_brand","embeddable":true,"href":"https:\/\/baldumarket.lt\/lt\/wp-json\/wp\/v2\/product_brand?post=157560"},{"taxonomy":"product_cat","embeddable":true,"href":"https:\/\/baldumarket.lt\/lt\/wp-json\/wp\/v2\/product_cat?post=157560"},{"taxonomy":"product_tag","embeddable":true,"href":"https:\/\/baldumarket.lt\/lt\/wp-json\/wp\/v2\/product_tag?post=157560"}],"curies":[{"name":"wp","href":"https:\/\/api.w.org\/{rel}","templated":true}]}}