{"id":157556,"date":"2025-12-18T23:34:06","date_gmt":"2025-12-18T20:34:06","guid":{"rendered":"https:\/\/baldumarket.lt\/product\/szafka-kuchenna-gorna-1d-sorento-g30-p-l-baltic-storm-green\/"},"modified":"2026-02-18T11:10:03","modified_gmt":"2026-02-18T08:10:03","slug":"szafka-kuchenna-gorna-1d-sorento-g30-p-l-baltic-storm-green","status":"publish","type":"product","link":"https:\/\/baldumarket.lt\/lt\/product\/szafka-kuchenna-gorna-1d-sorento-g30-p-l-baltic-storm-green\/","title":{"rendered":"Vir\u0161utin\u0117 virtuv\u0117s spintel\u0117 1D Sorento G30 P\/L Baltic Storm Green"},"content":{"rendered":"<p>Pasinerkite \u012f elegancij\u0105 ir funkcionalum\u0105 su \u201eSorento G30\u201c vir\u0161utine virtuv\u0117s spintele, sukurta specialiai tiems, kurie vertina i\u0161skirtin\u012f stili\u0173. \u0160i spintel\u0117 derina modern\u0173 dizain\u0105 su prakti\u0161kumu ir neabejotinai \u012fne\u0161 \u012f j\u016bs\u0173 virtuv\u0119 gaivos. Meni\u0161kai pagaminti tamsios matin\u0117s \u017ealios spalvos fasadai i\u0161 karto patraukia ak\u012f, sukurdami harmoning\u0105 atmosfer\u0105 su aplinka.<\/p>\n<p>Pasirinkite spalv\u0173 gam\u0105, kuri i\u0161ry\u0161kint\u0173 unikal\u0173 j\u016bs\u0173 erdv\u0117s charakter\u012f. \u201eBaltic Storm\u201c spintel\u0117 puikiai tinka ie\u0161kantiems jaukumo ir modernumo. Laminuotos lentos u\u017etikrina patvarum\u0105 ir atsparum\u0105 kasdieniam naudojimui, kartu suteikdamos elegancijos ir ramyb\u0117s. Tai puiki vieta laikyti indus ir prieskonius \u2013 visk\u0105, ko reikia, kad j\u016bs\u0173 virtuv\u0117 b\u016bt\u0173 dar funkcionalesn\u0117.<\/p>\n<p>D\u0117l universalaus dureli\u0173 atidarymo \u201eSorento G30\u201c spintel\u0117 lengvai prisitaiko prie j\u016bs\u0173 poreiki\u0173. Patikimi \u201eClip-On\u201c vyriai su \u0161velnaus u\u017edarymo funkcija paver\u010dia naudojim\u0105si ja grynu malonumu. Tai puikus sprendimas tiems, kurie ie\u0161ko interjero dizaino lankstumo neaukodami estetikos ir kokyb\u0117s.<\/p>\n<p>M\u0117gaukit\u0117s prabangos gabal\u0117liu savo nam\u0173 \u0161irdyje. M\u0117gaukit\u0117s patogiu savaranki\u0161ko surinkimo ir reguliuojamos pakabos sistemos privalumu, leid\u017eian\u010diu lengvai pastatyti spintel\u0119 ten, kur jums reikia. D\u0117l kompakti\u0161ko dyd\u017eio ir gerai apgalvoto dizaino \u201eSorento G30\u201c puikiai tinka net ma\u017eesn\u0117ms erdv\u0117ms, nes si\u016blo daug vietos visiems j\u016bs\u0173 virtuv\u0117s reikmenims laikyti.<\/p>","protected":false},"excerpt":{"rendered":"<p>Plotis (cm): 30<br \/>\n\u016agis (cm): 100<br \/>\nGylis (cm): 32<\/p>","protected":false},"featured_media":157557,"comment_status":"open","ping_status":"open","template":"","meta":[],"product_brand":[],"product_cat":[9436,4106],"product_tag":[],"class_list":{"0":"post-157556","1":"product","2":"type-product","3":"status-publish","4":"has-post-thumbnail","6":"product_cat-kitchen-system-sorento","7":"product_cat-gala-meble","9":"first","10":"instock","11":"purchasable","12":"product-type-simple"},"_links":{"self":[{"href":"https:\/\/baldumarket.lt\/lt\/wp-json\/wp\/v2\/product\/157556","targetHints":{"allow":["GET"]}}],"collection":[{"href":"https:\/\/baldumarket.lt\/lt\/wp-json\/wp\/v2\/product"}],"about":[{"href":"https:\/\/baldumarket.lt\/lt\/wp-json\/wp\/v2\/types\/product"}],"replies":[{"embeddable":true,"href":"https:\/\/baldumarket.lt\/lt\/wp-json\/wp\/v2\/comments?post=157556"}],"wp:featuredmedia":[{"embeddable":true,"href":"https:\/\/baldumarket.lt\/lt\/wp-json\/wp\/v2\/media\/157557"}],"wp:attachment":[{"href":"https:\/\/baldumarket.lt\/lt\/wp-json\/wp\/v2\/media?parent=157556"}],"wp:term":[{"taxonomy":"product_brand","embeddable":true,"href":"https:\/\/baldumarket.lt\/lt\/wp-json\/wp\/v2\/product_brand?post=157556"},{"taxonomy":"product_cat","embeddable":true,"href":"https:\/\/baldumarket.lt\/lt\/wp-json\/wp\/v2\/product_cat?post=157556"},{"taxonomy":"product_tag","embeddable":true,"href":"https:\/\/baldumarket.lt\/lt\/wp-json\/wp\/v2\/product_tag?post=157556"}],"curies":[{"name":"wp","href":"https:\/\/api.w.org\/{rel}","templated":true}]}}