{"id":157552,"date":"2025-12-18T23:33:59","date_gmt":"2025-12-18T20:33:59","guid":{"rendered":"https:\/\/baldumarket.lt\/product\/szafka-kuchenna-gorna-1d-sorento-g30-p-l-bialy-green\/"},"modified":"2026-02-18T11:10:03","modified_gmt":"2026-02-18T08:10:03","slug":"szafka-kuchenna-gorna-1d-sorento-g30-p-l-bialy-green","status":"publish","type":"product","link":"https:\/\/baldumarket.lt\/lt\/product\/szafka-kuchenna-gorna-1d-sorento-g30-p-l-bialy-green\/","title":{"rendered":"Vir\u0161utin\u0117 virtuv\u0117s spintel\u0117 1D Sorento G30 P\/L Balta \u017dalia"},"content":{"rendered":"<p>Atraskite nauj\u0105 virtuv\u0117s organizavimo dimensij\u0105 su ne\u012ftik\u0117tinai stilinga \u201eSorento G30\u201c vien\u0173 dur\u0173 vir\u0161utine virtuv\u0117s spintele. Jos modernus dizainas pavers j\u0105 tikru bet kurio interjero akcentu. Matin\u0117 \u017ealia apdaila, suderinta su eleganti\u0161ka matine balta korpuso spalva, puikiai papildo \u0161iuolaikines dekoro tendencijas, suteikdama gaivumo ir charakterio.<\/p>\n<p>\u0160i vir\u0161utin\u0117 spintel\u0117, skirta \u012fvairiems virtuv\u0117s priedams laikyti, derina estetik\u0105 ir funkcionalum\u0105. D\u0117l i\u0161manaus dizaino, atidarymo traukiant mechanizmo ir reguliuojam\u0173 lentyn\u0173 galite efektyviai i\u0161d\u0117styti erdv\u0119 pagal savo poreikius. Taip kiekviena detal\u0117 tampa lengvai pasiekiama ir kasdienis komfortas yra didesnis.<\/p>\n<p>Svarbus \u201eSorento G30\u201c 1 dur\u0173 vir\u0161utin\u0117s virtuv\u0117s spintel\u0117s privalumas yra jos \u0161velniai u\u017esidarantys vyriai, kurie ne tik leid\u017eia patogiai atidaryti ir u\u017edaryti duris, bet ir u\u017etikrina skland\u0173 jud\u0117jim\u0105. \u0160i savyb\u0117 leid\u017eia m\u0117gautis ramybe ir tyla virtuv\u0117je net ir intensyvaus maisto gaminimo metu. Papildomas privalumas yra lengvas surinkimas, tod\u0117l tai idealus sprendimas tiems, kurie vertina individual\u0173 dizain\u0105.<\/p>\n<p>\u201eSorento G30 1-D\u201c vir\u0161utin\u0117s virtuv\u0117s spintel\u0117s pasirinkimas yra ne tik funkcionalumo, bet ir stiliaus klausimas. Minimalistinis dizainas papildys bet kok\u012f interjer\u0105 \u2013 nuo klasikin\u0117s iki modernios virtuv\u0117s. D\u0117l patvari\u0173, atspari\u0173 pa\u017eeidimams med\u017eiag\u0173 ir apgalvotos konstrukcijos derinio gausite bald\u0105, kuris tarnaus ilgus metus, suteikdamas j\u016bs\u0173 virtuvei harmonijos ir tvarkos.<\/p>","protected":false},"excerpt":{"rendered":"<p>Plotis (cm): 30<br \/>\n\u016agis (cm): 100<br \/>\nGylis (cm): 32<\/p>","protected":false},"featured_media":157553,"comment_status":"open","ping_status":"open","template":"","meta":[],"product_brand":[],"product_cat":[9436,4106],"product_tag":[],"class_list":{"0":"post-157552","1":"product","2":"type-product","3":"status-publish","4":"has-post-thumbnail","6":"product_cat-kitchen-system-sorento","7":"product_cat-gala-meble","9":"first","10":"instock","11":"purchasable","12":"product-type-simple"},"_links":{"self":[{"href":"https:\/\/baldumarket.lt\/lt\/wp-json\/wp\/v2\/product\/157552","targetHints":{"allow":["GET"]}}],"collection":[{"href":"https:\/\/baldumarket.lt\/lt\/wp-json\/wp\/v2\/product"}],"about":[{"href":"https:\/\/baldumarket.lt\/lt\/wp-json\/wp\/v2\/types\/product"}],"replies":[{"embeddable":true,"href":"https:\/\/baldumarket.lt\/lt\/wp-json\/wp\/v2\/comments?post=157552"}],"wp:featuredmedia":[{"embeddable":true,"href":"https:\/\/baldumarket.lt\/lt\/wp-json\/wp\/v2\/media\/157553"}],"wp:attachment":[{"href":"https:\/\/baldumarket.lt\/lt\/wp-json\/wp\/v2\/media?parent=157552"}],"wp:term":[{"taxonomy":"product_brand","embeddable":true,"href":"https:\/\/baldumarket.lt\/lt\/wp-json\/wp\/v2\/product_brand?post=157552"},{"taxonomy":"product_cat","embeddable":true,"href":"https:\/\/baldumarket.lt\/lt\/wp-json\/wp\/v2\/product_cat?post=157552"},{"taxonomy":"product_tag","embeddable":true,"href":"https:\/\/baldumarket.lt\/lt\/wp-json\/wp\/v2\/product_tag?post=157552"}],"curies":[{"name":"wp","href":"https:\/\/api.w.org\/{rel}","templated":true}]}}