{"id":157548,"date":"2025-12-18T23:33:51","date_gmt":"2025-12-18T20:33:51","guid":{"rendered":"https:\/\/baldumarket.lt\/product\/szafka-kuchenna-gorna-1d-sorento-g30-p-l-bialy-mat-bezowy-mat\/"},"modified":"2026-02-18T11:10:03","modified_gmt":"2026-02-18T08:10:03","slug":"szafka-kuchenna-gorna-1d-sorento-g30-p-l-bialy-mat-bezowy-mat","status":"publish","type":"product","link":"https:\/\/baldumarket.lt\/lt\/product\/szafka-kuchenna-gorna-1d-sorento-g30-p-l-bialy-mat-bezowy-mat\/","title":{"rendered":"Vir\u0161utin\u0117 virtuv\u0117s spintel\u0117 1D Sorento G30 P\/L matin\u0117 balta matin\u0117 sm\u0117lio spalvos"},"content":{"rendered":"<p>Pristatome unikali\u0105 \u201eSorento G30\u201c vir\u0161utin\u0119 virtuv\u0117s spintel\u0119, kurioje dera elegancija ir i\u0161skirtinis funkcionalumas. Jos modernus matin\u0117s baltos ir sm\u0117lio spalvos dizainas \u2013 tikras bet kurios virtuv\u0117s akcentas. Ry\u0161kios, prislopintos spalvos puikiai der\u0117s prie \u012fvairi\u0173 interjer\u0173, suteikdamos lengvumo ir harmonijos. \u0160is modelis \u2013 puikus pasirinkimas tiems, kurie vertina klasikinius, bet kartu ir madingus sprendimus.<\/p>\n<p>\u201eSorento G30\u201c spintel\u0117 \u017eavi ne tik savo i\u0161vaizda, bet ir prakti\u0161kumu, pritaikant j\u0105 kasdieniams poreikiams. 100 cm auk\u0161tis ir 30 cm plotis leid\u017eia optimaliai i\u0161d\u0117styti erdv\u0119. Universalus tvirtinimas (de\u0161in\u0117 arba kair\u0117 ranka) leid\u017eia pritaikyti gamin\u012f prie individuali\u0173 virtuv\u0117s poreiki\u0173, o \u0161velniai u\u017esidarantys \u201eClip-On\u201c vyriai u\u017etikrina patog\u0173 naudojim\u0105.<\/p>\n<p>Spintel\u0117s med\u017eiagos \u2013 auk\u0161tos kokyb\u0117s laminuota plok\u0161t\u0117 \u2013 yra atsparios pa\u017eeidimams, u\u017etikrinant ilgaam\u017ei\u0161kum\u0105. Dvi erdvios lentynos spintel\u0117s viduje pad\u0117s palaikyti tvark\u0105 ir palengvins vis\u0173 j\u016bs\u0173 virtuv\u0117s reikmen\u0173 susid\u0117jim\u0105. Nepaisant kompakti\u0161ko dyd\u017eio, spintel\u0117s erdvumas patenkins net ir reikliausius vartotojus.<\/p>\n<p>\u201eSorento G30\u201c virtuv\u0117s spintel\u0119 galite lengvai surinkti patys, nes pridedama juostel\u0117 ir reguliuojamas pakabos mechanizmas leid\u017eia lengvai surinkti spintel\u0119. M\u0117gaukit\u0117s visi\u0161ka i\u0161d\u0117stymo laisve ir atraskite, kaip lengva derinti stili\u0173 su funkcionalumu. Pasirinkite spintel\u0119, kuri ne tik atitiks j\u016bs\u0173 estetinius l\u016bkes\u010dius, bet ir bus prakti\u0161ka, tod\u0117l kiekvienas apsilankymas virtuv\u0117je bus malonumas.<\/p>","protected":false},"excerpt":{"rendered":"<p>Plotis (cm): 30<br \/>\n\u016agis (cm): 100<br \/>\nGylis (cm): 32<\/p>","protected":false},"featured_media":157549,"comment_status":"open","ping_status":"open","template":"","meta":[],"product_brand":[],"product_cat":[9436,4106],"product_tag":[],"class_list":{"0":"post-157548","1":"product","2":"type-product","3":"status-publish","4":"has-post-thumbnail","6":"product_cat-kitchen-system-sorento","7":"product_cat-gala-meble","9":"first","10":"instock","11":"purchasable","12":"product-type-simple"},"_links":{"self":[{"href":"https:\/\/baldumarket.lt\/lt\/wp-json\/wp\/v2\/product\/157548","targetHints":{"allow":["GET"]}}],"collection":[{"href":"https:\/\/baldumarket.lt\/lt\/wp-json\/wp\/v2\/product"}],"about":[{"href":"https:\/\/baldumarket.lt\/lt\/wp-json\/wp\/v2\/types\/product"}],"replies":[{"embeddable":true,"href":"https:\/\/baldumarket.lt\/lt\/wp-json\/wp\/v2\/comments?post=157548"}],"wp:featuredmedia":[{"embeddable":true,"href":"https:\/\/baldumarket.lt\/lt\/wp-json\/wp\/v2\/media\/157549"}],"wp:attachment":[{"href":"https:\/\/baldumarket.lt\/lt\/wp-json\/wp\/v2\/media?parent=157548"}],"wp:term":[{"taxonomy":"product_brand","embeddable":true,"href":"https:\/\/baldumarket.lt\/lt\/wp-json\/wp\/v2\/product_brand?post=157548"},{"taxonomy":"product_cat","embeddable":true,"href":"https:\/\/baldumarket.lt\/lt\/wp-json\/wp\/v2\/product_cat?post=157548"},{"taxonomy":"product_tag","embeddable":true,"href":"https:\/\/baldumarket.lt\/lt\/wp-json\/wp\/v2\/product_tag?post=157548"}],"curies":[{"name":"wp","href":"https:\/\/api.w.org\/{rel}","templated":true}]}}