{"id":157544,"date":"2025-12-18T23:33:43","date_gmt":"2025-12-18T20:33:43","guid":{"rendered":"https:\/\/baldumarket.lt\/product\/szafka-kuchenna-gorna-1d-sorento-g30-p-l-bialy-mat-puccini\/"},"modified":"2026-02-18T11:10:03","modified_gmt":"2026-02-18T08:10:03","slug":"szafka-kuchenna-gorna-1d-sorento-g30-p-l-bialy-mat-puccini","status":"publish","type":"product","link":"https:\/\/baldumarket.lt\/lt\/product\/szafka-kuchenna-gorna-1d-sorento-g30-p-l-bialy-mat-puccini\/","title":{"rendered":"Vir\u0161utin\u0117 virtuv\u0117s spintel\u0117 1D Sorento G30 P\/L matin\u0117s baltos spalvos Puccini"},"content":{"rendered":"<p>Pakelkite savo virtuv\u0119 \u012f kit\u0105 modernaus stiliaus lyg\u012f su eleganti\u0161ka \u201eSorento\u201c vir\u0161utine virtuv\u0117s spintele. \u0160i unikali spintel\u0117 sustiprina bet kurios erdv\u0117s prabang\u0173 charakter\u012f savo Puccini spalvos fasadais, kurie harmoningai dera su matin\u0117s baltos spalvos korpusu. \u0160is spalv\u0173 derinys ne tik atgaivina interjer\u0105, bet ir suteikia nesenstan\u010dios elegancijos, paversdamas j\u016bs\u0173 virtuv\u0119 vieta, kur stilius dera su funkcionalumu.<\/p>\n<p>Pagaminta i\u0161 atsparios pa\u017eeidimams laminato plok\u0161t\u0117s, \u201eSorento\u201c vir\u0161utin\u0117 spintel\u0117 pasi\u017eymi patvarumu ir tvirtumu, kur\u012f \u012fvertinsite ilgus metus. 18 mm storis u\u017etikrina, kad konstrukcija atlaikys kasdien\u012f naudojim\u0105, o pavir\u0161i\u0173 lengva valyti, tod\u0117l tai puikus pasirinkimas \u0161iuolaikiniams namams. Puikiai suprojektuota, kad atlaikyt\u0173 laiko i\u0161bandym\u0105, ji ilg\u0105 laik\u0105 i\u0161laiko savo i\u0161vaizd\u0105, estetik\u0105 ir kokyb\u0119.<\/p>\n<p>D\u0117l universalaus dureli\u0173 mechanizmo, leid\u017eian\u010dio atidaryti tiek \u012f de\u0161in\u0119, tiek \u012f kair\u0119, \u0161i spintel\u0117 yra ne\u012ftik\u0117tinai prakti\u0161ka ir prisitaiko prie individuali\u0173 j\u016bs\u0173 virtuv\u0117s poreiki\u0173. \u0160velniai u\u017esidarantys \u201eClip-On\u201c vyriai apsaugo nuo erzinan\u010dio trankymo, taip padidindami kasdien\u012f komfort\u0105. Viduje dvi erdvios lentynos padeda tvarkingai laikyti daiktus ir optimaliai i\u0161naudoti turim\u0105 erdv\u0119.<\/p>\n<p>\u201eSorento\u201c spintel\u0117 yra ne tik funkcionali, bet ir lengvai surenkama. Pridedamas reguliuojamas pakabos laikiklis ir tvirtinimo juostel\u0117 leid\u017eia greitai ir lengvai sumontuoti. \u201eGa\u0142a Meble\u201c spintel\u0117 supaprastina interjero dizain\u0105, pasi\u017eym\u0117dama auk\u0161tos kokyb\u0117s meistri\u0161kumu, kuris puikiai papildo jos vizualin\u012f patrauklum\u0105. Suteikite savo virtuvei unikal\u0173 charakter\u012f ir funkcionalum\u0105, kurio jums reikia, su naujausiomis virtuv\u0117s bald\u0173 tendencijomis.<\/p>","protected":false},"excerpt":{"rendered":"<p>Plotis (cm): 30<br \/>\n\u016agis (cm): 100<br \/>\nGylis (cm): 32<\/p>","protected":false},"featured_media":157545,"comment_status":"open","ping_status":"open","template":"","meta":[],"product_brand":[],"product_cat":[9436,4106],"product_tag":[],"class_list":{"0":"post-157544","1":"product","2":"type-product","3":"status-publish","4":"has-post-thumbnail","6":"product_cat-kitchen-system-sorento","7":"product_cat-gala-meble","9":"first","10":"instock","11":"purchasable","12":"product-type-simple"},"_links":{"self":[{"href":"https:\/\/baldumarket.lt\/lt\/wp-json\/wp\/v2\/product\/157544","targetHints":{"allow":["GET"]}}],"collection":[{"href":"https:\/\/baldumarket.lt\/lt\/wp-json\/wp\/v2\/product"}],"about":[{"href":"https:\/\/baldumarket.lt\/lt\/wp-json\/wp\/v2\/types\/product"}],"replies":[{"embeddable":true,"href":"https:\/\/baldumarket.lt\/lt\/wp-json\/wp\/v2\/comments?post=157544"}],"wp:featuredmedia":[{"embeddable":true,"href":"https:\/\/baldumarket.lt\/lt\/wp-json\/wp\/v2\/media\/157545"}],"wp:attachment":[{"href":"https:\/\/baldumarket.lt\/lt\/wp-json\/wp\/v2\/media?parent=157544"}],"wp:term":[{"taxonomy":"product_brand","embeddable":true,"href":"https:\/\/baldumarket.lt\/lt\/wp-json\/wp\/v2\/product_brand?post=157544"},{"taxonomy":"product_cat","embeddable":true,"href":"https:\/\/baldumarket.lt\/lt\/wp-json\/wp\/v2\/product_cat?post=157544"},{"taxonomy":"product_tag","embeddable":true,"href":"https:\/\/baldumarket.lt\/lt\/wp-json\/wp\/v2\/product_tag?post=157544"}],"curies":[{"name":"wp","href":"https:\/\/api.w.org\/{rel}","templated":true}]}}