{"id":157540,"date":"2025-12-18T23:33:35","date_gmt":"2025-12-18T20:33:35","guid":{"rendered":"https:\/\/baldumarket.lt\/product\/szafka-kuchenna-gorna-1d-sorento-g30-p-l-puccini\/"},"modified":"2026-02-18T11:10:03","modified_gmt":"2026-02-18T08:10:03","slug":"szafka-kuchenna-gorna-1d-sorento-g30-p-l-puccini","status":"publish","type":"product","link":"https:\/\/baldumarket.lt\/lt\/product\/szafka-kuchenna-gorna-1d-sorento-g30-p-l-puccini\/","title":{"rendered":"Vir\u0161utin\u0117 virtuv\u0117s spintel\u0117 1D Sorento G30 P\/L Puccini"},"content":{"rendered":"<p>Atraskite elegancij\u0105 ir funkcionalum\u0105 su \u201eGa\u0142a Meble\u201c \u201eSorento G30 1-D\u201c vir\u0161utine virtuv\u0117s spintele, kuri suteiks j\u016bs\u0173 virtuvei nauj\u0105 stiliaus dimensij\u0105. Jos Puccini spalvos priekis traukia ak\u012f, suteikdamas erdvei subtilaus \u017eavesio, kuris papildo \u012fvairius interjero dizainus. D\u0117mesys detal\u0117ms ir auk\u0161tos kokyb\u0117s meistri\u0161kumas u\u017etikrina, kad \u0161i spintel\u0117 ne tik puikiai atrodo, bet ir yra patvari bei atspari kasdieniam naudojimui.<\/p>\n<p>\u0160ios vir\u0161utin\u0117s spintel\u0117s prakti\u0161kumas slypi tame, kad dureli\u0173 atidarymo krypt\u012f galima pritaikyti pagal individualius poreikius \u2013 d\u0117l universali\u0173 fasad\u0173 jas galima montuoti tiek de\u0161in\u0117je, tiek kair\u0117je pus\u0117je. Vertinantys patogum\u0105 \u012fvertins \u0161velniai u\u017esidaran\u010dius \u201eClip-On\u201c vyrius, kurie u\u017etikrina skland\u0173 ir tyl\u0173 dureli\u0173 u\u017edarym\u0105, pa\u0161alindami nemalon\u0173 girg\u017ed\u0117jim\u0105.<\/p>\n<p>\u201eSorento G30\u201c spintel\u0117s funkcionalum\u0105 sustiprina jos vidus, kuriame \u012frengtos dvi erdvios lentynos. Tai puikus sprendimas tiems, kurie ie\u0161ko papildomos vietos kasdieniams virtuv\u0117s priedams laikyti. Laminuotos plok\u0161t\u0117s naudojimas garantuoja ne tik esteti\u0161kai patraukli\u0105 i\u0161vaizd\u0105, bet ir atsparum\u0105 pa\u017eeidimams, o tai ne\u012fkainojama dinami\u0161koje virtuv\u0117s aplinkoje.<\/p>\n<p>Spintel\u0117 sukurta taip, kad j\u0105 b\u016bt\u0173 galima surinkti patiems, tod\u0117l sutaupysite laiko ir pinig\u0173, nereikia samdyti specialist\u0173. Pridedamos tvirtinimo detal\u0117s \u2013 reguliuojamas pakabos elementas ir juostel\u0117 \u2013 leid\u017eia vis\u0105 proces\u0105 atlikti greitai ir intuityviai. \u012ekv\u0117pkite \u201eSorento G30 1-D\u201c vir\u0161utin\u0117s virtuv\u0117s spintel\u0117s galimybi\u0173 ir suteikite savo interjerui unikal\u0173 charakter\u012f, kuris prad\u017eiugins kiekvien\u0105 sve\u010di\u0105.<\/p>","protected":false},"excerpt":{"rendered":"<p>Plotis (cm): 30<br \/>\n\u016agis (cm): 100<br \/>\nGylis (cm): 32<\/p>","protected":false},"featured_media":157541,"comment_status":"open","ping_status":"open","template":"","meta":[],"product_brand":[],"product_cat":[9436,4106],"product_tag":[],"class_list":{"0":"post-157540","1":"product","2":"type-product","3":"status-publish","4":"has-post-thumbnail","6":"product_cat-kitchen-system-sorento","7":"product_cat-gala-meble","9":"first","10":"instock","11":"purchasable","12":"product-type-simple"},"_links":{"self":[{"href":"https:\/\/baldumarket.lt\/lt\/wp-json\/wp\/v2\/product\/157540","targetHints":{"allow":["GET"]}}],"collection":[{"href":"https:\/\/baldumarket.lt\/lt\/wp-json\/wp\/v2\/product"}],"about":[{"href":"https:\/\/baldumarket.lt\/lt\/wp-json\/wp\/v2\/types\/product"}],"replies":[{"embeddable":true,"href":"https:\/\/baldumarket.lt\/lt\/wp-json\/wp\/v2\/comments?post=157540"}],"wp:featuredmedia":[{"embeddable":true,"href":"https:\/\/baldumarket.lt\/lt\/wp-json\/wp\/v2\/media\/157541"}],"wp:attachment":[{"href":"https:\/\/baldumarket.lt\/lt\/wp-json\/wp\/v2\/media?parent=157540"}],"wp:term":[{"taxonomy":"product_brand","embeddable":true,"href":"https:\/\/baldumarket.lt\/lt\/wp-json\/wp\/v2\/product_brand?post=157540"},{"taxonomy":"product_cat","embeddable":true,"href":"https:\/\/baldumarket.lt\/lt\/wp-json\/wp\/v2\/product_cat?post=157540"},{"taxonomy":"product_tag","embeddable":true,"href":"https:\/\/baldumarket.lt\/lt\/wp-json\/wp\/v2\/product_tag?post=157540"}],"curies":[{"name":"wp","href":"https:\/\/api.w.org\/{rel}","templated":true}]}}