{"id":157536,"date":"2025-12-18T23:33:28","date_gmt":"2025-12-18T20:33:28","guid":{"rendered":"https:\/\/baldumarket.lt\/product\/szafka-kuchenna-gorna-1d-sorento-g30-p-l-puccini-bezowy-mat\/"},"modified":"2026-02-18T11:10:03","modified_gmt":"2026-02-18T08:10:03","slug":"szafka-kuchenna-gorna-1d-sorento-g30-p-l-puccini-bezowy-mat","status":"publish","type":"product","link":"https:\/\/baldumarket.lt\/lt\/product\/szafka-kuchenna-gorna-1d-sorento-g30-p-l-puccini-bezowy-mat\/","title":{"rendered":"Vir\u0161utin\u0117 virtuv\u0117s spintel\u0117 1D Sorento G30 P\/L Puccini sm\u0117lio spalvos matin\u0117"},"content":{"rendered":"<p>Sukurkite unikali\u0105 atmosfer\u0105 savo virtuv\u0117je su \u201eSorento G30\u201c vir\u0161utine spintele. Ji i\u0161siskiria subtiliu elegancija, kuri\u0105 pabr\u0117\u017eia matin\u0117s sm\u0117lio spalvos fasadas. Jos spalv\u0173 gama dera prie \u012fvairi\u0173 interjero stili\u0173, suteikdama bet kuriai erdvei \u0161ilumos ir harmonijos. Sukurta kruop\u0161\u010diai, \u0161i spintel\u0117 taps ne tik funkcionaliu, bet ir stilingu j\u016bs\u0173 virtuv\u0117s papildymu.<\/p>\n<p>\u201eSorento G30\u201c pasi\u017eymi universalumu ir prakti\u0161kumu, nes duris galima montuoti de\u0161in\u0117je arba kair\u0117je pus\u0117je. \u0160\u012f sprendim\u0105 galima lengvai pritaikyti prie j\u016bs\u0173 virtuv\u0117s i\u0161planavimo. Be to, \u201eClip-On\u201c vyriai su \u0161velnaus u\u017edarymo funkcija u\u017etikrina komfort\u0105 ir skland\u0173 veikim\u0105. Daugiau jokio dur\u0173 trenkimo \u2013 m\u0117gaukit\u0117s ramybe ir tyla net ir intensyvaus maisto gaminimo metu.<\/p>\n<p>Funkcionalus spintel\u0117s dizainas slepia dviej\u0173 lygi\u0173 lentynas, kurios leid\u017eia organizuoti erdv\u0119 pagal j\u016bs\u0173 poreikius. Jose lengvai tilps tiek pagrindiniai maisto produktai, tiek virtuv\u0117s reikmenys. Tai u\u017etikrina, kad kiekvienas kvadratinis centimetras b\u016bt\u0173 optimaliai i\u0161naudotas ir viskas b\u016bt\u0173 po ranka, o tai ypa\u010d \u012fvertinsite gamindami m\u0117gstamus patiekalus.<\/p>\n<p>Puccini spalvos spintel\u0117s korpusas pagamintas i\u0161 laminuotos plok\u0161t\u0117s, u\u017etikrinan\u010dios ilgaam\u017ei\u0161kum\u0105. \u0160i atspari pa\u017eeidimams med\u017eiaga u\u017etikrina bald\u0173 ilgaam\u017ei\u0161kum\u0105, nepaisant kasdienio naudojimo. \u201eSorento G30\u201c spintel\u0117 sukurta taip, kad j\u0105 b\u016bt\u0173 lengva surinkti patiems, tod\u0117l tai idealus pasirinkimas tiek \u201epasidaryk pats\u201c entuziastams, tiek tiems, kurie ie\u0161ko greit\u0173 sprendim\u0173 savo interjerui.<\/p>","protected":false},"excerpt":{"rendered":"<p>Plotis (cm): 30<br \/>\n\u016agis (cm): 100<br \/>\nGylis (cm): 32<\/p>","protected":false},"featured_media":157537,"comment_status":"open","ping_status":"open","template":"","meta":[],"product_brand":[],"product_cat":[9436,4106],"product_tag":[],"class_list":{"0":"post-157536","1":"product","2":"type-product","3":"status-publish","4":"has-post-thumbnail","6":"product_cat-kitchen-system-sorento","7":"product_cat-gala-meble","9":"first","10":"instock","11":"purchasable","12":"product-type-simple"},"_links":{"self":[{"href":"https:\/\/baldumarket.lt\/lt\/wp-json\/wp\/v2\/product\/157536","targetHints":{"allow":["GET"]}}],"collection":[{"href":"https:\/\/baldumarket.lt\/lt\/wp-json\/wp\/v2\/product"}],"about":[{"href":"https:\/\/baldumarket.lt\/lt\/wp-json\/wp\/v2\/types\/product"}],"replies":[{"embeddable":true,"href":"https:\/\/baldumarket.lt\/lt\/wp-json\/wp\/v2\/comments?post=157536"}],"wp:featuredmedia":[{"embeddable":true,"href":"https:\/\/baldumarket.lt\/lt\/wp-json\/wp\/v2\/media\/157537"}],"wp:attachment":[{"href":"https:\/\/baldumarket.lt\/lt\/wp-json\/wp\/v2\/media?parent=157536"}],"wp:term":[{"taxonomy":"product_brand","embeddable":true,"href":"https:\/\/baldumarket.lt\/lt\/wp-json\/wp\/v2\/product_brand?post=157536"},{"taxonomy":"product_cat","embeddable":true,"href":"https:\/\/baldumarket.lt\/lt\/wp-json\/wp\/v2\/product_cat?post=157536"},{"taxonomy":"product_tag","embeddable":true,"href":"https:\/\/baldumarket.lt\/lt\/wp-json\/wp\/v2\/product_tag?post=157536"}],"curies":[{"name":"wp","href":"https:\/\/api.w.org\/{rel}","templated":true}]}}