{"id":157531,"date":"2025-12-18T23:33:18","date_gmt":"2025-12-18T20:33:18","guid":{"rendered":"https:\/\/baldumarket.lt\/product\/szafka-kuchenna-gorna-1d-sorento-g30-p-l-puccini-bialy-mat-ramka\/"},"modified":"2026-02-18T11:10:03","modified_gmt":"2026-02-18T08:10:03","slug":"szafka-kuchenna-gorna-1d-sorento-g30-p-l-puccini-bialy-mat-ramka","status":"publish","type":"product","link":"https:\/\/baldumarket.lt\/lt\/product\/szafka-kuchenna-gorna-1d-sorento-g30-p-l-puccini-bialy-mat-ramka\/","title":{"rendered":"Vir\u0161utin\u0117 virtuv\u0117s spintel\u0117 1D Sorento G30 P\/L Puccini matin\u0117s baltos spalvos r\u0117meliu"},"content":{"rendered":"<p>Pasiruo\u0161kite pakeisti savo virtuv\u0119 su eleganti\u0161ka klasikin\u0117s baltos spalvos su matiniu pavir\u0161iumi \u201eSorento G30\u201c vir\u0161utine virtuv\u0117s spintele. Ji suteiks j\u016bs\u0173 interjerui nauj\u0105 dimensij\u0105, derindama subtilum\u0105 ir modernum\u0105. Matin\u0117 balta spalva harmoningai dera su \u201ePuccini\u201c spalva, sukurdama rafinuot\u0105 dizain\u0105, atitinkant\u012f naujausias interjero dizaino tendencijas. \u0160i virtuv\u0117s spintel\u0117 yra ne tik gra\u017eus dekoratyvinis elementas, bet ir funkcionalus sprendimas kasdieniam naudojimui. D\u0117l i\u0161mani\u0173 matmen\u0173 ir prakti\u0161ko gylio ji puikiai tinka ma\u017eesn\u0117ms erdv\u0117ms, u\u017etikrindama maksimal\u0173 funkcionalum\u0105. Viduje dvi lentynos padeda laikyti b\u016btiniausius virtuv\u0117s reikmenis, i\u0161laikant tvark\u0105 ir organizuotum\u0105. Patraukli auksin\u0117 metalin\u0117 rankena suteikia elegancijos ir prabangos, pabr\u0117\u017eiant modern\u0173 spintel\u0117s charakter\u012f. Spintel\u0117s atidarymas yra vienas juokas ir patogus d\u0117ka \u201eClip-On\u201c vyri\u0173 su \u0161velnaus u\u017edarymo funkcija, tod\u0117l kasdienis naudojimas tampa dar malonesnis. \u0160i spintel\u0117 yra puikus papildymas tiems, kurie vertina ne tik estetik\u0105, bet ir komfort\u0105.<\/p>","protected":false},"excerpt":{"rendered":"<p>Plotis (cm): 30<br \/>\n\u016agis (cm): 100<br \/>\nGylis (cm): 32<\/p>","protected":false},"featured_media":157532,"comment_status":"open","ping_status":"open","template":"","meta":[],"product_brand":[],"product_cat":[9436,4106],"product_tag":[],"class_list":{"0":"post-157531","1":"product","2":"type-product","3":"status-publish","4":"has-post-thumbnail","6":"product_cat-kitchen-system-sorento","7":"product_cat-gala-meble","9":"first","10":"instock","11":"purchasable","12":"product-type-simple"},"_links":{"self":[{"href":"https:\/\/baldumarket.lt\/lt\/wp-json\/wp\/v2\/product\/157531","targetHints":{"allow":["GET"]}}],"collection":[{"href":"https:\/\/baldumarket.lt\/lt\/wp-json\/wp\/v2\/product"}],"about":[{"href":"https:\/\/baldumarket.lt\/lt\/wp-json\/wp\/v2\/types\/product"}],"replies":[{"embeddable":true,"href":"https:\/\/baldumarket.lt\/lt\/wp-json\/wp\/v2\/comments?post=157531"}],"wp:featuredmedia":[{"embeddable":true,"href":"https:\/\/baldumarket.lt\/lt\/wp-json\/wp\/v2\/media\/157532"}],"wp:attachment":[{"href":"https:\/\/baldumarket.lt\/lt\/wp-json\/wp\/v2\/media?parent=157531"}],"wp:term":[{"taxonomy":"product_brand","embeddable":true,"href":"https:\/\/baldumarket.lt\/lt\/wp-json\/wp\/v2\/product_brand?post=157531"},{"taxonomy":"product_cat","embeddable":true,"href":"https:\/\/baldumarket.lt\/lt\/wp-json\/wp\/v2\/product_cat?post=157531"},{"taxonomy":"product_tag","embeddable":true,"href":"https:\/\/baldumarket.lt\/lt\/wp-json\/wp\/v2\/product_tag?post=157531"}],"curies":[{"name":"wp","href":"https:\/\/api.w.org\/{rel}","templated":true}]}}