{"id":157527,"date":"2025-12-18T23:33:11","date_gmt":"2025-12-18T20:33:11","guid":{"rendered":"https:\/\/baldumarket.lt\/product\/szafka-kuchenna-gorna-1d-sorento-g30-p-l-puccini-green\/"},"modified":"2026-02-18T11:09:48","modified_gmt":"2026-02-18T08:09:48","slug":"szafka-kuchenna-gorna-1d-sorento-g30-p-l-puccini-green","status":"publish","type":"product","link":"https:\/\/baldumarket.lt\/lt\/product\/szafka-kuchenna-gorna-1d-sorento-g30-p-l-puccini-green\/","title":{"rendered":"Vir\u0161utin\u0117 virtuv\u0117s spintel\u0117 1D Sorento G30 P\/L Puccini Green"},"content":{"rendered":"<p>Papuo\u0161kite savo virtuv\u0119 i\u0161skirtine elegancija su \u201eSorento G30 1-D\u201c vir\u0161utine virtuv\u0117s spintele \u201ePuccini Green\u201c spalvos. \u0160is modelis \u2013 tai tobulas modernaus dizaino ir klasikin\u0117s \u017ealios spalvos derinys, suteikiantis gaivumo ir stiliaus bet kokiam interjerui. D\u0117l kompakti\u0161ko plo\u010dio \u0161i spintel\u0117 puikiai tiks bet kurioje virtuv\u0117s erdv\u0117je, sukurdama harmoning\u0105 i\u0161d\u0117stym\u0105.<\/p>\n<p>Spintel\u0117s korpusas pagamintas i\u0161 laminuotos plok\u0161t\u0117s, kuri u\u017etikrina ne tik ilgaam\u017ei\u0161kum\u0105, bet ir atsparum\u0105 kasdieniams virtuv\u0117s i\u0161\u0161\u016bkiams. \u017dalias fasadas suteikia rafinuotumo ir sukuria raminan\u010di\u0105 atmosfer\u0105. \u017dalias Puccini atspalvis \u2013 puikus pasirinkimas tiems, kurie savo interjere trok\u0161ta subtili\u0173, bet pastebim\u0173 detali\u0173.<\/p>\n<p>Spintel\u0117s funkcionalumas sukurtas maksimaliam komfortui. \u0160velnaus u\u017edarymo sistema ir reguliuojami vyriai u\u017etikrina skland\u0173 veikim\u0105 ir lengv\u0105 montavim\u0105, nepriklausomai nuo dureli\u0173 atidarymo krypties. Tai leid\u017eia kiekvienam vartotojui pritaikyti sprendim\u0105 pagal savo poreikius, optimaliai i\u0161naudojant erdv\u0119.<\/p>\n<p>\u0160is baldas ne tik puikiai tinka daiktams laikyti, bet ir pabr\u0117\u017eia individual\u0173 j\u016bs\u0173 virtuv\u0117s charakter\u012f. Surinkimas yra paprastas ir intuityvus, tod\u0117l jau\u010diamas gerai atlikto darbo pasitenkinimas ir gaunamas unikalus galutinis rezultatas. Optimalus lentyn\u0173 skai\u010dius viduje pad\u0117s i\u0161laikyti tvark\u0105 ir taps j\u016bs\u0173 m\u0117gstamiausia vieta \u012fvairiems virtuv\u0117s daiktams laikyti.<\/p>","protected":false},"excerpt":{"rendered":"<p>Plotis (cm): 30<br \/>\n\u016agis (cm): 100<br \/>\nGylis (cm): 32<\/p>","protected":false},"featured_media":157528,"comment_status":"open","ping_status":"open","template":"","meta":[],"product_brand":[],"product_cat":[9436,4106],"product_tag":[],"class_list":{"0":"post-157527","1":"product","2":"type-product","3":"status-publish","4":"has-post-thumbnail","6":"product_cat-kitchen-system-sorento","7":"product_cat-gala-meble","9":"first","10":"instock","11":"purchasable","12":"product-type-simple"},"_links":{"self":[{"href":"https:\/\/baldumarket.lt\/lt\/wp-json\/wp\/v2\/product\/157527","targetHints":{"allow":["GET"]}}],"collection":[{"href":"https:\/\/baldumarket.lt\/lt\/wp-json\/wp\/v2\/product"}],"about":[{"href":"https:\/\/baldumarket.lt\/lt\/wp-json\/wp\/v2\/types\/product"}],"replies":[{"embeddable":true,"href":"https:\/\/baldumarket.lt\/lt\/wp-json\/wp\/v2\/comments?post=157527"}],"wp:featuredmedia":[{"embeddable":true,"href":"https:\/\/baldumarket.lt\/lt\/wp-json\/wp\/v2\/media\/157528"}],"wp:attachment":[{"href":"https:\/\/baldumarket.lt\/lt\/wp-json\/wp\/v2\/media?parent=157527"}],"wp:term":[{"taxonomy":"product_brand","embeddable":true,"href":"https:\/\/baldumarket.lt\/lt\/wp-json\/wp\/v2\/product_brand?post=157527"},{"taxonomy":"product_cat","embeddable":true,"href":"https:\/\/baldumarket.lt\/lt\/wp-json\/wp\/v2\/product_cat?post=157527"},{"taxonomy":"product_tag","embeddable":true,"href":"https:\/\/baldumarket.lt\/lt\/wp-json\/wp\/v2\/product_tag?post=157527"}],"curies":[{"name":"wp","href":"https:\/\/api.w.org\/{rel}","templated":true}]}}