{"id":157519,"date":"2025-12-18T23:32:55","date_gmt":"2025-12-18T20:32:55","guid":{"rendered":"https:\/\/baldumarket.lt\/product\/szafka-kuchenna-gorna-1d-sorento-g40-p-l-baltic-storm-bezowy-mat\/"},"modified":"2026-02-18T11:09:48","modified_gmt":"2026-02-18T08:09:48","slug":"szafka-kuchenna-gorna-1d-sorento-g40-p-l-baltic-storm-bezowy-mat","status":"publish","type":"product","link":"https:\/\/baldumarket.lt\/lt\/product\/szafka-kuchenna-gorna-1d-sorento-g40-p-l-baltic-storm-bezowy-mat\/","title":{"rendered":"Vir\u0161utin\u0117 virtuv\u0117s spintel\u0117 1D Sorento G40 P\/L Baltic Storm Beige Matte"},"content":{"rendered":"<p>Atraskite nepaprast\u0105 \u201eSorento G40 1-D\u201c vir\u0161utin\u0117s virtuv\u0117s spintel\u0117s, matin\u0117s sm\u0117lio spalvos, elegancij\u0105. \u0160i unikali spintel\u0117, kurios plotis 40 cm, o auk\u0161tis 100 cm, yra tobulas modernaus dizaino ir funkcionalumo derinys. Subtilios linijos ir matin\u0117 apdaila suteikia elegancijos bet kuriai virtuvei ir sukuria jauki\u0105 atmosfer\u0105.<\/p>\n<p>Spintel\u0117 pagaminta i\u0161 laminuotos plok\u0161t\u0117s, u\u017etikrinan\u010dios patvarum\u0105 ir atsparum\u0105 kasdieniam naudojimui. \u201eBaltic Storm\u201c korpuso spalva puikiai dera su sm\u0117lio spalvos priekiu, suteikia i\u0161skirtin\u012f kontrast\u0105 ir paver\u010dia spintel\u0119 bet kurios virtuv\u0117s traukos centru. Tai idealus sprendimas tiems, kurie vertina auk\u0161t\u0105 kokyb\u0119 ir modern\u0173 dizain\u0105.<\/p>\n<p>Dar viena \u0161ios spintel\u0117s savyb\u0117 \u2013 prakti\u0161kumas. Dvi erdvios lentynos leid\u017eia efektyviai laikyti virtuv\u0117s reikmenis, supaprastinant erdv\u0117s organizavim\u0105. D\u0117l reguliuojam\u0173 pakab\u0173 ir tvirtinimo juostel\u0117s surinkimas yra paprastas ir intuityvus, tod\u0117l \u0161i spintel\u0117 puikiai tinka surinkimui patiems.<\/p>\n<p>Papildomas privalumas \u2013 \u0161velniai u\u017esidarantys vyriai, kurie padidina spintel\u0117s patogum\u0105. Tai u\u017etikrina, kad kiekvienas dureli\u0173 atidarymas vyksta skland\u017eiai ir tyliai. \u201eSorento 1-D\u201c vir\u0161utin\u0117 virtuv\u0117s spintel\u0117 yra funkcionalumo ir estetikos derinio sinonimas \u2013 puikus pasirinkimas bet kuriai moderniai virtuvei, kurioje svarbiausia yra d\u0117mesys detal\u0117ms.<\/p>","protected":false},"excerpt":{"rendered":"<p>Plotis (cm): 40<br \/>\n\u016agis (cm): 100<br \/>\nGylis (cm): 32<\/p>","protected":false},"featured_media":157520,"comment_status":"open","ping_status":"open","template":"","meta":[],"product_brand":[],"product_cat":[9436,4106],"product_tag":[],"class_list":{"0":"post-157519","1":"product","2":"type-product","3":"status-publish","4":"has-post-thumbnail","6":"product_cat-kitchen-system-sorento","7":"product_cat-gala-meble","9":"first","10":"instock","11":"purchasable","12":"product-type-simple"},"_links":{"self":[{"href":"https:\/\/baldumarket.lt\/lt\/wp-json\/wp\/v2\/product\/157519","targetHints":{"allow":["GET"]}}],"collection":[{"href":"https:\/\/baldumarket.lt\/lt\/wp-json\/wp\/v2\/product"}],"about":[{"href":"https:\/\/baldumarket.lt\/lt\/wp-json\/wp\/v2\/types\/product"}],"replies":[{"embeddable":true,"href":"https:\/\/baldumarket.lt\/lt\/wp-json\/wp\/v2\/comments?post=157519"}],"wp:featuredmedia":[{"embeddable":true,"href":"https:\/\/baldumarket.lt\/lt\/wp-json\/wp\/v2\/media\/157520"}],"wp:attachment":[{"href":"https:\/\/baldumarket.lt\/lt\/wp-json\/wp\/v2\/media?parent=157519"}],"wp:term":[{"taxonomy":"product_brand","embeddable":true,"href":"https:\/\/baldumarket.lt\/lt\/wp-json\/wp\/v2\/product_brand?post=157519"},{"taxonomy":"product_cat","embeddable":true,"href":"https:\/\/baldumarket.lt\/lt\/wp-json\/wp\/v2\/product_cat?post=157519"},{"taxonomy":"product_tag","embeddable":true,"href":"https:\/\/baldumarket.lt\/lt\/wp-json\/wp\/v2\/product_tag?post=157519"}],"curies":[{"name":"wp","href":"https:\/\/api.w.org\/{rel}","templated":true}]}}