{"id":157515,"date":"2025-12-18T23:32:47","date_gmt":"2025-12-18T20:32:47","guid":{"rendered":"https:\/\/baldumarket.lt\/product\/szafka-kuchenna-gorna-1d-sorento-g40-p-l-baltic-storm-green\/"},"modified":"2026-02-18T11:09:48","modified_gmt":"2026-02-18T08:09:48","slug":"szafka-kuchenna-gorna-1d-sorento-g40-p-l-baltic-storm-green","status":"publish","type":"product","link":"https:\/\/baldumarket.lt\/lt\/product\/szafka-kuchenna-gorna-1d-sorento-g40-p-l-baltic-storm-green\/","title":{"rendered":"Vir\u0161utin\u0117 virtuv\u0117s spintel\u0117 1D Sorento G40 P\/L Baltic Storm Green"},"content":{"rendered":"<p>Atraskite i\u0161skirtin\u012f \u201eSorento G40 P\/L\u201c vir\u0161utin\u0117s virtuv\u0117s spintel\u0117s stili\u0173 ir funkcionalum\u0105 unikalios \u201eBaltic Storm Green\u201c spalvos. \u0160i eleganti\u0161ka spintel\u0117 harmoningai derina modern\u0173 dizain\u0105 su klasikine elegancija, suteikdama j\u016bs\u0173 virtuvei gaivumo ir stiliaus dvelksm\u0105. Jos matin\u0117 \u017ealia priekin\u0117 dalis yra modernumo simbolis, puikiai papildantis bet kok\u012f virtuv\u0117s dizain\u0105 ir sukuriantis nuostab\u0173 kontrast\u0105 su \u201eBaltic Storm\u201c korpusu.<\/p>\n<p>\u0160ios spintel\u0117s prakti\u0161kumas yra jos esminis privalumas. D\u0117l universali\u0173 fasad\u0173 galite laisvai reguliuoti dureli\u0173 orientacij\u0105 pagal savo poreikius, tod\u0117l ji yra nepaprastai lanksti naudoti. \u0160velnaus u\u017edarymo funkcija u\u017etikrina patog\u0173 naudojim\u0105, o modern\u016bs \u201eClip-On\u201c vyriai \u2013 skland\u0173 ir tyl\u0173 dureli\u0173 u\u017edarym\u0105. Spintel\u0117 su pasl\u0117pta traukimo rankena subtiliai derina funkcionalum\u0105 ir estetik\u0105, suteikdama j\u016bs\u0173 interjerui elegancijos.<\/p>\n<p>Spintel\u0117s viduje yra praktini\u0173 detali\u0173, toki\u0173 kaip dvi erdvios lentynos, kuriose patogu laikyti kasdienius produktus ir virtuv\u0117s reikmenis. Naudota med\u017eiaga \u2013 auk\u0161tos kokyb\u0117s laminuota plok\u0161t\u0117 \u2013 yra atspari pa\u017eeidimams, u\u017etikrinanti ilgalaik\u012f pasitenkinim\u0105. I\u0161skirtinis patvarumas ir atsparumas kasdieniam naudojimui daro j\u0105 idealiu pasirinkimu bet kuriai virtuvei.<\/p>\n<p>Paprastas savaranki\u0161kas surinkimas leid\u017eia greitai ir lengvai m\u0117gautis modernia \u0161io baldo i\u0161vaizda ir prakti\u0161kumu. \u012e surinkimo komplekt\u0105 \u012feina reguliuojamas pakabos elementas ir juostel\u0117, tod\u0117l montavimas dar lengvesnis. Suteikite savo virtuvei i\u0161skirtinio akcento su \u201eSorento G40 P\/L\u201c vir\u0161utine virtuv\u0117s spintele \u201eBaltic Storm Green\u201c spalvos \u2013 funkcionalumas ir estetika viename!<\/p>","protected":false},"excerpt":{"rendered":"<p>Plotis (cm): 40<br \/>\n\u016agis (cm): 100<br \/>\nGylis (cm): 32<\/p>","protected":false},"featured_media":157516,"comment_status":"open","ping_status":"open","template":"","meta":[],"product_brand":[],"product_cat":[9436,4106],"product_tag":[],"class_list":{"0":"post-157515","1":"product","2":"type-product","3":"status-publish","4":"has-post-thumbnail","6":"product_cat-kitchen-system-sorento","7":"product_cat-gala-meble","9":"first","10":"instock","11":"purchasable","12":"product-type-simple"},"_links":{"self":[{"href":"https:\/\/baldumarket.lt\/lt\/wp-json\/wp\/v2\/product\/157515","targetHints":{"allow":["GET"]}}],"collection":[{"href":"https:\/\/baldumarket.lt\/lt\/wp-json\/wp\/v2\/product"}],"about":[{"href":"https:\/\/baldumarket.lt\/lt\/wp-json\/wp\/v2\/types\/product"}],"replies":[{"embeddable":true,"href":"https:\/\/baldumarket.lt\/lt\/wp-json\/wp\/v2\/comments?post=157515"}],"wp:featuredmedia":[{"embeddable":true,"href":"https:\/\/baldumarket.lt\/lt\/wp-json\/wp\/v2\/media\/157516"}],"wp:attachment":[{"href":"https:\/\/baldumarket.lt\/lt\/wp-json\/wp\/v2\/media?parent=157515"}],"wp:term":[{"taxonomy":"product_brand","embeddable":true,"href":"https:\/\/baldumarket.lt\/lt\/wp-json\/wp\/v2\/product_brand?post=157515"},{"taxonomy":"product_cat","embeddable":true,"href":"https:\/\/baldumarket.lt\/lt\/wp-json\/wp\/v2\/product_cat?post=157515"},{"taxonomy":"product_tag","embeddable":true,"href":"https:\/\/baldumarket.lt\/lt\/wp-json\/wp\/v2\/product_tag?post=157515"}],"curies":[{"name":"wp","href":"https:\/\/api.w.org\/{rel}","templated":true}]}}