{"id":157511,"date":"2025-12-18T23:32:39","date_gmt":"2025-12-18T20:32:39","guid":{"rendered":"https:\/\/baldumarket.lt\/product\/szafka-kuchenna-gorna-1d-sorento-g40-p-l-bialy-green\/"},"modified":"2026-02-18T11:09:48","modified_gmt":"2026-02-18T08:09:48","slug":"szafka-kuchenna-gorna-1d-sorento-g40-p-l-bialy-green","status":"publish","type":"product","link":"https:\/\/baldumarket.lt\/lt\/product\/szafka-kuchenna-gorna-1d-sorento-g40-p-l-bialy-green\/","title":{"rendered":"Vir\u0161utin\u0117 virtuv\u0117s spintel\u0117 1D Sorento G40 P\/L Balta \u017dalia"},"content":{"rendered":"<p>Atraskite eleganti\u0161kos \u017ealios spalvos \u201eSorento G40 1-D\u201c vir\u0161utin\u0117s virtuv\u0117s spintel\u0117s gro\u017e\u012f ir funkcionalum\u0105. Unikalus dizainas pavers j\u0105 j\u016bs\u0173 virtuv\u0117s traukos centru, suteikdamas jai gaivumo ir modernumo poj\u016bt\u012f. Matin\u0117s \u017ealios spalvos priekio ir balto korpuso derinys sukuria harmoning\u0105 kompozicij\u0105, puikiai tinkan\u010di\u0105 ie\u0161kantiems k\u016brybi\u0161kumo ir stiliaus.<\/p>\n<p>D\u0117l savo matmen\u0173 \u2013 40 cm plo\u010dio, 100 cm auk\u0161\u010dio ir 32 cm gylio \u2013 \u0161i spintel\u0117 puikiai tinka tiek ma\u017eoms, tiek didel\u0117ms virtuv\u0117ms, u\u017etikrindama optimal\u0173 erdv\u0117s valdym\u0105. Viduje dvi reguliuojamo auk\u0161\u010dio lentynos leid\u017eia tvarkingai ir lengvai pasiekiamoje vietoje laikyti indus, prieskonius ir virtuv\u0117s reikmenis. Laminuotos plok\u0161t\u0117s naudojimas u\u017etikrina patvarum\u0105 ir atsparum\u0105 pa\u017eeidimams, tod\u0117l tai puikus pasirinkimas da\u017enai naudojamai virtuvei.<\/p>\n<p>Verta pamin\u0117ti inovatyvi\u0105 traukiant atidarom\u0105 sistem\u0105, kuri ne tik palengvina kasdien\u012f naudojim\u0105, bet ir suteikia modernumo. Spintel\u0117 turi tylius, reguliuojamus \u201eClip-On\u201c vyrius, u\u017etikrinan\u010dius skland\u0173 ir tyl\u0173 dureli\u0173 u\u017edarym\u0105. Galimyb\u0117 montuoti dureles de\u0161in\u0117je arba kair\u0117je daro spintel\u0119 dar universalesn\u0119, prisitaikydama prie individuali\u0173 j\u016bs\u0173 virtuv\u0117s poreiki\u0173.<\/p>\n<p>\u201eSorento G40\u201c vieneri\u0173 dureli\u0173 vir\u0161utin\u0117 virtuv\u0117s spintel\u0117 taip pat yra prakti\u0161kas sprendimas tiems, kurie vertina nepriklausomyb\u0119. D\u0117l savaranki\u0161ko surinkimo rinkinio kiekvienas gali lengvai sumontuoti bald\u0105 be profesional\u0173 paslaug\u0173. Tai puikus pasirinkimas tiems, kurie ie\u0161ko virtuv\u0117s priedo, kuris b\u016bt\u0173 ne tik esteti\u0161kai patrauklus, bet ir funkcionalus, pary\u0161kint\u0173 j\u0173 individual\u0173 stili\u0173.<\/p>","protected":false},"excerpt":{"rendered":"<p>Plotis (cm): 40<br \/>\n\u016agis (cm): 100<br \/>\nGylis (cm): 32<\/p>","protected":false},"featured_media":157512,"comment_status":"open","ping_status":"open","template":"","meta":[],"product_brand":[],"product_cat":[9436,4106],"product_tag":[],"class_list":{"0":"post-157511","1":"product","2":"type-product","3":"status-publish","4":"has-post-thumbnail","6":"product_cat-kitchen-system-sorento","7":"product_cat-gala-meble","9":"first","10":"instock","11":"purchasable","12":"product-type-simple"},"_links":{"self":[{"href":"https:\/\/baldumarket.lt\/lt\/wp-json\/wp\/v2\/product\/157511","targetHints":{"allow":["GET"]}}],"collection":[{"href":"https:\/\/baldumarket.lt\/lt\/wp-json\/wp\/v2\/product"}],"about":[{"href":"https:\/\/baldumarket.lt\/lt\/wp-json\/wp\/v2\/types\/product"}],"replies":[{"embeddable":true,"href":"https:\/\/baldumarket.lt\/lt\/wp-json\/wp\/v2\/comments?post=157511"}],"wp:featuredmedia":[{"embeddable":true,"href":"https:\/\/baldumarket.lt\/lt\/wp-json\/wp\/v2\/media\/157512"}],"wp:attachment":[{"href":"https:\/\/baldumarket.lt\/lt\/wp-json\/wp\/v2\/media?parent=157511"}],"wp:term":[{"taxonomy":"product_brand","embeddable":true,"href":"https:\/\/baldumarket.lt\/lt\/wp-json\/wp\/v2\/product_brand?post=157511"},{"taxonomy":"product_cat","embeddable":true,"href":"https:\/\/baldumarket.lt\/lt\/wp-json\/wp\/v2\/product_cat?post=157511"},{"taxonomy":"product_tag","embeddable":true,"href":"https:\/\/baldumarket.lt\/lt\/wp-json\/wp\/v2\/product_tag?post=157511"}],"curies":[{"name":"wp","href":"https:\/\/api.w.org\/{rel}","templated":true}]}}