{"id":157505,"date":"2025-12-18T23:32:27","date_gmt":"2025-12-18T20:32:27","guid":{"rendered":"https:\/\/baldumarket.lt\/product\/szafka-kuchenna-gorna-1d-sorento-g40-p-l-bialy-mat\/"},"modified":"2026-02-18T11:09:48","modified_gmt":"2026-02-18T08:09:48","slug":"szafka-kuchenna-gorna-1d-sorento-g40-p-l-bialy-mat","status":"publish","type":"product","link":"https:\/\/baldumarket.lt\/lt\/product\/szafka-kuchenna-gorna-1d-sorento-g40-p-l-bialy-mat\/","title":{"rendered":"Vir\u0161utin\u0117 virtuv\u0117s spintel\u0117 1D Sorento G40 P\/L matin\u0117 balta"},"content":{"rendered":"<p>Matin\u0117s baltos spalvos vir\u0161utin\u0117 virtuv\u0117s spintel\u0117 \u201eSorento G40\u201c \u2013 unikalus dizaino elementas bet kurioje modernioje virtuv\u0117je. Minimalistinis ir eleganti\u0161kas dizainas tinka tiek klasikiniam, tiek moderniam interjerui. Ry\u0161kiai balta priekin\u0117 dalis su subtilia matine apdaila suteikia kambariui \u0161varos ir erdv\u0117s poj\u016bt\u012f, kur\u012f \u012fvertins bet kuris estetikas. Ta\u010diau gro\u017eis \u2013 ne vienintelis \u0161ios spintel\u0117s privalumas. Ji vis\u0173 pirma i\u0161siskiria savo funkcionalumu. Galimyb\u0117 montuoti dureles de\u0161in\u0117je arba kair\u0117je pus\u0117je suteikia galimyb\u0119 lanks\u010diai pritaikyti virtuv\u0117s i\u0161planavim\u0105. Spintel\u0117s viduje yra dvi prakti\u0161kos lentynos, idealiai tinkan\u010dios kasdieniams indams ar maisto produktams laikyti, u\u017etikrinant tobul\u0105 tvark\u0105. Apdailoje yra auksin\u0117 metalin\u0117 rankena, kuri suteikia subtilaus blizgesio ir prabangos. \u0160ios paprastos, bet eleganti\u0161kos detal\u0117s patraukia d\u0117mes\u012f ir suteikia visam dizainui unikal\u0173 charakter\u012f. \u0160velnaus u\u017edarymo sistema u\u017etikrina paprast\u0105 naudojim\u0105 ir apsaugo baldus nuo nereikaling\u0173 pa\u017eeidim\u0173.<\/p>","protected":false},"excerpt":{"rendered":"<p>Plotis (cm): 40<br \/>\n\u016agis (cm): 100<br \/>\nGylis (cm): 32<\/p>","protected":false},"featured_media":157506,"comment_status":"open","ping_status":"open","template":"","meta":[],"product_brand":[],"product_cat":[9436,4106],"product_tag":[],"class_list":{"0":"post-157505","1":"product","2":"type-product","3":"status-publish","4":"has-post-thumbnail","6":"product_cat-kitchen-system-sorento","7":"product_cat-gala-meble","9":"first","10":"instock","11":"purchasable","12":"product-type-simple"},"_links":{"self":[{"href":"https:\/\/baldumarket.lt\/lt\/wp-json\/wp\/v2\/product\/157505","targetHints":{"allow":["GET"]}}],"collection":[{"href":"https:\/\/baldumarket.lt\/lt\/wp-json\/wp\/v2\/product"}],"about":[{"href":"https:\/\/baldumarket.lt\/lt\/wp-json\/wp\/v2\/types\/product"}],"replies":[{"embeddable":true,"href":"https:\/\/baldumarket.lt\/lt\/wp-json\/wp\/v2\/comments?post=157505"}],"wp:featuredmedia":[{"embeddable":true,"href":"https:\/\/baldumarket.lt\/lt\/wp-json\/wp\/v2\/media\/157506"}],"wp:attachment":[{"href":"https:\/\/baldumarket.lt\/lt\/wp-json\/wp\/v2\/media?parent=157505"}],"wp:term":[{"taxonomy":"product_brand","embeddable":true,"href":"https:\/\/baldumarket.lt\/lt\/wp-json\/wp\/v2\/product_brand?post=157505"},{"taxonomy":"product_cat","embeddable":true,"href":"https:\/\/baldumarket.lt\/lt\/wp-json\/wp\/v2\/product_cat?post=157505"},{"taxonomy":"product_tag","embeddable":true,"href":"https:\/\/baldumarket.lt\/lt\/wp-json\/wp\/v2\/product_tag?post=157505"}],"curies":[{"name":"wp","href":"https:\/\/api.w.org\/{rel}","templated":true}]}}