{"id":157501,"date":"2025-12-18T23:32:20","date_gmt":"2025-12-18T20:32:20","guid":{"rendered":"https:\/\/baldumarket.lt\/product\/szafka-kuchenna-gorna-1d-sorento-g40-p-l-bialy-mat-bezowy-mat\/"},"modified":"2026-02-18T11:09:48","modified_gmt":"2026-02-18T08:09:48","slug":"szafka-kuchenna-gorna-1d-sorento-g40-p-l-bialy-mat-bezowy-mat","status":"publish","type":"product","link":"https:\/\/baldumarket.lt\/lt\/product\/szafka-kuchenna-gorna-1d-sorento-g40-p-l-bialy-mat-bezowy-mat\/","title":{"rendered":"Vir\u0161utin\u0117 virtuv\u0117s spintel\u0117 1D Sorento G40 P\/L matin\u0117 balta matin\u0117 sm\u0117lio spalvos"},"content":{"rendered":"<p>Atraskite elegancij\u0105 ir funkcionalum\u0105 viename su \u201eSorento G40\u201c vir\u0161utine virtuv\u0117s spintele. \u0160is modernus dizainas atitinka naujausias interjero dizaino tendencijas, derindamas subtili\u0105 matin\u0119 sm\u0117lio spalv\u0105 su klasikine matine balta. \u0160is spalv\u0173 derinys u\u017etikrina, kad spintel\u0117 skland\u017eiai der\u0117s prie bet kokio interjero, suteikdama jaukumo ir harmonijos.<\/p>\n<p>\u201eSorento G40\u201c spintel\u0117 yra ne tik esteti\u0161kai patraukli, bet ir prakti\u0161ka. D\u0117l i\u0161manaus dizaino ji turi dvi erdvias lentynas, kuriose galima tvarkingai laikyti stalo \u012frankius, prieskonius ir virtuv\u0117s reikmenis. \u0160velniai u\u017esidarantys \u201eClip-On\u201c vyriai u\u017etikrina patog\u0173 naudojim\u0105, pa\u0161alindami triuk\u0161m\u0105 ir sukurdami rami\u0105 atmosfer\u0105 virtuv\u0117je.<\/p>\n<p>Universalus montavimas \u2013 dar vienas \u0161ios spintel\u0117s privalumas. Galimyb\u0117 montuoti dureles de\u0161in\u0117je arba kair\u0117je pus\u0117je d\u0117l speciali\u0173 tvirtinimo ang\u0173 leid\u017eia lengvai integruoti j\u0105 \u012f bet koki\u0105 virtuv\u0117s erdv\u0119. Surinkimas patiems yra paprastas ir nesud\u0117tingas d\u0117ka pridedam\u0173 instrukcij\u0173 ir tvirtinimo laikikli\u0173 bei juosteli\u0173 rinkinio.<\/p>\n<p>Svarbiausias \u0161ios virtuv\u0117s spintel\u0117s bruo\u017eas \u2013 jos patvarumas. Pagaminta i\u0161 auk\u0161tos kokyb\u0117s laminuotos plok\u0161t\u0117s, ji yra atspari pa\u017eeidimams ir \u012fbr\u0117\u017eimams, tod\u0117l tarnauja ilgai. \u201eSorento G40\u201c spintel\u0117 \u2013 puikus pasirinkimas tiems, kurie vertina estetik\u0105, funkcionalum\u0105 ir ilgaam\u017ei\u0161kum\u0105.<\/p>\n<p>Suteikite savo virtuvei stiliaus ir prakti\u0161kumo su modernia \u201eSorento G40\u201c sienine spintele. Tai puiki investicija \u012f esteti\u0161kai patraukl\u0173 ir funkcional\u0173 interjer\u0105, kuris kasdien\u0119 veikl\u0105 pavers malonumu.<\/p>","protected":false},"excerpt":{"rendered":"<p>Plotis (cm): 40<br \/>\n\u016agis (cm): 100<br \/>\nGylis (cm): 32<\/p>","protected":false},"featured_media":157502,"comment_status":"open","ping_status":"open","template":"","meta":[],"product_brand":[],"product_cat":[9436,4106],"product_tag":[],"class_list":{"0":"post-157501","1":"product","2":"type-product","3":"status-publish","4":"has-post-thumbnail","6":"product_cat-kitchen-system-sorento","7":"product_cat-gala-meble","9":"first","10":"instock","11":"purchasable","12":"product-type-simple"},"_links":{"self":[{"href":"https:\/\/baldumarket.lt\/lt\/wp-json\/wp\/v2\/product\/157501","targetHints":{"allow":["GET"]}}],"collection":[{"href":"https:\/\/baldumarket.lt\/lt\/wp-json\/wp\/v2\/product"}],"about":[{"href":"https:\/\/baldumarket.lt\/lt\/wp-json\/wp\/v2\/types\/product"}],"replies":[{"embeddable":true,"href":"https:\/\/baldumarket.lt\/lt\/wp-json\/wp\/v2\/comments?post=157501"}],"wp:featuredmedia":[{"embeddable":true,"href":"https:\/\/baldumarket.lt\/lt\/wp-json\/wp\/v2\/media\/157502"}],"wp:attachment":[{"href":"https:\/\/baldumarket.lt\/lt\/wp-json\/wp\/v2\/media?parent=157501"}],"wp:term":[{"taxonomy":"product_brand","embeddable":true,"href":"https:\/\/baldumarket.lt\/lt\/wp-json\/wp\/v2\/product_brand?post=157501"},{"taxonomy":"product_cat","embeddable":true,"href":"https:\/\/baldumarket.lt\/lt\/wp-json\/wp\/v2\/product_cat?post=157501"},{"taxonomy":"product_tag","embeddable":true,"href":"https:\/\/baldumarket.lt\/lt\/wp-json\/wp\/v2\/product_tag?post=157501"}],"curies":[{"name":"wp","href":"https:\/\/api.w.org\/{rel}","templated":true}]}}