{"id":157497,"date":"2025-12-18T23:32:12","date_gmt":"2025-12-18T20:32:12","guid":{"rendered":"https:\/\/baldumarket.lt\/product\/szafka-kuchenna-gorna-1d-sorento-g40-p-l-bialy-mat-puccini\/"},"modified":"2026-02-18T11:09:48","modified_gmt":"2026-02-18T08:09:48","slug":"szafka-kuchenna-gorna-1d-sorento-g40-p-l-bialy-mat-puccini","status":"publish","type":"product","link":"https:\/\/baldumarket.lt\/lt\/product\/szafka-kuchenna-gorna-1d-sorento-g40-p-l-bialy-mat-puccini\/","title":{"rendered":"Vir\u0161utin\u0117 virtuv\u0117s spintel\u0117 1D Sorento G40 P\/L matin\u0117s baltos spalvos Puccini"},"content":{"rendered":"<p>\u201eSorento\u201c vir\u0161utin\u0117 virtuv\u0117s spintel\u0117 \u2013 puikus sprendimas tiems, kurie vertina elegancij\u0105 ir funkcionalum\u0105 virtuv\u0117je. Subtilus Puccini spalv\u0173 derinys su matin\u0117s baltos spalvos korpusu puikiai dera prie bet kokio interjero. D\u0117l minimalistin\u0117s formos ji puikiai dera tiek moderniose, tiek klasikin\u0117se virtuv\u0117se.<\/p>\n<p>\u0160ios spintel\u0117s prakti\u0161kumas neapsiriboja vien jos i\u0161vaizda. Universal\u016bs fasadai, kuriuos galima montuoti de\u0161in\u0117je arba kair\u0117je pus\u0117je, u\u017etikrina lankst\u0173 dizain\u0105. \u0160velnaus u\u017edarymo sistema su \u201eClip-On\u201c vyriais u\u017etikrina \u0161veln\u0173 ir beveik tyl\u0173 u\u017edarym\u0105, \u017eymiai padidindama komfort\u0105.<\/p>\n<p>Spintel\u0117s vidus suprojektuotas atsi\u017evelgiant \u012f naudotojo patogum\u0105. Dvi erdvios lentynos tilpo \u012f b\u016btiniausius virtuv\u0117s reikmenis, padedan\u010dius palaikyti tvark\u0105 ir organizuotum\u0105 virtuv\u0117je. D\u0117l patvarios laminuotos plok\u0161t\u0117s, naudojamos priekiui ir korpusui, spintel\u0117 yra atspari kasdieniam naudojimui ir pa\u017eeidimams.<\/p>\n<p>Taip pat verta pamin\u0117ti lengv\u0105 surinkim\u0105. Pridedama reguliuojama pakaba ir tvirtinimo juostel\u0117 supaprastina montavim\u0105. Sukurta tiems, kurie nori surinkti patys, ji leid\u017eia pritaikyti j\u0105 pagal individualius poreikius. \u201eSorento\u201c spintel\u0117 sujungia stili\u0173 ir prakti\u0161kum\u0105, kad pakeist\u0173 j\u016bs\u0173 virtuv\u0119.<\/p>","protected":false},"excerpt":{"rendered":"<p>Plotis (cm): 40<br \/>\n\u016agis (cm): 100<br \/>\nGylis (cm): 32<\/p>","protected":false},"featured_media":157498,"comment_status":"open","ping_status":"open","template":"","meta":[],"product_brand":[],"product_cat":[9436,4106],"product_tag":[],"class_list":{"0":"post-157497","1":"product","2":"type-product","3":"status-publish","4":"has-post-thumbnail","6":"product_cat-kitchen-system-sorento","7":"product_cat-gala-meble","9":"first","10":"instock","11":"purchasable","12":"product-type-simple"},"_links":{"self":[{"href":"https:\/\/baldumarket.lt\/lt\/wp-json\/wp\/v2\/product\/157497","targetHints":{"allow":["GET"]}}],"collection":[{"href":"https:\/\/baldumarket.lt\/lt\/wp-json\/wp\/v2\/product"}],"about":[{"href":"https:\/\/baldumarket.lt\/lt\/wp-json\/wp\/v2\/types\/product"}],"replies":[{"embeddable":true,"href":"https:\/\/baldumarket.lt\/lt\/wp-json\/wp\/v2\/comments?post=157497"}],"wp:featuredmedia":[{"embeddable":true,"href":"https:\/\/baldumarket.lt\/lt\/wp-json\/wp\/v2\/media\/157498"}],"wp:attachment":[{"href":"https:\/\/baldumarket.lt\/lt\/wp-json\/wp\/v2\/media?parent=157497"}],"wp:term":[{"taxonomy":"product_brand","embeddable":true,"href":"https:\/\/baldumarket.lt\/lt\/wp-json\/wp\/v2\/product_brand?post=157497"},{"taxonomy":"product_cat","embeddable":true,"href":"https:\/\/baldumarket.lt\/lt\/wp-json\/wp\/v2\/product_cat?post=157497"},{"taxonomy":"product_tag","embeddable":true,"href":"https:\/\/baldumarket.lt\/lt\/wp-json\/wp\/v2\/product_tag?post=157497"}],"curies":[{"name":"wp","href":"https:\/\/api.w.org\/{rel}","templated":true}]}}