{"id":157493,"date":"2025-12-18T23:32:04","date_gmt":"2025-12-18T20:32:04","guid":{"rendered":"https:\/\/baldumarket.lt\/product\/szafka-kuchenna-gorna-1d-sorento-g40-p-l-puccini\/"},"modified":"2026-02-18T11:09:32","modified_gmt":"2026-02-18T08:09:32","slug":"szafka-kuchenna-gorna-1d-sorento-g40-p-l-puccini","status":"publish","type":"product","link":"https:\/\/baldumarket.lt\/lt\/product\/szafka-kuchenna-gorna-1d-sorento-g40-p-l-puccini\/","title":{"rendered":"Vir\u0161utin\u0117 virtuv\u0117s spintel\u0117 1D Sorento G40 P\/L Puccini"},"content":{"rendered":"<p>Atraskite i\u0161skirtin\u0119 elegancij\u0105 su \u201ePuccini Sorento G40\u201c vir\u0161utine virtuv\u0117s spintele. \u0160i stilinga spintel\u0117 \u2013 puikus sprendimas tiems, kurie nori savo virtuvei suteikti elegancijos ir modernumo neprarandant funkcionalumo. \u201ePuccini\u201c spalv\u0173 fasadai ir korpusas skland\u017eiai dera su kitais dekoro elementais, suteikdami interjerui harmonijos ir subtilios elegancijos.<\/p>\n<p>Nors \u201eSorento G40\u201c spintel\u0117 yra minimalistinio dizaino, ji pasi\u017eymi maksimaliu prakti\u0161kumu. D\u0117l i\u0161manaus dizaino galite efektyviai i\u0161naudoti vidin\u0119 erdv\u0119. Puikiai tinka kasdieniams virtuv\u0117s reikmenims laikyti, ji padeda palaikyti tvark\u0105 ir organizuotum\u0105. Ne\u012ftik\u0117tinai prakti\u0161ka \u201eClip-On\u201c u\u017edarymo sistema su \u0161velnaus u\u017edarymo mechanizmu u\u017etikrina paprast\u0105 naudojim\u0105 ir prailgina spintel\u0117s tarnavimo laik\u0105.<\/p>\n<p>D\u0117l pridedam\u0173 komponent\u0173, toki\u0173 kaip reguliuojamas pakabos ir tvirtinimo juostel\u0117s, surinkimas yra labai paprastas. Galimyb\u0117 montuoti dureles de\u0161in\u0117je arba kair\u0117je pus\u0117je daro \u0161i\u0105 spintel\u0119 itin universaliu sprendimu. Ji atitinka \u0161iuolaikini\u0173 gyvenam\u0173j\u0173 erdvi\u0173 poreikius, kur kiekvienas centimetras yra svarbus.<\/p>\n<p>\u201ePuccini Sorento G40\u201c virtuv\u0117s spintel\u0117 taip pat i\u0161siskiria savo patvarumu ir atsparumu. Pagaminta i\u0161 auk\u0161tos kokyb\u0117s laminuotos plok\u0161t\u0117s, ji yra atspari kasdieniams pa\u017eeidimams ir u\u017etikrina ilgalaik\u012f pasitenkinim\u0105. \u0160i investicija sujungia stiling\u0105 dizain\u0105 ir prakti\u0161kum\u0105, tod\u0117l j\u016bs\u0173 virtuv\u0117 bus ne tik funkcionali, bet ir esteti\u0161kai patraukli.<\/p>","protected":false},"excerpt":{"rendered":"<p>Plotis (cm): 40<br \/>\n\u016agis (cm): 100<br \/>\nGylis (cm): 32<\/p>","protected":false},"featured_media":157494,"comment_status":"open","ping_status":"open","template":"","meta":[],"product_brand":[],"product_cat":[9436,4106],"product_tag":[],"class_list":{"0":"post-157493","1":"product","2":"type-product","3":"status-publish","4":"has-post-thumbnail","6":"product_cat-kitchen-system-sorento","7":"product_cat-gala-meble","9":"first","10":"instock","11":"purchasable","12":"product-type-simple"},"_links":{"self":[{"href":"https:\/\/baldumarket.lt\/lt\/wp-json\/wp\/v2\/product\/157493","targetHints":{"allow":["GET"]}}],"collection":[{"href":"https:\/\/baldumarket.lt\/lt\/wp-json\/wp\/v2\/product"}],"about":[{"href":"https:\/\/baldumarket.lt\/lt\/wp-json\/wp\/v2\/types\/product"}],"replies":[{"embeddable":true,"href":"https:\/\/baldumarket.lt\/lt\/wp-json\/wp\/v2\/comments?post=157493"}],"wp:featuredmedia":[{"embeddable":true,"href":"https:\/\/baldumarket.lt\/lt\/wp-json\/wp\/v2\/media\/157494"}],"wp:attachment":[{"href":"https:\/\/baldumarket.lt\/lt\/wp-json\/wp\/v2\/media?parent=157493"}],"wp:term":[{"taxonomy":"product_brand","embeddable":true,"href":"https:\/\/baldumarket.lt\/lt\/wp-json\/wp\/v2\/product_brand?post=157493"},{"taxonomy":"product_cat","embeddable":true,"href":"https:\/\/baldumarket.lt\/lt\/wp-json\/wp\/v2\/product_cat?post=157493"},{"taxonomy":"product_tag","embeddable":true,"href":"https:\/\/baldumarket.lt\/lt\/wp-json\/wp\/v2\/product_tag?post=157493"}],"curies":[{"name":"wp","href":"https:\/\/api.w.org\/{rel}","templated":true}]}}