{"id":157489,"date":"2025-12-18T23:31:57","date_gmt":"2025-12-18T20:31:57","guid":{"rendered":"https:\/\/baldumarket.lt\/product\/szafka-kuchenna-gorna-1d-sorento-g40-p-l-puccini-bezowy-mat\/"},"modified":"2026-02-18T11:09:32","modified_gmt":"2026-02-18T08:09:32","slug":"szafka-kuchenna-gorna-1d-sorento-g40-p-l-puccini-bezowy-mat","status":"publish","type":"product","link":"https:\/\/baldumarket.lt\/lt\/product\/szafka-kuchenna-gorna-1d-sorento-g40-p-l-puccini-bezowy-mat\/","title":{"rendered":"Vir\u0161utin\u0117 virtuv\u0117s spintel\u0117 1D Sorento G40 P\/L Puccini matin\u0117s sm\u0117lio spalvos"},"content":{"rendered":"<p>Vien\u0173 dur\u0173 vir\u0161utin\u0117 virtuv\u0117s spintel\u0117 \u201eSorento G40\u201c i\u0161 \u201eGa\u0142a Meble\u201c \u2013 eleganti\u0161kas ir modernus sprendimas bet kuriai virtuvei. Matin\u0117s sm\u0117lio spalvos fasadas kartu su \u201ePuccini\u201c spalvos korpusu sukuria harmoning\u0105 estetik\u0105, kuri puikiai dera prie \u012fvairi\u0173 interjero dizaino stili\u0173. \u0160i spalv\u0173 gama puikiai atitinka dabartines tendencijas, suteikdama virtuv\u0117s erdvei \u0161ilumos ir jaukumo.<\/p>\n<p>\u0160ios spintel\u0117s funkcionalumas pritaikytas \u0161iuolaikini\u0173 vartotoj\u0173 poreikiams. Galimyb\u0117 montuoti dureles kair\u0117je arba de\u0161in\u0117je suteikia lankstumo, puikiai tinka tiems, kurie vertina individualius sprendimus. \u0160velniai u\u017esidarantys \u201eClip-On\u201c vyriai padidina komfort\u0105, leid\u017eia skland\u017eiai ir tyliai u\u017esidaryti durims, o tai prakti\u0161ka kasdieniam naudojimui.<\/p>\n<p>Spintel\u0117s viduje yra vietos virtuv\u0117s reikmenims susitvarkyti. Dvi erdvios lentynos leid\u017eia susid\u0117ti b\u016btiniausius daiktus ir u\u017etikrina lengv\u0105 prieig\u0105 prie j\u0173 bet kuriuo metu. D\u0117l panaudotos med\u017eiagos \u2013 laminuotos plok\u0161t\u0117s \u2013 spintel\u0117 yra atspari pa\u017eeidimams ir lengvai valoma, tod\u0117l tai idealus pasirinkimas tiems, kurie vertina savo virtuv\u0117s patvarum\u0105 ir estetik\u0105.<\/p>\n<p>Surinkimas \u201epasidaryk pats\u201c yra paprastas ir intuityvus d\u0117ka pridedamo reguliuojamo pakabos ir tvirtinimo juostel\u0117s. Tai puiki galimyb\u0117 visi\u0161kai pritaikyti spintel\u0119 pagal savo poreikius ir m\u0117gautis pasitenkinimu asmeni\u0161kai prisidedant prie virtuv\u0117s erdv\u0117s. \u0160is gaminys derina estetik\u0105 ir prakti\u0161kum\u0105, tod\u0117l yra idealus pasirinkimas bet kokiems namams.<\/p>","protected":false},"excerpt":{"rendered":"<p>Plotis (cm): 40<br \/>\n\u016agis (cm): 100<br \/>\nGylis (cm): 32<\/p>","protected":false},"featured_media":157490,"comment_status":"open","ping_status":"open","template":"","meta":[],"product_brand":[],"product_cat":[9436,4106],"product_tag":[],"class_list":{"0":"post-157489","1":"product","2":"type-product","3":"status-publish","4":"has-post-thumbnail","6":"product_cat-kitchen-system-sorento","7":"product_cat-gala-meble","9":"first","10":"instock","11":"purchasable","12":"product-type-simple"},"_links":{"self":[{"href":"https:\/\/baldumarket.lt\/lt\/wp-json\/wp\/v2\/product\/157489","targetHints":{"allow":["GET"]}}],"collection":[{"href":"https:\/\/baldumarket.lt\/lt\/wp-json\/wp\/v2\/product"}],"about":[{"href":"https:\/\/baldumarket.lt\/lt\/wp-json\/wp\/v2\/types\/product"}],"replies":[{"embeddable":true,"href":"https:\/\/baldumarket.lt\/lt\/wp-json\/wp\/v2\/comments?post=157489"}],"wp:featuredmedia":[{"embeddable":true,"href":"https:\/\/baldumarket.lt\/lt\/wp-json\/wp\/v2\/media\/157490"}],"wp:attachment":[{"href":"https:\/\/baldumarket.lt\/lt\/wp-json\/wp\/v2\/media?parent=157489"}],"wp:term":[{"taxonomy":"product_brand","embeddable":true,"href":"https:\/\/baldumarket.lt\/lt\/wp-json\/wp\/v2\/product_brand?post=157489"},{"taxonomy":"product_cat","embeddable":true,"href":"https:\/\/baldumarket.lt\/lt\/wp-json\/wp\/v2\/product_cat?post=157489"},{"taxonomy":"product_tag","embeddable":true,"href":"https:\/\/baldumarket.lt\/lt\/wp-json\/wp\/v2\/product_tag?post=157489"}],"curies":[{"name":"wp","href":"https:\/\/api.w.org\/{rel}","templated":true}]}}