{"id":157484,"date":"2025-12-18T23:31:48","date_gmt":"2025-12-18T20:31:48","guid":{"rendered":"https:\/\/baldumarket.lt\/product\/szafka-kuchenna-gorna-1d-sorento-g40-p-l-puccini-bialy-mat-ramka\/"},"modified":"2026-02-18T11:09:32","modified_gmt":"2026-02-18T08:09:32","slug":"szafka-kuchenna-gorna-1d-sorento-g40-p-l-puccini-bialy-mat-ramka","status":"publish","type":"product","link":"https:\/\/baldumarket.lt\/lt\/product\/szafka-kuchenna-gorna-1d-sorento-g40-p-l-puccini-bialy-mat-ramka\/","title":{"rendered":"Vir\u0161utin\u0117 virtuv\u0117s spintel\u0117 1D Sorento G40 P\/L Puccini matin\u0117s baltos spalvos r\u0117meliu"},"content":{"rendered":"<p>Papuo\u0161kite savo virtuv\u0117s erdv\u0119 eleganti\u0161ka ir modernia \u201eSorento G40\u201c vir\u0161utine virtuv\u0117s spintele. Minimalistinis matin\u0117s baltos spalvos dizainas puikiai atspindi naujausias interjero dizaino tendencijas, derindamas funkcionalum\u0105 su estetika. Subtilios auksin\u0117s ranken\u0117l\u0117s suteikia prabangos \u017evilgsn\u012f, pabr\u0117\u017eiant unikal\u0173 spintel\u0117s charakter\u012f. \u201eSorento\u201c spintel\u0117 \u2013 puikus sprendimas tiems, kurie siekia suderinti prakti\u0161kum\u0105 ir gro\u017e\u012f. D\u0117l dureli\u0173, kurias galima montuoti de\u0161in\u0117je arba kair\u0117je pus\u0117je, ji prisitaiko prie individuali\u0173 bet kurios virtuv\u0117s poreiki\u0173. Dvi erdvios vidin\u0117s lentynos leid\u017eia lengviau ir tvarkingiau laikyti daiktus, tuo pa\u010diu u\u017etikrinant lengv\u0105 prieig\u0105 prie kasdieni\u0173 daikt\u0173. MDF plok\u0161t\u0117s naudojimas priekin\u0117se dalyse ir patvarus laminatas korpuse u\u017etikrina spintel\u0117s patvarum\u0105, atsparum\u0105 pa\u017eeidimams ir lengv\u0105 valym\u0105. Metalin\u0117s rankenos papildo bendr\u0105 dizain\u0105, suteikdamos stiling\u0105 akcent\u0105, kuris neliks nepasteb\u0117tas. \u0160velnaus u\u017edarymo sistema \u201eClip-On\u201c garantuoja skland\u0173 ir tyl\u0173 u\u017edarym\u0105, o tai ypa\u010d svarbu judriose virtuv\u0117se.<\/p>","protected":false},"excerpt":{"rendered":"<p>Plotis (cm): 40<br \/>\n\u016agis (cm): 100<br \/>\nGylis (cm): 32<\/p>","protected":false},"featured_media":157485,"comment_status":"open","ping_status":"open","template":"","meta":[],"product_brand":[],"product_cat":[9436,4106],"product_tag":[],"class_list":{"0":"post-157484","1":"product","2":"type-product","3":"status-publish","4":"has-post-thumbnail","6":"product_cat-kitchen-system-sorento","7":"product_cat-gala-meble","9":"first","10":"instock","11":"purchasable","12":"product-type-simple"},"_links":{"self":[{"href":"https:\/\/baldumarket.lt\/lt\/wp-json\/wp\/v2\/product\/157484","targetHints":{"allow":["GET"]}}],"collection":[{"href":"https:\/\/baldumarket.lt\/lt\/wp-json\/wp\/v2\/product"}],"about":[{"href":"https:\/\/baldumarket.lt\/lt\/wp-json\/wp\/v2\/types\/product"}],"replies":[{"embeddable":true,"href":"https:\/\/baldumarket.lt\/lt\/wp-json\/wp\/v2\/comments?post=157484"}],"wp:featuredmedia":[{"embeddable":true,"href":"https:\/\/baldumarket.lt\/lt\/wp-json\/wp\/v2\/media\/157485"}],"wp:attachment":[{"href":"https:\/\/baldumarket.lt\/lt\/wp-json\/wp\/v2\/media?parent=157484"}],"wp:term":[{"taxonomy":"product_brand","embeddable":true,"href":"https:\/\/baldumarket.lt\/lt\/wp-json\/wp\/v2\/product_brand?post=157484"},{"taxonomy":"product_cat","embeddable":true,"href":"https:\/\/baldumarket.lt\/lt\/wp-json\/wp\/v2\/product_cat?post=157484"},{"taxonomy":"product_tag","embeddable":true,"href":"https:\/\/baldumarket.lt\/lt\/wp-json\/wp\/v2\/product_tag?post=157484"}],"curies":[{"name":"wp","href":"https:\/\/api.w.org\/{rel}","templated":true}]}}