{"id":157480,"date":"2025-12-18T23:31:40","date_gmt":"2025-12-18T20:31:40","guid":{"rendered":"https:\/\/baldumarket.lt\/product\/szafka-kuchenna-gorna-1d-sorento-g40-p-l-puccini-green\/"},"modified":"2026-02-18T11:09:32","modified_gmt":"2026-02-18T08:09:32","slug":"szafka-kuchenna-gorna-1d-sorento-g40-p-l-puccini-green","status":"publish","type":"product","link":"https:\/\/baldumarket.lt\/lt\/product\/szafka-kuchenna-gorna-1d-sorento-g40-p-l-puccini-green\/","title":{"rendered":"Vir\u0161utin\u0117 virtuv\u0117s spintel\u0117 1D Sorento G40 P\/L Puccini Green"},"content":{"rendered":"<p>Suteikite savo virtuvei elegancijos ir modernumo su garsaus \u201eGa\u0142a Meble\u201c prek\u0117s \u017eenklo \u201eSorento G40\u201c vir\u0161utine virtuv\u0117s spintele \u201ePuccini Green\u201c spalvos. Gra\u017ei \u017ealia priekin\u0117 dalis puikiai dera su aplinka, sukurdama harmoning\u0105 visum\u0105, kuri prad\u017eiugins kiekvien\u0105 sve\u010di\u0105. Priekin\u0117s dalies spalva kartu su diskreti\u0161ku \u201ePuccini\u201c korpuso atspalviu yra prabangos ir rafinuoto skonio esm\u0117.<\/p>\n<p>Be to, spintel\u0117 buvo sukurta atsi\u017evelgiant \u012f kasdien\u012f funkcionalum\u0105. D\u0117l prakti\u0161kos konstrukcijos ir kompakti\u0161k\u0173 matmen\u0173 ji puikiai tinka net ma\u017eesn\u0117se virtuv\u0117se, u\u017etikrindama optimali\u0105 daikt\u0173 laikymo viet\u0105. Dvi vidin\u0117s lentynos sukuria puiki\u0105 viet\u0105 svarbiausiems virtuv\u0117s priedams laikyti, padedant palaikyti tvark\u0105 virtuv\u0117je.<\/p>\n<p>\u201eSorento G40\u201c spintel\u0117 yra puikus estetikos ir modernaus prakti\u0161kumo derinimo pavyzdys. \u0160velnaus u\u017edarymo sistema ne tik palengvina kasdien\u012f naudojim\u0105, bet ir apsaugo spintel\u0119 nuo prie\u0161laikinio susid\u0117v\u0117jimo. Nesvarbu, ar pasirinksite dureles montuoti de\u0161in\u0117je, ar kair\u0117je, tur\u0117site visi\u0161k\u0105 erdv\u0117s i\u0161d\u0117stymo lankstum\u0105.<\/p>\n<p>Spintel\u0117s surinkimas yra greitas ir be streso d\u0117l pridedam\u0173 reguliuojam\u0173 pakab\u0173 ir tvirtinimo juostel\u0117s. Prakti\u0161kas ir paprastas montavimo b\u016bdas rei\u0161kia, kad net ir pradedantieji \u201epasidaryk pats\u201c meistrai gali susidoroti su \u0161ia u\u017eduotimi. Rinkit\u0117s \u201eSorento G40\u201c virtuv\u0117s spintel\u0119, kad suteiktum\u0117te savo virtuvei i\u0161skirtin\u012f stili\u0173 ir kasdien\u012f funkcionalum\u0105.<\/p>","protected":false},"excerpt":{"rendered":"<p>Plotis (cm): 40<br \/>\n\u016agis (cm): 100<br \/>\nGylis (cm): 32<\/p>","protected":false},"featured_media":157481,"comment_status":"open","ping_status":"open","template":"","meta":[],"product_brand":[],"product_cat":[9436,4106],"product_tag":[],"class_list":{"0":"post-157480","1":"product","2":"type-product","3":"status-publish","4":"has-post-thumbnail","6":"product_cat-kitchen-system-sorento","7":"product_cat-gala-meble","9":"first","10":"instock","11":"purchasable","12":"product-type-simple"},"_links":{"self":[{"href":"https:\/\/baldumarket.lt\/lt\/wp-json\/wp\/v2\/product\/157480","targetHints":{"allow":["GET"]}}],"collection":[{"href":"https:\/\/baldumarket.lt\/lt\/wp-json\/wp\/v2\/product"}],"about":[{"href":"https:\/\/baldumarket.lt\/lt\/wp-json\/wp\/v2\/types\/product"}],"replies":[{"embeddable":true,"href":"https:\/\/baldumarket.lt\/lt\/wp-json\/wp\/v2\/comments?post=157480"}],"wp:featuredmedia":[{"embeddable":true,"href":"https:\/\/baldumarket.lt\/lt\/wp-json\/wp\/v2\/media\/157481"}],"wp:attachment":[{"href":"https:\/\/baldumarket.lt\/lt\/wp-json\/wp\/v2\/media?parent=157480"}],"wp:term":[{"taxonomy":"product_brand","embeddable":true,"href":"https:\/\/baldumarket.lt\/lt\/wp-json\/wp\/v2\/product_brand?post=157480"},{"taxonomy":"product_cat","embeddable":true,"href":"https:\/\/baldumarket.lt\/lt\/wp-json\/wp\/v2\/product_cat?post=157480"},{"taxonomy":"product_tag","embeddable":true,"href":"https:\/\/baldumarket.lt\/lt\/wp-json\/wp\/v2\/product_tag?post=157480"}],"curies":[{"name":"wp","href":"https:\/\/api.w.org\/{rel}","templated":true}]}}