{"id":157476,"date":"2025-12-18T23:31:33","date_gmt":"2025-12-18T20:31:33","guid":{"rendered":"https:\/\/baldumarket.lt\/product\/szafka-kuchenna-gorna-1d-sorento-g45-p-l-baltic-storm\/"},"modified":"2026-02-18T11:09:32","modified_gmt":"2026-02-18T08:09:32","slug":"szafka-kuchenna-gorna-1d-sorento-g45-p-l-baltic-storm","status":"publish","type":"product","link":"https:\/\/baldumarket.lt\/lt\/product\/szafka-kuchenna-gorna-1d-sorento-g45-p-l-baltic-storm\/","title":{"rendered":"Vir\u0161utin\u0117 virtuv\u0117s spintel\u0117 1D Sorento G45 P\/L Baltic Storm"},"content":{"rendered":"<p>\u201eSorento G45 1-D\u201c vir\u0161utin\u0117 virtuv\u0117s spintel\u0117 \u2013 puikus sprendimas tiems, kurie vertina stili\u0173 ir funkcionalum\u0105 savo interjere. Eleganti\u0161ka \u201eBaltic Storm\u201c spalva puikiai dera prie modernaus virtuv\u0117s dizaino, suteikia charakterio ir gylio. D\u0117l kruop\u0161\u010diai apgalvoto dizaino spintel\u0117 sujungia ne tik estetik\u0105, bet ir prakti\u0161kum\u0105, sukurdama erdv\u0119, kuri supaprastina kasdien\u012f gyvenim\u0105.<\/p>\n<p>Pagaminta i\u0161 auk\u0161tos kokyb\u0117s laminuotos plok\u0161t\u0117s, \u0161i spintel\u0117 yra atspari pa\u017eeidimams ir lengvai valoma, tod\u0117l puikiai tinka u\u017eimtiems nam\u0173 \u016bkiams. Jos matmenys: 45 cm plo\u010dio, 100 cm auk\u0161\u010dio ir 32 cm gylio, tod\u0117l ji puikiai tinka net ir ank\u0161tiausioms erdv\u0117ms, tuo pa\u010diu suteikiant pakankamai vietos visiems svarbiausiems virtuv\u0117s priedams.<\/p>\n<p>Su reguliuojamu pakabinimo laikikliu ir tvirtinimo juostele \u201eSorento\u201c spintel\u0117 yra nepakei\u010diamas elementas, kur\u012f galite lengvai pritaikyti savo poreikiams. J\u0105 galima montuoti tiek de\u0161in\u0117je, tiek kair\u0117je pus\u0117je, tod\u0117l ji yra nepaprastai universali. Tylus dur\u0173 u\u017edarymas su u\u017espaud\u017eiamais vyriais yra dar vienas privalumas, kuris padidina komfort\u0105, pa\u0161alindamas nemalonius garsus.<\/p>\n<p>\u201eSorento 1D\u201c vir\u0161utin\u0117 spintel\u0117 yra daugiau nei baldas \u2013 tai j\u016bs\u0173 stiliaus ir funkcionalumo, kur\u012f ji suteikia j\u016bs\u0173 virtuvei, i\u0161rai\u0161ka. Minimalistinis dizainas ir neutrali spalva leid\u017eia lengvai priderinti j\u0105 prie \u012fvairi\u0173 interjer\u0173 \u2013 nuo klasikinio iki modernaus. Pasirinkite spintel\u0119, kurioje dera elegancija ir prakti\u0161kumas, ir paverskite savo virtuv\u0117s roj\u0173 dar funkcionalesniu!<\/p>","protected":false},"excerpt":{"rendered":"<p>Plotis (cm): 45<br \/>\n\u016agis (cm): 100<br \/>\nGylis (cm): 32<\/p>","protected":false},"featured_media":157477,"comment_status":"open","ping_status":"open","template":"","meta":[],"product_brand":[],"product_cat":[9436,4106],"product_tag":[],"class_list":{"0":"post-157476","1":"product","2":"type-product","3":"status-publish","4":"has-post-thumbnail","6":"product_cat-kitchen-system-sorento","7":"product_cat-gala-meble","9":"first","10":"instock","11":"purchasable","12":"product-type-simple"},"_links":{"self":[{"href":"https:\/\/baldumarket.lt\/lt\/wp-json\/wp\/v2\/product\/157476","targetHints":{"allow":["GET"]}}],"collection":[{"href":"https:\/\/baldumarket.lt\/lt\/wp-json\/wp\/v2\/product"}],"about":[{"href":"https:\/\/baldumarket.lt\/lt\/wp-json\/wp\/v2\/types\/product"}],"replies":[{"embeddable":true,"href":"https:\/\/baldumarket.lt\/lt\/wp-json\/wp\/v2\/comments?post=157476"}],"wp:featuredmedia":[{"embeddable":true,"href":"https:\/\/baldumarket.lt\/lt\/wp-json\/wp\/v2\/media\/157477"}],"wp:attachment":[{"href":"https:\/\/baldumarket.lt\/lt\/wp-json\/wp\/v2\/media?parent=157476"}],"wp:term":[{"taxonomy":"product_brand","embeddable":true,"href":"https:\/\/baldumarket.lt\/lt\/wp-json\/wp\/v2\/product_brand?post=157476"},{"taxonomy":"product_cat","embeddable":true,"href":"https:\/\/baldumarket.lt\/lt\/wp-json\/wp\/v2\/product_cat?post=157476"},{"taxonomy":"product_tag","embeddable":true,"href":"https:\/\/baldumarket.lt\/lt\/wp-json\/wp\/v2\/product_tag?post=157476"}],"curies":[{"name":"wp","href":"https:\/\/api.w.org\/{rel}","templated":true}]}}