{"id":157472,"date":"2025-12-18T23:31:25","date_gmt":"2025-12-18T20:31:25","guid":{"rendered":"https:\/\/baldumarket.lt\/product\/szafka-kuchenna-gorna-1d-sorento-g45-p-l-baltic-storm-bezowy-mat\/"},"modified":"2026-02-18T11:09:32","modified_gmt":"2026-02-18T08:09:32","slug":"szafka-kuchenna-gorna-1d-sorento-g45-p-l-baltic-storm-bezowy-mat","status":"publish","type":"product","link":"https:\/\/baldumarket.lt\/lt\/product\/szafka-kuchenna-gorna-1d-sorento-g45-p-l-baltic-storm-bezowy-mat\/","title":{"rendered":"Vir\u0161utin\u0117 virtuv\u0117s spintel\u0117 1D Sorento G45 P\/L Baltic Storm Beige Matte"},"content":{"rendered":"<p>Atraskite nauj\u0105 kokyb\u0117s lyg\u012f savo virtuv\u0117je su \u201eSorento\u201c vieneri\u0173 dureli\u0173 vir\u0161utine virtuv\u0117s spintele. \u0160i eleganti\u0161ka ir funkcionali \u201eGa\u0142a Meble\u201c spintel\u0117, pagaminta i\u0161 tvirtos laminuotos plok\u0161t\u0117s, apjungia estetines ir funkcionalias savybes. D\u0117l sm\u0117lio spalvos matinio fasado ir \u201eBaltic Storm\u201c korpuso j\u016bs\u0173 virtuv\u0117 \u012fgis unikali\u0105 i\u0161vaizd\u0105, kuri harmoningai \u012fsilies \u012f bet kok\u012f interjero stili\u0173.<\/p>\n<p>\u201eSorento\u201c spintel\u0117 ne tik patraukia d\u0117mes\u012f savo dizainu, bet ir stebina funkcionalumu. D\u0117l didel\u0117s talpos ir dviej\u0173 lentyn\u0173 galite efektyviai susitvarkyti erdv\u0119, kad reikalingiausi daiktai b\u016bt\u0173 lengvai pasiekiami. D\u0117l savo universalumo j\u0105 lengva montuoti de\u0161in\u0117je arba kair\u0117je pus\u0117je, tod\u0117l puikiai priderinsite prie savo virtuv\u0117s.<\/p>\n<p>Taip pat svarbu patogumas naudoti. U\u017esegami vyriai su \u0161velnaus u\u017edarymo funkcija garantuoja skland\u0173 dureli\u0173 atidarym\u0105 ir u\u017edarym\u0105, taip \u017eymiai pagerindami kasdienio naudojimo komfort\u0105. Tvirta konstrukcija ir atsparios \u012fbr\u0117\u017eimams med\u017eiagos u\u017etikrina ilgaam\u017ei\u0161kum\u0105, tod\u0117l spintel\u0117 daugel\u012f met\u0173 i\u0161laikys puiki\u0105 i\u0161vaizd\u0105.<\/p>\n<p>Net ir ma\u017eiau patyr\u0119 \u201epasidaryk pats\u201c entuziastai lengvai surinks savo virtuv\u0119. Rinkinyje yra reguliuojamas pakabukas ir juostel\u0117, kurios leid\u017eia greitai ir lengvai pakabinti spintel\u0119. \u201ePasidaryk pats\u201c surinkimas \u2013 puikus b\u016bdas sukurti erdv\u0119, kuri i\u0161ties atspind\u0117t\u0173 j\u016bs\u0173 stili\u0173 ir poreikius. \u012ekv\u0117pkite savo virtuvei gyvyb\u0117s su \u201eSorento\u201c spintele \u2013 tobulu dizaino ir funkcionalumo deriniu!<\/p>","protected":false},"excerpt":{"rendered":"<p>Plotis (cm): 45<br \/>\n\u016agis (cm): 100<br \/>\nGylis (cm): 32<\/p>","protected":false},"featured_media":157473,"comment_status":"open","ping_status":"open","template":"","meta":[],"product_brand":[],"product_cat":[9436,4106],"product_tag":[],"class_list":{"0":"post-157472","1":"product","2":"type-product","3":"status-publish","4":"has-post-thumbnail","6":"product_cat-kitchen-system-sorento","7":"product_cat-gala-meble","9":"first","10":"instock","11":"purchasable","12":"product-type-simple"},"_links":{"self":[{"href":"https:\/\/baldumarket.lt\/lt\/wp-json\/wp\/v2\/product\/157472","targetHints":{"allow":["GET"]}}],"collection":[{"href":"https:\/\/baldumarket.lt\/lt\/wp-json\/wp\/v2\/product"}],"about":[{"href":"https:\/\/baldumarket.lt\/lt\/wp-json\/wp\/v2\/types\/product"}],"replies":[{"embeddable":true,"href":"https:\/\/baldumarket.lt\/lt\/wp-json\/wp\/v2\/comments?post=157472"}],"wp:featuredmedia":[{"embeddable":true,"href":"https:\/\/baldumarket.lt\/lt\/wp-json\/wp\/v2\/media\/157473"}],"wp:attachment":[{"href":"https:\/\/baldumarket.lt\/lt\/wp-json\/wp\/v2\/media?parent=157472"}],"wp:term":[{"taxonomy":"product_brand","embeddable":true,"href":"https:\/\/baldumarket.lt\/lt\/wp-json\/wp\/v2\/product_brand?post=157472"},{"taxonomy":"product_cat","embeddable":true,"href":"https:\/\/baldumarket.lt\/lt\/wp-json\/wp\/v2\/product_cat?post=157472"},{"taxonomy":"product_tag","embeddable":true,"href":"https:\/\/baldumarket.lt\/lt\/wp-json\/wp\/v2\/product_tag?post=157472"}],"curies":[{"name":"wp","href":"https:\/\/api.w.org\/{rel}","templated":true}]}}