{"id":157468,"date":"2025-12-18T23:31:18","date_gmt":"2025-12-18T20:31:18","guid":{"rendered":"https:\/\/baldumarket.lt\/product\/szafka-kuchenna-gorna-1d-sorento-g45-p-l-baltic-storm-green\/"},"modified":"2026-02-18T11:09:32","modified_gmt":"2026-02-18T08:09:32","slug":"szafka-kuchenna-gorna-1d-sorento-g45-p-l-baltic-storm-green","status":"publish","type":"product","link":"https:\/\/baldumarket.lt\/lt\/product\/szafka-kuchenna-gorna-1d-sorento-g45-p-l-baltic-storm-green\/","title":{"rendered":"Vir\u0161utin\u0117 virtuv\u0117s spintel\u0117 1D Sorento G45 P\/L Baltic Storm Green"},"content":{"rendered":"<p>Pakelkite savo virtuv\u0119 \u012f kit\u0105 estetikos lyg\u012f su \u201eSorento G45 Baltic Storm Green\u201c vir\u0161utine virtuv\u0117s spintele. Rafinuotas dizainas su matiniais \u017ealiais fasadais suteikia interjerui gamtos ir harmonijos prisilietim\u0105, sukurdamas erdv\u0119, kuri traukia ak\u012f ir d\u017eiugina kiekvien\u0105 dien\u0105. Puikus pasirinkimas eleganti\u0161ko stiliaus m\u0117g\u0117jams, kurie vertina ir gro\u017e\u012f, ir funkcionalum\u0105 savo virtuv\u0117s balduose.<\/p>\n<p>\u012ekv\u0117pta Baltijos kra\u0161tovaizd\u017ei\u0173, spintel\u0117s korpuso spalva \u201eBaltic Storm\u201c suteikia ne tik gylio, bet ir modernumo. Ji pavers j\u016bs\u0173 virtuv\u0119 vieta, kur susitinka gamta ir modernumas, sukurdama harmoning\u0105 erdv\u0119 maisto gaminimui ir laiko leidimui su artimaisiais. Puikiai suderintas fasad\u0173 ir spintel\u0117s korpuso kontrastas leid\u017eia \u0161iai spintelei skland\u017eiai dera prie \u012fvairi\u0173 interjero dizain\u0173.<\/p>\n<p>Funkcionalumas yra pagrindinis \u0161ios spintel\u0117s privalumas. D\u0117l i\u0161mani\u0173j\u0173 \u201eClip-On\u201c vyri\u0173 su \u0161velnaus u\u017edarymo mechanizmu durys u\u017esidaro \u0161velniai ir skland\u017eiai, taip \u017eymiai pagerindamos kasdienio naudojimo komfort\u0105. Reguliuojami vyriai ir galimyb\u0117 montuoti duris i\u0161 abiej\u0173 pusi\u0173 garantuoja lankstum\u0105 ir pritaikomum\u0105 prie j\u016bs\u0173 unikalaus virtuv\u0117s i\u0161planavimo, tod\u0117l \u0161\u012f bald\u0105 itin lengva surinkti ir naudoti.<\/p>\n<p>Paprastas surinkimas yra papildomas privalumas tiems, kurie vertina paprastus sprendimus. \u201eSorento G45\u201c spintel\u0117 suteikia ne tik vietos daiktams susid\u0117ti, bet ir puiki\u0105 galimyb\u0119 pritaikyti virtuv\u0119 pagal savo poreikius. Tai investicija \u012f kokyb\u0119 ir stili\u0173, kuri pagerins j\u016bs\u0173 virtuv\u0117s funkcionalum\u0105 ir estetik\u0105, d\u017eiugindama tiek \u0161eimos narius, tiek sve\u010dius.<\/p>","protected":false},"excerpt":{"rendered":"<p>Plotis (cm): 45<br \/>\n\u016agis (cm): 100<br \/>\nGylis (cm): 32<\/p>","protected":false},"featured_media":157469,"comment_status":"open","ping_status":"open","template":"","meta":[],"product_brand":[],"product_cat":[9436,4106],"product_tag":[],"class_list":{"0":"post-157468","1":"product","2":"type-product","3":"status-publish","4":"has-post-thumbnail","6":"product_cat-kitchen-system-sorento","7":"product_cat-gala-meble","9":"first","10":"instock","11":"purchasable","12":"product-type-simple"},"_links":{"self":[{"href":"https:\/\/baldumarket.lt\/lt\/wp-json\/wp\/v2\/product\/157468","targetHints":{"allow":["GET"]}}],"collection":[{"href":"https:\/\/baldumarket.lt\/lt\/wp-json\/wp\/v2\/product"}],"about":[{"href":"https:\/\/baldumarket.lt\/lt\/wp-json\/wp\/v2\/types\/product"}],"replies":[{"embeddable":true,"href":"https:\/\/baldumarket.lt\/lt\/wp-json\/wp\/v2\/comments?post=157468"}],"wp:featuredmedia":[{"embeddable":true,"href":"https:\/\/baldumarket.lt\/lt\/wp-json\/wp\/v2\/media\/157469"}],"wp:attachment":[{"href":"https:\/\/baldumarket.lt\/lt\/wp-json\/wp\/v2\/media?parent=157468"}],"wp:term":[{"taxonomy":"product_brand","embeddable":true,"href":"https:\/\/baldumarket.lt\/lt\/wp-json\/wp\/v2\/product_brand?post=157468"},{"taxonomy":"product_cat","embeddable":true,"href":"https:\/\/baldumarket.lt\/lt\/wp-json\/wp\/v2\/product_cat?post=157468"},{"taxonomy":"product_tag","embeddable":true,"href":"https:\/\/baldumarket.lt\/lt\/wp-json\/wp\/v2\/product_tag?post=157468"}],"curies":[{"name":"wp","href":"https:\/\/api.w.org\/{rel}","templated":true}]}}