{"id":157464,"date":"2025-12-18T23:31:11","date_gmt":"2025-12-18T20:31:11","guid":{"rendered":"https:\/\/baldumarket.lt\/product\/szafka-kuchenna-gorna-1d-sorento-g45-p-l-bialy-green\/"},"modified":"2026-02-18T11:09:32","modified_gmt":"2026-02-18T08:09:32","slug":"szafka-kuchenna-gorna-1d-sorento-g45-p-l-bialy-green","status":"publish","type":"product","link":"https:\/\/baldumarket.lt\/lt\/product\/szafka-kuchenna-gorna-1d-sorento-g45-p-l-bialy-green\/","title":{"rendered":"Vir\u0161utin\u0117 virtuv\u0117s spintel\u0117 1D Sorento G45 R\/K Balta \u017dalia"},"content":{"rendered":"<p>Atraskite gro\u017e\u012f ir funkcionalum\u0105 savo virtuv\u0117je su \u201eSorento G45 1-D\u201c vir\u0161utine virtuv\u0117s spintele. \u0160is eleganti\u0161kas matin\u0117s \u017ealios spalvos baldas su matin\u0117s baltos spalvos korpusu suteiks j\u016bs\u0173 interjerui gaivumo ir modernumo. \u0160i\u0173 dviej\u0173 spalv\u0173 derinys sukuria harmoning\u0105 kompozicij\u0105, kuri dera prie daugelio interjero stili\u0173 \u2013 nuo skandinavi\u0161ko iki modernaus. Be to, minimalistinis dizainas suteikia bet kuriai virtuvei lengvumo, tod\u0117l ji tampa malonia vieta gaminti maist\u0105 ir susib\u016brimams su artimaisiais.<\/p>\n<p>\u0160i spintel\u0117 buvo sukurta atsi\u017evelgiant \u012f prakti\u0161kum\u0105 ir naudojimo paprastum\u0105. D\u0117l universali\u0173 fasad\u0173 su keturiomis spinteli\u0173 angomis dureles galite montuoti kair\u0117je arba de\u0161in\u0117je, taip suteikdami visi\u0161k\u0105 laisv\u0119 pritaikyti spintel\u0119 prie savo virtuv\u0117s i\u0161planavimo. Be to, \u0161velniai u\u017esidarantys \u201eClip-On\u201c vyriai u\u017etikrina, kad spintel\u0117s atidarymas ir u\u017edarymas b\u016bt\u0173 itin sklandus ir patogus, pa\u0161alinant nemalonius trankymo garsus, kurie gali trikdyti j\u016bs\u0173 nam\u0173 ramyb\u0119 ir tyl\u0105.<\/p>\n<p>Viduje atrasite erdvi\u0105 erdv\u0119, padalint\u0105 \u012f dvi reguliuojamo dyd\u017eio lentynas. \u0160is sprendimas leid\u017eia organizuoti erdv\u0119 b\u016btent taip, kaip jums reikia \u2013 puikiai tinka tiek indams, tiek maisto produktams laikyti. Labai atspari pa\u017eeidimams 18 mm laminuota plok\u0161t\u0117 u\u017etikrina ilgalaik\u012f naudojim\u0105, tod\u0117l \u0161i spintel\u0117 yra puiki investicija ateinantiems metams.<\/p>\n<p>\u0160i spintel\u0117 i\u0161siskiria ne tik estetika, bet ir lengvu surinkimu. Prie spintel\u0117s pridedamas reguliuojamas pakabos laikiklis ir tvirtinimo juostel\u0117, tod\u0117l j\u0105 galima greitai ir lengvai surinkti patiems. Tai rei\u0161kia, kad gal\u0117site greitai m\u0117gautis savo nauja virtuve be profesionalios pagalbos. Pasirinkite \u201eSorento G45\u201c vieneri\u0173 dur\u0173 vir\u0161utin\u0119 virtuv\u0117s spintel\u0119 ir suteikite savo namams reikiamo stiliaus bei funkcionalumo!<\/p>","protected":false},"excerpt":{"rendered":"<p>Plotis (cm): 45<br \/>\n\u016agis (cm): 100<br \/>\nGylis (cm): 32<\/p>","protected":false},"featured_media":157465,"comment_status":"open","ping_status":"open","template":"","meta":[],"product_brand":[],"product_cat":[9436,4106],"product_tag":[],"class_list":{"0":"post-157464","1":"product","2":"type-product","3":"status-publish","4":"has-post-thumbnail","6":"product_cat-kitchen-system-sorento","7":"product_cat-gala-meble","9":"first","10":"instock","11":"purchasable","12":"product-type-simple"},"_links":{"self":[{"href":"https:\/\/baldumarket.lt\/lt\/wp-json\/wp\/v2\/product\/157464","targetHints":{"allow":["GET"]}}],"collection":[{"href":"https:\/\/baldumarket.lt\/lt\/wp-json\/wp\/v2\/product"}],"about":[{"href":"https:\/\/baldumarket.lt\/lt\/wp-json\/wp\/v2\/types\/product"}],"replies":[{"embeddable":true,"href":"https:\/\/baldumarket.lt\/lt\/wp-json\/wp\/v2\/comments?post=157464"}],"wp:featuredmedia":[{"embeddable":true,"href":"https:\/\/baldumarket.lt\/lt\/wp-json\/wp\/v2\/media\/157465"}],"wp:attachment":[{"href":"https:\/\/baldumarket.lt\/lt\/wp-json\/wp\/v2\/media?parent=157464"}],"wp:term":[{"taxonomy":"product_brand","embeddable":true,"href":"https:\/\/baldumarket.lt\/lt\/wp-json\/wp\/v2\/product_brand?post=157464"},{"taxonomy":"product_cat","embeddable":true,"href":"https:\/\/baldumarket.lt\/lt\/wp-json\/wp\/v2\/product_cat?post=157464"},{"taxonomy":"product_tag","embeddable":true,"href":"https:\/\/baldumarket.lt\/lt\/wp-json\/wp\/v2\/product_tag?post=157464"}],"curies":[{"name":"wp","href":"https:\/\/api.w.org\/{rel}","templated":true}]}}