{"id":157458,"date":"2025-12-18T23:30:58","date_gmt":"2025-12-18T20:30:58","guid":{"rendered":"https:\/\/baldumarket.lt\/product\/szafka-kuchenna-gorna-1d-sorento-g45-p-l-bialy-mat\/"},"modified":"2026-02-18T11:09:17","modified_gmt":"2026-02-18T08:09:17","slug":"szafka-kuchenna-gorna-1d-sorento-g45-p-l-bialy-mat","status":"publish","type":"product","link":"https:\/\/baldumarket.lt\/lt\/product\/szafka-kuchenna-gorna-1d-sorento-g45-p-l-bialy-mat\/","title":{"rendered":"Vir\u0161utin\u0117 virtuv\u0117s spintel\u0117 1D Sorento G45 P\/L matin\u0117 balta"},"content":{"rendered":"<p>Vir\u0161utin\u0117je \u201eSorento G45 P\/L\u201c virtuv\u0117s spintel\u0117je dera elegancija ir funkcionalumas. \u0160is unikalus \u201eGa\u0142a Meble\u201c modelis persmelkia erdv\u0119 savo matine balta apdaila, suteikdamas interjerui \u0161varos ir modernumo poj\u016bt\u012f. Paprasta forma ir subtilios detal\u0117s puikiai papildo modern\u0173 virtuv\u0117s dizain\u0105 ir tampa nepakei\u010diamu elementu. \u0160ios spintel\u0117s i\u0161skirtinis bruo\u017eas \u2013 funkcionalumas, pritaikytas kasdieniam naudojimui. D\u0117l universali\u0173 fasad\u0173, kuriuos galima montuoti tiek de\u0161in\u0117je, tiek kair\u0117je pus\u0117je, j\u0105 galima pritaikyti bet kurioje erdv\u0117je. Tai puikus pasirinkimas tiems, kurie vertina lankstum\u0105 ir prisitaikym\u0105 prie individuali\u0173 nam\u0173 \u016bkio poreiki\u0173. Spintel\u0117s vidus sukurtas atsi\u017evelgiant \u012f maksimal\u0173 erdv\u0117s i\u0161naudojim\u0105 \u2013 dvi prakti\u0161kos lentynos leid\u017eia lengvai susid\u0117lioti virtuv\u0117s reikmenis. Tokios detal\u0117s kaip aukso spalvos metalin\u0117 rankena suteikia subtilaus \u017eavesio ir prabangos. Naudodami \u201eSorento\u201c spintel\u0119, atrasite, kaip komfortas ir estetika dera tarpusavyje. Tobul\u0105 apdirbim\u0105 u\u017etikrina tvirtos med\u017eiagos: fasadai pagaminti i\u0161 MDF plok\u0161t\u0117s, o korpusas \u2013 i\u0161 laminuotos plok\u0161t\u0117s, garantuojan\u010dios ilgaam\u017ei\u0161kum\u0105 ir atsparum\u0105 kasdieniams pa\u017eeidimams.<\/p>","protected":false},"excerpt":{"rendered":"<p>Plotis (cm): 45<br \/>\n\u016agis (cm): 100<br \/>\nGylis (cm): 32<\/p>","protected":false},"featured_media":157459,"comment_status":"open","ping_status":"open","template":"","meta":[],"product_brand":[],"product_cat":[9436,4106],"product_tag":[],"class_list":{"0":"post-157458","1":"product","2":"type-product","3":"status-publish","4":"has-post-thumbnail","6":"product_cat-kitchen-system-sorento","7":"product_cat-gala-meble","9":"first","10":"instock","11":"purchasable","12":"product-type-simple"},"_links":{"self":[{"href":"https:\/\/baldumarket.lt\/lt\/wp-json\/wp\/v2\/product\/157458","targetHints":{"allow":["GET"]}}],"collection":[{"href":"https:\/\/baldumarket.lt\/lt\/wp-json\/wp\/v2\/product"}],"about":[{"href":"https:\/\/baldumarket.lt\/lt\/wp-json\/wp\/v2\/types\/product"}],"replies":[{"embeddable":true,"href":"https:\/\/baldumarket.lt\/lt\/wp-json\/wp\/v2\/comments?post=157458"}],"wp:featuredmedia":[{"embeddable":true,"href":"https:\/\/baldumarket.lt\/lt\/wp-json\/wp\/v2\/media\/157459"}],"wp:attachment":[{"href":"https:\/\/baldumarket.lt\/lt\/wp-json\/wp\/v2\/media?parent=157458"}],"wp:term":[{"taxonomy":"product_brand","embeddable":true,"href":"https:\/\/baldumarket.lt\/lt\/wp-json\/wp\/v2\/product_brand?post=157458"},{"taxonomy":"product_cat","embeddable":true,"href":"https:\/\/baldumarket.lt\/lt\/wp-json\/wp\/v2\/product_cat?post=157458"},{"taxonomy":"product_tag","embeddable":true,"href":"https:\/\/baldumarket.lt\/lt\/wp-json\/wp\/v2\/product_tag?post=157458"}],"curies":[{"name":"wp","href":"https:\/\/api.w.org\/{rel}","templated":true}]}}