{"id":157453,"date":"2025-12-18T23:30:48","date_gmt":"2025-12-18T20:30:48","guid":{"rendered":"https:\/\/baldumarket.lt\/product\/szafka-kuchenna-gorna-1d-sorento-g45-p-l-bialy-mat-bezowy-mat\/"},"modified":"2026-02-18T11:09:17","modified_gmt":"2026-02-18T08:09:17","slug":"szafka-kuchenna-gorna-1d-sorento-g45-p-l-bialy-mat-bezowy-mat","status":"publish","type":"product","link":"https:\/\/baldumarket.lt\/lt\/product\/szafka-kuchenna-gorna-1d-sorento-g45-p-l-bialy-mat-bezowy-mat\/","title":{"rendered":"Vir\u0161utin\u0117 virtuv\u0117s spintel\u0117 1D Sorento G45 P\/L matin\u0117 balta matin\u0117 sm\u0117lio spalvos"},"content":{"rendered":"<p>Atraskite nauj\u0105 elegancijos dimensij\u0105 savo virtuv\u0117je su \u2019Sorento G45\u2019 vir\u0161utine virtuv\u0117s spintele. \u0160is unikalus baldas derina modern\u0173 stili\u0173 ir funkcionalum\u0105, puikiai papildydamas bet kok\u012f interjer\u0105. Matin\u0117s sm\u0117lio spalvos priekin\u0117 dalis, subtiliai derinama su matin\u0117s baltos spalvos korpusu, sukuria harmoning\u0105 duet\u0105, kuris virtuvei suteikia gaivumo ir lengvumo. Unikalus \u201eSorento G45\u201c dizainas \u2013 tai ne tik estetikos klausimas. D\u0117l tikslaus gamybos proceso i\u0161 laminuotos plok\u0161t\u0117s \u0161is baldas yra atsparus pa\u017eeidimams ir patvarus, tod\u0117l idealiai tinka kasdieniam naudojimui. \u0160is modelis u\u017etikrina estetin\u012f patrauklum\u0105 ilgus metus, neprarandant kokyb\u0117s ar spalvos. \u201eSorento G45\u201c funkcionalumas slypi gerai apgalvotame dizaine. Erdvus vidus su dviem reguliuojamomis lentynomis leid\u017eia patogiai laikyti visus b\u016btiniausius virtuv\u0117s priedus. U\u017esegami vyriai su \u0161velnaus u\u017edarymo mechanizmu suteikia papildomo komforto, u\u017etikrindami, kad kiekviena akimirka virtuv\u0117je b\u016bt\u0173 kupina ramyb\u0117s ir harmonijos.<\/p>","protected":false},"excerpt":{"rendered":"<p>Plotis (cm): 45<br \/>\n\u016agis (cm): 100<br \/>\nGylis (cm): 32<\/p>","protected":false},"featured_media":157454,"comment_status":"open","ping_status":"open","template":"","meta":[],"product_brand":[],"product_cat":[9436,4106],"product_tag":[],"class_list":{"0":"post-157453","1":"product","2":"type-product","3":"status-publish","4":"has-post-thumbnail","6":"product_cat-kitchen-system-sorento","7":"product_cat-gala-meble","9":"first","10":"instock","11":"purchasable","12":"product-type-simple"},"_links":{"self":[{"href":"https:\/\/baldumarket.lt\/lt\/wp-json\/wp\/v2\/product\/157453","targetHints":{"allow":["GET"]}}],"collection":[{"href":"https:\/\/baldumarket.lt\/lt\/wp-json\/wp\/v2\/product"}],"about":[{"href":"https:\/\/baldumarket.lt\/lt\/wp-json\/wp\/v2\/types\/product"}],"replies":[{"embeddable":true,"href":"https:\/\/baldumarket.lt\/lt\/wp-json\/wp\/v2\/comments?post=157453"}],"wp:featuredmedia":[{"embeddable":true,"href":"https:\/\/baldumarket.lt\/lt\/wp-json\/wp\/v2\/media\/157454"}],"wp:attachment":[{"href":"https:\/\/baldumarket.lt\/lt\/wp-json\/wp\/v2\/media?parent=157453"}],"wp:term":[{"taxonomy":"product_brand","embeddable":true,"href":"https:\/\/baldumarket.lt\/lt\/wp-json\/wp\/v2\/product_brand?post=157453"},{"taxonomy":"product_cat","embeddable":true,"href":"https:\/\/baldumarket.lt\/lt\/wp-json\/wp\/v2\/product_cat?post=157453"},{"taxonomy":"product_tag","embeddable":true,"href":"https:\/\/baldumarket.lt\/lt\/wp-json\/wp\/v2\/product_tag?post=157453"}],"curies":[{"name":"wp","href":"https:\/\/api.w.org\/{rel}","templated":true}]}}