{"id":157449,"date":"2025-12-18T23:30:40","date_gmt":"2025-12-18T20:30:40","guid":{"rendered":"https:\/\/baldumarket.lt\/product\/szafka-kuchenna-gorna-1d-sorento-g45-p-l-bialy-mat-puccini\/"},"modified":"2026-02-18T11:09:17","modified_gmt":"2026-02-18T08:09:17","slug":"szafka-kuchenna-gorna-1d-sorento-g45-p-l-bialy-mat-puccini","status":"publish","type":"product","link":"https:\/\/baldumarket.lt\/lt\/product\/szafka-kuchenna-gorna-1d-sorento-g45-p-l-bialy-mat-puccini\/","title":{"rendered":"Vir\u0161utin\u0117 virtuv\u0117s spintel\u0117 1D Sorento G45 P\/L Matin\u0117 balta Puccini"},"content":{"rendered":"<p>Pakeiskite savo virtuv\u0119 stilinga \u201eSorento\u201c vir\u0161utine virtuv\u0117s spintele, kurios eleganti\u0161ka ir moderni i\u0161vaizda papildys bet koki\u0105 erdv\u0119. Puccini spalvos fasadai, pagaminti i\u0161 laminuotos plok\u0161t\u0117s, suteikia subtilaus \u017eavesio, o matinis baltas korpuso pavir\u0161ius dera su moderniu dekoru, u\u017etikrindamas harmoning\u0105 papildym\u0105 prie esam\u0173 virtuv\u0117s bald\u0173.<\/p>\n<p>Funkcionalumas yra pagrindinis \u0161ios spintel\u0117s aspektas, tod\u0117l ji idealiai tinka tiems, kurie vertina tvark\u0105 ir organizuotum\u0105. Dvi lentynos leid\u017eia lengvai laikyti \u012fvairius daiktus, o i\u0161traukiamas atidarymas leid\u017eia patogiai ir greitai pasiekti daiktus.<\/p>\n<p>Vienas pagrindini\u0173 \u0161ios spintel\u0117s privalum\u0173 yra jos reguliuojamumas \u2013 pridedamas pakaba ir tvirtinimo juostel\u0117 leid\u017eia pritaikyti j\u0105 pagal individualius poreikius. Be to, universal\u016bs fasadai leid\u017eia montuoti de\u0161in\u0117je arba kair\u0117je pus\u0117je, tod\u0117l j\u0105 itin prakti\u0161ka pritaikyti prie j\u016bs\u0173 erdv\u0117s.<\/p>\n<p>I\u0161skirtinai tylus \u201eClip-On\u201c mechanizmas su \u0161velnaus u\u017edarymo funkcija garantuoja kasdien\u012f komfort\u0105. Surinkimas patiems yra paprastas ir intuityvus, tod\u0117l gal\u0117site m\u0117gautis nauja virtuv\u0117s i\u0161vaizda be papildom\u0173 paslaug\u0173. Rinkit\u0117s \u0161i\u0105 virtuv\u0117s spintel\u0119, kad suteiktum\u0117te savo interjerui gaivumo ir funkcionalumo.<\/p>","protected":false},"excerpt":{"rendered":"<p>Plotis (cm): 45<br \/>\n\u016agis (cm): 100<br \/>\nGylis (cm): 32<\/p>","protected":false},"featured_media":157450,"comment_status":"open","ping_status":"open","template":"","meta":[],"product_brand":[],"product_cat":[9436,4106],"product_tag":[],"class_list":{"0":"post-157449","1":"product","2":"type-product","3":"status-publish","4":"has-post-thumbnail","6":"product_cat-kitchen-system-sorento","7":"product_cat-gala-meble","9":"first","10":"instock","11":"purchasable","12":"product-type-simple"},"_links":{"self":[{"href":"https:\/\/baldumarket.lt\/lt\/wp-json\/wp\/v2\/product\/157449","targetHints":{"allow":["GET"]}}],"collection":[{"href":"https:\/\/baldumarket.lt\/lt\/wp-json\/wp\/v2\/product"}],"about":[{"href":"https:\/\/baldumarket.lt\/lt\/wp-json\/wp\/v2\/types\/product"}],"replies":[{"embeddable":true,"href":"https:\/\/baldumarket.lt\/lt\/wp-json\/wp\/v2\/comments?post=157449"}],"wp:featuredmedia":[{"embeddable":true,"href":"https:\/\/baldumarket.lt\/lt\/wp-json\/wp\/v2\/media\/157450"}],"wp:attachment":[{"href":"https:\/\/baldumarket.lt\/lt\/wp-json\/wp\/v2\/media?parent=157449"}],"wp:term":[{"taxonomy":"product_brand","embeddable":true,"href":"https:\/\/baldumarket.lt\/lt\/wp-json\/wp\/v2\/product_brand?post=157449"},{"taxonomy":"product_cat","embeddable":true,"href":"https:\/\/baldumarket.lt\/lt\/wp-json\/wp\/v2\/product_cat?post=157449"},{"taxonomy":"product_tag","embeddable":true,"href":"https:\/\/baldumarket.lt\/lt\/wp-json\/wp\/v2\/product_tag?post=157449"}],"curies":[{"name":"wp","href":"https:\/\/api.w.org\/{rel}","templated":true}]}}