{"id":157445,"date":"2025-12-18T23:30:29","date_gmt":"2025-12-18T20:30:29","guid":{"rendered":"https:\/\/baldumarket.lt\/product\/szafka-kuchenna-gorna-1d-sorento-g45-p-l-puccini\/"},"modified":"2026-02-18T11:09:17","modified_gmt":"2026-02-18T08:09:17","slug":"szafka-kuchenna-gorna-1d-sorento-g45-p-l-puccini","status":"publish","type":"product","link":"https:\/\/baldumarket.lt\/lt\/product\/szafka-kuchenna-gorna-1d-sorento-g45-p-l-puccini\/","title":{"rendered":"Vir\u0161utin\u0117 virtuv\u0117s spintel\u0117 1D Sorento G45 P\/L Puccini"},"content":{"rendered":"<p>Eleganti\u0161ka ir moderni \u201eSorento 1-D\u201c vir\u0161utin\u0117 virtuv\u0117s spintel\u0117 \u2013 puikus pasirinkimas tiems, kurie nori savo virtuvei suteikti unikalaus \u017eavesio. \u201ePuccini\u201c apdaila suteikia interjerui \u0161ilt\u0105, ta\u010diau rafinuot\u0105 atmosfer\u0105. Paprastos linijos ir minimalistin\u0117 forma daro \u0161i\u0105 spintel\u0119 puikiai tinkan\u010di\u0105 \u012fvairiems interjerams \u2013 nuo klasikinio iki modernaus.<\/p>\n<p>Auk\u0161tos kokyb\u0117s meistri\u0161kumas yra \u201eGa\u0142a Meble\u201c prek\u0117s \u017eenklo skiriamasis bruo\u017eas. Spintel\u0117 pagaminta i\u0161 patvarios laminuotos plok\u0161t\u0117s, u\u017etikrinan\u010dios atsparum\u0105 kasdieniams \u012fbr\u0117\u017eimams ir sm\u016bgiams. D\u0117l reguliuojamo pakabos ir pridedamos juostel\u0117s surinkimas yra greitas ir paprastas, tod\u0117l gal\u0117site m\u0117gautis savo virtuv\u0117s funkcionalumu ir estetika be nereikaling\u0173 pastang\u0173.<\/p>\n<p>Prakti\u0161kos savyb\u0117s, palengvinan\u010dios gyvenim\u0105, apima \u0161velniai u\u017esidaran\u010dias dureles su \u201eClip-On\u201c vyriais. \u0160is subtilus valdymas pabr\u0117\u017eia d\u0117mes\u012f detal\u0117ms, tod\u0117l kasdienis virtuv\u0117s naudojimas tampa patogesnis. Gilus ir erdvus interjeras su dviem lentynomis tilps visi j\u016bs\u0173 reikalingi daiktai, pad\u0117s palaikyti tvark\u0105 ir organizuotum\u0105 j\u016bs\u0173 virtuv\u0117je.<\/p>\n<p>Universalus spintel\u0117s dizainas leid\u017eia j\u0105 montuoti tiek kair\u0117je, tiek de\u0161in\u0117je pus\u0117je, suteikiant visi\u0161k\u0105 laisv\u0119 formuojant galutin\u012f virtuv\u0117s i\u0161planavim\u0105. \u201eSorento Puccini\u201c spintel\u0117 yra eleganti\u0161kas, ta\u010diau prakti\u0161kas atsakas \u012f \u0161iuolaikinio interjero poreikius, leid\u017eiantis maksimaliai i\u0161naudoti turim\u0105 erdv\u0119 j\u016bs\u0173 namuose.<\/p>","protected":false},"excerpt":{"rendered":"<p>Plotis (cm): 45<br \/>\n\u016agis (cm): 100<br \/>\nGylis (cm): 32<\/p>","protected":false},"featured_media":157446,"comment_status":"open","ping_status":"open","template":"","meta":[],"product_brand":[],"product_cat":[9436,4106],"product_tag":[],"class_list":{"0":"post-157445","1":"product","2":"type-product","3":"status-publish","4":"has-post-thumbnail","6":"product_cat-kitchen-system-sorento","7":"product_cat-gala-meble","9":"first","10":"instock","11":"purchasable","12":"product-type-simple"},"_links":{"self":[{"href":"https:\/\/baldumarket.lt\/lt\/wp-json\/wp\/v2\/product\/157445","targetHints":{"allow":["GET"]}}],"collection":[{"href":"https:\/\/baldumarket.lt\/lt\/wp-json\/wp\/v2\/product"}],"about":[{"href":"https:\/\/baldumarket.lt\/lt\/wp-json\/wp\/v2\/types\/product"}],"replies":[{"embeddable":true,"href":"https:\/\/baldumarket.lt\/lt\/wp-json\/wp\/v2\/comments?post=157445"}],"wp:featuredmedia":[{"embeddable":true,"href":"https:\/\/baldumarket.lt\/lt\/wp-json\/wp\/v2\/media\/157446"}],"wp:attachment":[{"href":"https:\/\/baldumarket.lt\/lt\/wp-json\/wp\/v2\/media?parent=157445"}],"wp:term":[{"taxonomy":"product_brand","embeddable":true,"href":"https:\/\/baldumarket.lt\/lt\/wp-json\/wp\/v2\/product_brand?post=157445"},{"taxonomy":"product_cat","embeddable":true,"href":"https:\/\/baldumarket.lt\/lt\/wp-json\/wp\/v2\/product_cat?post=157445"},{"taxonomy":"product_tag","embeddable":true,"href":"https:\/\/baldumarket.lt\/lt\/wp-json\/wp\/v2\/product_tag?post=157445"}],"curies":[{"name":"wp","href":"https:\/\/api.w.org\/{rel}","templated":true}]}}