{"id":157441,"date":"2025-12-18T23:30:21","date_gmt":"2025-12-18T20:30:21","guid":{"rendered":"https:\/\/baldumarket.lt\/product\/szafka-kuchenna-gorna-1d-sorento-g45-p-l-puccini-bezowy-mat\/"},"modified":"2026-02-18T11:09:17","modified_gmt":"2026-02-18T08:09:17","slug":"szafka-kuchenna-gorna-1d-sorento-g45-p-l-puccini-bezowy-mat","status":"publish","type":"product","link":"https:\/\/baldumarket.lt\/lt\/product\/szafka-kuchenna-gorna-1d-sorento-g45-p-l-puccini-bezowy-mat\/","title":{"rendered":"Vir\u0161utin\u0117 virtuv\u0117s spintel\u0117 1D Sorento G45 P\/L Puccini sm\u0117lio spalvos matin\u0117"},"content":{"rendered":"<p>\u201eSorento\u201c vieneri\u0173 dur\u0173 vir\u0161utin\u0117 virtuv\u0117s spintel\u0117 \u2013 tai modernaus dizaino esm\u0117, puikiai tinkanti bet kuriai virtuv\u0117s erdvei. Matin\u0117s sm\u0117lio spalvos priekin\u0117 dalis suteikia elegancijos ir subtilaus \u017eavesio, dera su Puccini spalv\u0173 korpusu. \u0160is spalv\u0173 derinys suteikia kambariui \u0161ilumos ir ramyb\u0117s, tod\u0117l kiekviena virtuv\u0117je praleista akimirka tampa dar malonesn\u0117.<\/p>\n<p>\u0160ios spintel\u0117s \u017eavesys slypi ne tik i\u0161vaizdoje, bet ir dideliame funkcionalume. D\u0117l apgalvoto dizaino lengvai rasite viet\u0105 kiekvienam prieskoniui, \u012frankiui ar virtuv\u0117s prietaisui. Viduje \u012frengtos dvi prakti\u0161kos lentynos, kurios leid\u017eia optimaliai i\u0161naudoti turim\u0105 erdv\u0119, \u017eymiai supaprastindamos kasdieni\u0173 virtuv\u0117s darb\u0173 organizavim\u0105.<\/p>\n<p>Viena savyb\u0117, kuri\u0105 tikrai \u012fvertins kiekvienas vartotojas, yra \u201eClip-On\u201c \u0161velnaus u\u017edarymo technologija. \u0160ie vyriai ne tik u\u017etikrina patog\u0173 kasdien\u012f naudojim\u0105, pa\u0161alindami nemalon\u0173 girg\u017ed\u0117jim\u0105, bet ir prisideda prie spintel\u0117s ilgaam\u017ei\u0161kumo. Reguliuojama pakaba ir juostel\u0117, \u012ftraukta \u012f surinkimo rinkin\u012f, leid\u017eia montavimo proces\u0105 padaryti ne\u012ftik\u0117tinai paprast\u0105 ir pritaikyt\u0105 individualiems vartotojo poreikiams.<\/p>\n<p>\u201eSorento\u201c spintel\u0117, turinti galimyb\u0119 montuoti dureles de\u0161in\u0117je arba kair\u0117je, pasi\u017eymi \u012fsp\u016bdingu lankstumu ir atitinka \u012fvairius naudotoj\u0173 reikalavimus. Tai puikus sprendimas tiems, kurie vertina ir estetik\u0105, ir prakti\u0161kum\u0105 savo virtuv\u0117s balduose. Palepinkite save prabangiu komfortu ir i\u0161skirtiniu dizainu su \u0161ia stilinga spintele, kuri neabejotinai taps pagrindiniu j\u016bs\u0173 virtuv\u0117s interjero elementu.<\/p>","protected":false},"excerpt":{"rendered":"<p>Plotis (cm): 45<br \/>\n\u016agis (cm): 100<br \/>\nGylis (cm): 32<\/p>","protected":false},"featured_media":157442,"comment_status":"open","ping_status":"open","template":"","meta":[],"product_brand":[],"product_cat":[9436,4106],"product_tag":[],"class_list":{"0":"post-157441","1":"product","2":"type-product","3":"status-publish","4":"has-post-thumbnail","6":"product_cat-kitchen-system-sorento","7":"product_cat-gala-meble","9":"first","10":"instock","11":"purchasable","12":"product-type-simple"},"_links":{"self":[{"href":"https:\/\/baldumarket.lt\/lt\/wp-json\/wp\/v2\/product\/157441","targetHints":{"allow":["GET"]}}],"collection":[{"href":"https:\/\/baldumarket.lt\/lt\/wp-json\/wp\/v2\/product"}],"about":[{"href":"https:\/\/baldumarket.lt\/lt\/wp-json\/wp\/v2\/types\/product"}],"replies":[{"embeddable":true,"href":"https:\/\/baldumarket.lt\/lt\/wp-json\/wp\/v2\/comments?post=157441"}],"wp:featuredmedia":[{"embeddable":true,"href":"https:\/\/baldumarket.lt\/lt\/wp-json\/wp\/v2\/media\/157442"}],"wp:attachment":[{"href":"https:\/\/baldumarket.lt\/lt\/wp-json\/wp\/v2\/media?parent=157441"}],"wp:term":[{"taxonomy":"product_brand","embeddable":true,"href":"https:\/\/baldumarket.lt\/lt\/wp-json\/wp\/v2\/product_brand?post=157441"},{"taxonomy":"product_cat","embeddable":true,"href":"https:\/\/baldumarket.lt\/lt\/wp-json\/wp\/v2\/product_cat?post=157441"},{"taxonomy":"product_tag","embeddable":true,"href":"https:\/\/baldumarket.lt\/lt\/wp-json\/wp\/v2\/product_tag?post=157441"}],"curies":[{"name":"wp","href":"https:\/\/api.w.org\/{rel}","templated":true}]}}