{"id":157436,"date":"2025-12-18T23:30:11","date_gmt":"2025-12-18T20:30:11","guid":{"rendered":"https:\/\/baldumarket.lt\/product\/szafka-kuchenna-gorna-1d-sorento-g45-p-l-puccini-bialy-mat-ramka\/"},"modified":"2026-02-18T11:09:17","modified_gmt":"2026-02-18T08:09:17","slug":"szafka-kuchenna-gorna-1d-sorento-g45-p-l-puccini-bialy-mat-ramka","status":"publish","type":"product","link":"https:\/\/baldumarket.lt\/lt\/product\/szafka-kuchenna-gorna-1d-sorento-g45-p-l-puccini-bialy-mat-ramka\/","title":{"rendered":"Vir\u0161utin\u0117 virtuv\u0117s spintel\u0117 1D Sorento G45 P\/L Puccini matin\u0117s baltos spalvos r\u0117meliu"},"content":{"rendered":"<p>Sveiki atvyk\u0119 \u012f elegancijos ir funkcionalumo pasaul\u012f su m\u016bs\u0173 \u201eSorento\u201c vir\u0161utine virtuv\u0117s spintele. \u0160is modelis \u2013 puikus sprendimas tiems, kurie vertina stiling\u0105 dizain\u0105 kartu su prakti\u0161kais kasdieniais sprendimais. Matin\u0117s baltos spalvos MDF fasadas harmoningai papildo \u201ePuccini\u201c apdail\u0105, suteikdamas interjerui modern\u0173 charakter\u012f, kuris lengvai tiks prie bet kokio virtuv\u0117s dizaino. 45 cm plo\u010dio ir 100 cm auk\u0161\u010dio \u0161i spintel\u0117 tiks bet kurioje erdv\u0117je ir suteiks daug vietos b\u016btiniausiems virtuv\u0117s reikmenims. \u012erengta dviem erdviomis lentynomis, ji leid\u017eia efektyviai organizuoti virtuv\u0119. Auk\u0161tos kokyb\u0117s laminuotos plok\u0161t\u0117s naudojimas u\u017etikrina patvarum\u0105 ir atsparum\u0105 kasdieniam naudojimui. Pasirinktos detal\u0117s, tokios kaip aukso spalvos metalin\u0117 rankena, suteikia unikalaus \u017eavesio ir pabr\u0117\u017eia i\u0161skirtin\u012f charakter\u012f. U\u017esegami vyriai su \u0161velnaus u\u017edarymo mechanizmu yra paprasto naudojimo ir moderni\u0173 technologij\u0173 sinonimai, tod\u0117l kasdienis darbas virtuv\u0117je tampa dar malonesnis.<\/p>","protected":false},"excerpt":{"rendered":"<p>Plotis (cm): 45<br \/>\n\u016agis (cm): 100<br \/>\nGylis (cm): 32<\/p>","protected":false},"featured_media":157437,"comment_status":"open","ping_status":"open","template":"","meta":[],"product_brand":[],"product_cat":[9436,4106],"product_tag":[],"class_list":{"0":"post-157436","1":"product","2":"type-product","3":"status-publish","4":"has-post-thumbnail","6":"product_cat-kitchen-system-sorento","7":"product_cat-gala-meble","9":"first","10":"instock","11":"purchasable","12":"product-type-simple"},"_links":{"self":[{"href":"https:\/\/baldumarket.lt\/lt\/wp-json\/wp\/v2\/product\/157436","targetHints":{"allow":["GET"]}}],"collection":[{"href":"https:\/\/baldumarket.lt\/lt\/wp-json\/wp\/v2\/product"}],"about":[{"href":"https:\/\/baldumarket.lt\/lt\/wp-json\/wp\/v2\/types\/product"}],"replies":[{"embeddable":true,"href":"https:\/\/baldumarket.lt\/lt\/wp-json\/wp\/v2\/comments?post=157436"}],"wp:featuredmedia":[{"embeddable":true,"href":"https:\/\/baldumarket.lt\/lt\/wp-json\/wp\/v2\/media\/157437"}],"wp:attachment":[{"href":"https:\/\/baldumarket.lt\/lt\/wp-json\/wp\/v2\/media?parent=157436"}],"wp:term":[{"taxonomy":"product_brand","embeddable":true,"href":"https:\/\/baldumarket.lt\/lt\/wp-json\/wp\/v2\/product_brand?post=157436"},{"taxonomy":"product_cat","embeddable":true,"href":"https:\/\/baldumarket.lt\/lt\/wp-json\/wp\/v2\/product_cat?post=157436"},{"taxonomy":"product_tag","embeddable":true,"href":"https:\/\/baldumarket.lt\/lt\/wp-json\/wp\/v2\/product_tag?post=157436"}],"curies":[{"name":"wp","href":"https:\/\/api.w.org\/{rel}","templated":true}]}}