{"id":157432,"date":"2025-12-18T23:30:03","date_gmt":"2025-12-18T20:30:03","guid":{"rendered":"https:\/\/baldumarket.lt\/product\/szafka-kuchenna-gorna-1d-sorento-g45-p-l-puccini-green\/"},"modified":"2026-02-18T11:09:17","modified_gmt":"2026-02-18T08:09:17","slug":"szafka-kuchenna-gorna-1d-sorento-g45-p-l-puccini-green","status":"publish","type":"product","link":"https:\/\/baldumarket.lt\/lt\/product\/szafka-kuchenna-gorna-1d-sorento-g45-p-l-puccini-green\/","title":{"rendered":"Vir\u0161utin\u0117 virtuv\u0117s spintel\u0117 1D Sorento G45 P\/L Puccini Green"},"content":{"rendered":"<p>Atraskite nauj\u0105 elegancijos ir funkcionalumo apibr\u0117\u017eim\u0105 savo virtuv\u0117je su \u201eSorento\u201c vir\u0161utine spintele, kurios spalva \u2013 Puccini Green. Stilingas \u017ealias priekis i\u0161 karto patraukia ak\u012f, suteikdamas bet kokiam interjerui gaivumo ir gyvybingumo. Puikiai tinka tiems, kurie vertina modernius ir akiai malonius akcentus savo namuose.<\/p>\n<p>Pagaminta i\u0161 pa\u017eeidimams atsparios laminuotos plok\u0161t\u0117s, \u0161i spintel\u0117 sujungia patvarum\u0105 ir subtilum\u0105. Universal\u016bs fasadai, kuriuos galima montuoti de\u0161in\u0117je arba kair\u0117je pus\u0117je, leid\u017eia visi\u0161kai pritaikyti spintel\u0119 prie individuali\u0173 poreiki\u0173 ir erdv\u0117s. \u0160is sprendimas tikrai patiks kiekvienam funkcionalaus ir esteti\u0161ko interjero entuziastui.<\/p>\n<p>Ne\u012fmanoma pervertinti \u0161io baldo praktini\u0173 savybi\u0173. Pridedamas reguliuojamas pakabukas ir juostel\u0117 leid\u017eia lengvai ir patogiai surinkti bald\u0105 net nepatyrusiems \u201epasidaryk pats\u201c entuziastams. U\u017esegami vyriai su \u0161velnaus u\u017edarymo mechanizmu u\u017etikrina skland\u0173 veikim\u0105 ir patogum\u0105 kasdien naudojant, suteikdami prabangos kasdienei veiklai.<\/p>\n<p>D\u0117l kompakti\u0161k\u0173 matmen\u0173 \u2013 45 cm plo\u010dio, 32 cm gylio ir 100 cm auk\u0161\u010dio \u2013 spintel\u0117 puikiai tinka tiek ma\u017eesn\u0117ms, tiek didesn\u0117ms virtuv\u0117ms. Tai idealus pasirinkimas tiems, kurie vertina maksimali\u0105 erdv\u0119 ir eleganti\u0161k\u0105 dizain\u0105. Paverskite savo virtuv\u0119 vieta, kuria mielai rodysite savo sve\u010diams!<\/p>","protected":false},"excerpt":{"rendered":"<p>Plotis (cm): 45<br \/>\n\u016agis (cm): 100<br \/>\nGylis (cm): 32<\/p>","protected":false},"featured_media":157433,"comment_status":"open","ping_status":"open","template":"","meta":[],"product_brand":[],"product_cat":[9436,4106],"product_tag":[],"class_list":{"0":"post-157432","1":"product","2":"type-product","3":"status-publish","4":"has-post-thumbnail","6":"product_cat-kitchen-system-sorento","7":"product_cat-gala-meble","9":"first","10":"instock","11":"purchasable","12":"product-type-simple"},"_links":{"self":[{"href":"https:\/\/baldumarket.lt\/lt\/wp-json\/wp\/v2\/product\/157432","targetHints":{"allow":["GET"]}}],"collection":[{"href":"https:\/\/baldumarket.lt\/lt\/wp-json\/wp\/v2\/product"}],"about":[{"href":"https:\/\/baldumarket.lt\/lt\/wp-json\/wp\/v2\/types\/product"}],"replies":[{"embeddable":true,"href":"https:\/\/baldumarket.lt\/lt\/wp-json\/wp\/v2\/comments?post=157432"}],"wp:featuredmedia":[{"embeddable":true,"href":"https:\/\/baldumarket.lt\/lt\/wp-json\/wp\/v2\/media\/157433"}],"wp:attachment":[{"href":"https:\/\/baldumarket.lt\/lt\/wp-json\/wp\/v2\/media?parent=157432"}],"wp:term":[{"taxonomy":"product_brand","embeddable":true,"href":"https:\/\/baldumarket.lt\/lt\/wp-json\/wp\/v2\/product_brand?post=157432"},{"taxonomy":"product_cat","embeddable":true,"href":"https:\/\/baldumarket.lt\/lt\/wp-json\/wp\/v2\/product_cat?post=157432"},{"taxonomy":"product_tag","embeddable":true,"href":"https:\/\/baldumarket.lt\/lt\/wp-json\/wp\/v2\/product_tag?post=157432"}],"curies":[{"name":"wp","href":"https:\/\/api.w.org\/{rel}","templated":true}]}}