{"id":157424,"date":"2025-12-18T23:29:49","date_gmt":"2025-12-18T20:29:49","guid":{"rendered":"https:\/\/baldumarket.lt\/product\/szafka-kuchenna-gorna-1d-sorento-g60-p-l-baltic-storm\/"},"modified":"2026-02-18T11:09:01","modified_gmt":"2026-02-18T08:09:01","slug":"szafka-kuchenna-gorna-1d-sorento-g60-p-l-baltic-storm","status":"publish","type":"product","link":"https:\/\/baldumarket.lt\/lt\/product\/szafka-kuchenna-gorna-1d-sorento-g60-p-l-baltic-storm\/","title":{"rendered":"Vir\u0161utin\u0117 virtuv\u0117s spintel\u0117 1D Sorento G60 P\/L Baltic Storm"},"content":{"rendered":"<p>\u201eSorento G60 P\/L\u201c \u201eBaltic Storm\u201c vieneri\u0173 dur\u0173 vir\u0161utin\u0117 virtuv\u0117s spintel\u0117 \u2013 tai eleganti\u0161kas baldas, kuris j\u016bs\u0173 virtuvei suteiks modernaus stiliaus ir funkcionalumo. Subtilus \u201eBaltic Storm\u201c atspalvis puikiai der\u0117s prie \u012fvairi\u0173 interjer\u0173, suteikdamas bet kuriai erdvei unikalaus charakterio. D\u0117l harmoningos laminato apdailos spintel\u0117 spinduliuoja modernia, ak\u012f traukian\u010dia i\u0161vaizda ir neabejotinai taps bet kurios virtuv\u0117s traukos centru.<\/p>\n<p>Funkcionalumas yra s\u0117kmingo virtuv\u0117s dizaino raktas, o vien\u0173 dur\u0173 vir\u0161utin\u0117 virtuv\u0117s spintel\u0117 i\u0161siskiria savo apgalvotu dizainu. Jos matmenys \u2013 60 cm plo\u010dio, 100 cm auk\u0161\u010dio ir 32 cm gylio \u2013 puikiai tinka \u012fvairiems virtuv\u0117s i\u0161planavimams ir suteikia daug vietos b\u016btiniausiems daiktams laikyti. Dvi reguliuojamo auk\u0161\u010dio lentynos spintel\u0117s viduje suteikia lankst\u0173 organizavim\u0105, leid\u017eiant\u012f pritaikyti erdv\u0119 pagal savo asmeninius poreikius. Kiekvienas kampelis bus puikiai i\u0161naudotas.<\/p>\n<p>Spintel\u0117 buvo sukurta galvojant apie naudotojus, naudojant u\u017espaud\u017eiamus vyrius su \u0161velnaus u\u017edarymo sistema. \u0160i inovatyvi technologija ne tik u\u017etikrina naudojimo patogum\u0105, bet ir suteikia elegancijos d\u0117l sklandaus dureli\u0173 u\u017edarymo. Galimyb\u0117 montuoti dureles de\u0161in\u0117je arba kair\u0117je pus\u0117je daro spintel\u0119 itin universali\u0105, tod\u0117l j\u0105 lengva pritaikyti prie konkre\u010di\u0173 j\u016bs\u0173 virtuv\u0117s erdv\u0117s poreiki\u0173.<\/p>\n<p>Papildomas privalumas yra savaranki\u0161kas surinkimas, tod\u0117l vir\u0161utin\u0117 virtuv\u0117s spintel\u0117 yra idealus sprendimas tiems, kurie vertina patogum\u0105 ir taupo laik\u0105. Komplekte yra reguliuojami pakabos ir tvirtinimo juostel\u0117, supaprastinantys vis\u0105 proces\u0105. Galite lengvai papildyti savo virtuv\u0119 baldu, kuris ne tik puikiai atrodo, bet ir atlieka \u012fvairius praktinius tikslus.<\/p>\n<p>Trumpai tariant, \u201eSorento G60 P\/L Baltic Storm\u201c vien\u0173 dur\u0173 vir\u0161utin\u0117 virtuv\u0117s spintel\u0117 yra tobulas modernaus dizaino ir funkcionalumo derinys. Stilinga i\u0161vaizda ir gerai apgalvotas dizainas daro j\u0105 puikiu pasirinkimu visiems, ie\u0161kantiems eleganti\u0161kos ir prakti\u0161kos virtuv\u0117s. Vir\u0161ykite savo l\u016bkes\u010dius erdv\u0117s organizavimo srityje ir m\u0117gaukit\u0117s \u0161io unikalaus baldo gro\u017eiu.<\/p>","protected":false},"excerpt":{"rendered":"<p>Plotis (cm): 60<br \/>\n\u016agis (cm): 100<br \/>\nGylis (cm): 32<\/p>","protected":false},"featured_media":157425,"comment_status":"open","ping_status":"open","template":"","meta":[],"product_brand":[],"product_cat":[9436,4106],"product_tag":[],"class_list":{"0":"post-157424","1":"product","2":"type-product","3":"status-publish","4":"has-post-thumbnail","6":"product_cat-kitchen-system-sorento","7":"product_cat-gala-meble","9":"first","10":"instock","11":"purchasable","12":"product-type-simple"},"_links":{"self":[{"href":"https:\/\/baldumarket.lt\/lt\/wp-json\/wp\/v2\/product\/157424","targetHints":{"allow":["GET"]}}],"collection":[{"href":"https:\/\/baldumarket.lt\/lt\/wp-json\/wp\/v2\/product"}],"about":[{"href":"https:\/\/baldumarket.lt\/lt\/wp-json\/wp\/v2\/types\/product"}],"replies":[{"embeddable":true,"href":"https:\/\/baldumarket.lt\/lt\/wp-json\/wp\/v2\/comments?post=157424"}],"wp:featuredmedia":[{"embeddable":true,"href":"https:\/\/baldumarket.lt\/lt\/wp-json\/wp\/v2\/media\/157425"}],"wp:attachment":[{"href":"https:\/\/baldumarket.lt\/lt\/wp-json\/wp\/v2\/media?parent=157424"}],"wp:term":[{"taxonomy":"product_brand","embeddable":true,"href":"https:\/\/baldumarket.lt\/lt\/wp-json\/wp\/v2\/product_brand?post=157424"},{"taxonomy":"product_cat","embeddable":true,"href":"https:\/\/baldumarket.lt\/lt\/wp-json\/wp\/v2\/product_cat?post=157424"},{"taxonomy":"product_tag","embeddable":true,"href":"https:\/\/baldumarket.lt\/lt\/wp-json\/wp\/v2\/product_tag?post=157424"}],"curies":[{"name":"wp","href":"https:\/\/api.w.org\/{rel}","templated":true}]}}